{"id":2739,"date":"2018-05-22T12:46:29","date_gmt":"2018-05-22T10:46:29","guid":{"rendered":"http:\/\/ksiegarnia-akademicka.pl\/index.php\/product\/wstep-do-psychoanalizy\/"},"modified":"2022-12-01T09:55:18","modified_gmt":"2022-12-01T08:55:18","slug":"wstep-do-psychoanalizy","status":"publish","type":"product","link":"https:\/\/ksiegarnia-akademicka.pl\/index.php\/product\/wstep-do-psychoanalizy\/","title":{"rendered":"Wst\u0119p do psychoanalizy"},"content":{"rendered":"<p>Nale\u017cy do serii:<br \/>\nMEANDRY KULTURY<br \/>\nAutor:<br \/>\nZygmunt Freud<br \/>\nT\u0142umacze: Kempner\u00f3wna Salomea, Zaniewicki Witold<br \/>\nWydawca: Vis-a-vis \/ Etiuda<br \/>\nOprawa: Mi\u0119kka<br \/>\nFormat: 12.4&#215;19.5cm<br \/>\nLiczba stron: 480<br \/>\nWydanie: 1<br \/>\nRok wydania: 2022<br \/>\nJ\u0119zyk wydania: polski<\/p>\n<p>Zygmunt Freud (1856-1939) \u2013 austriacki psycholog, psychoterapeuta, neurolog, neuropatolog, tw\u00f3rca psychoanalizy i psychologii g\u0142\u0119bi, bodaj jedna z najwa\u017cniejszych postaci w nauce o cz\u0142owieku. W zasadzie nie by\u0142oby wsp\u00f3\u0142czesnej psychologii bez freudyzmu, cho\u0107 wiele z jego tez zosta\u0142o zweryfikowanych czy wr\u0119cz prawie ca\u0142kowicie odrzuconych.<br \/>\nPochodzi\u0142 z rodziny \u017cydowskiej i pozostawa\u0142 ca\u0142e \u017cycie wierny kulturze \u2013 cho\u0107 nie religii \u2013 \u017cydowskiej, uleg\u0142 jednak w m\u0142odo\u015bci wp\u0142ywowi kaba\u0142y. Studiowa\u0142 medycyn\u0119, przede wszystkim neurologi\u0119 na Uniwersytecie Wiede\u0144skim. By\u0142 wr\u0119cz fanatycznym zwolennikiem nauk przyrodniczych w duchu materialistycznym. Zajmowa\u0142 si\u0119 histeri\u0105, pracowa\u0142 nad hipnoz\u0105, stworzy\u0142 koncepcj\u0119 pod\u015bwiadomo\u015bci (nie\u015bwiadomo\u015bci), na kt\u00f3r\u0105 sk\u0142ada si\u0119 id, ego i superego. Obok czynnika erotycznego w \u017cyciu psychicznym cz\u0142owieka uzna\u0142 r\u00f3wnie\u017c rol\u0119 si\u0142y pop\u0119du \u015bmierci \u2013 Thanatosa. Pop\u0119dowi seksualnemu przyznawa\u0142 jednak g\u0142\u00f3wn\u0105 rol\u0119 w \u017cyciu psychicznym cz\u0142owieka, dopatruj\u0105c si\u0119 go ju\u017c tak\u017ce u dzieci \u2013 jedno i drugie by\u0142o twierdzeniem wr\u0119cz skandalicznym w tamtych czasach. Jednocze\u015bnie Freud zaj\u0105\u0142 si\u0119 dynamik\u0105 powstawania marze\u0144 sennych, w kt\u00f3rych widzia\u0142 zar\u00f3wno kr\u00f3lewsk\u0105 drog\u0119 do psyche nie\u015bwiadomej, jak i funkcj\u0119 spe\u0142niania pragnie\u0144 cz\u0142owieka.<br \/>\nRewolucja freudowska \u2013 mimo wszelkiej schizmy w ruchu psychoanalitycznym \u2013 zrobi\u0142a osza\u0142amiaj\u0105c\u0105 karier\u0119 ju\u017c w Europie, ale przede wszystkim w Ameryce, gdzie podobnie jak dobry katolik powinien mie\u0107 swego spowiednika, tak ka\u017cdy szanuj\u0105cy si\u0119 cz\u0142owiek musi mie\u0107 swojego freudowskiego psychoanalityka.<br \/>\nCzy dzisiejszy czytelnik ma dostateczn\u0105 wiedz\u0119 o Freudzie i psychoanalizie? Nie nam ocenia\u0107. Niew\u0105tpliwie jednak by pozna\u0107 teori\u0119 Freuda wato si\u0119gn\u0105\u0107 po Wst\u0119p do psychoanalizy dostarcza ono bowiem kompendium wiedzy na temat psychoanalizy, a zatem po\u015brednio tak\u017ce ca\u0142ej p\u00f3\u017aniejszej psychologii (cho\u0107by nawet rozwijaj\u0105cej si\u0119 w opozycji do Freuda). Ksi\u0105\u017cka zawiera 28 wyk\u0142ad\u00f3w wyg\u0142oszonych przez Freuda w latach 1915-17 na Uniwersytecie Wiede\u0144skim. Podzielona jest na 3 cz\u0119\u015bci: Czynno\u015bci pomy\u0142kowe, Marzenia senne i Nauka og\u00f3lna o nerwicach.<\/p>\n","protected":false},"excerpt":{"rendered":"<p>Nale\u017cy do serii: MEANDRY KULTURY Autor: Zygmunt Freud T\u0142umacze: Kempner\u00f3wna [&hellip;]<\/p>\n","protected":false},"featured_media":15861,"template":"","meta":[],"product_brand":[],"product_cat":[27,7509],"product_tag":[5112,1186],"class_list":{"0":"post-2739","1":"product","2":"type-product","3":"status-publish","4":"has-post-thumbnail","6":"product_cat-nauki-spoleczne","7":"product_cat-psychologia","8":"product_tag-psychoanaliza","9":"product_tag-psychologia","11":"first","12":"instock","13":"sale","14":"shipping-taxable","15":"purchasable","16":"product-type-simple"},"_links":{"self":[{"href":"https:\/\/ksiegarnia-akademicka.pl\/index.php\/wp-json\/wp\/v2\/product\/2739","targetHints":{"allow":["GET"]}}],"collection":[{"href":"https:\/\/ksiegarnia-akademicka.pl\/index.php\/wp-json\/wp\/v2\/product"}],"about":[{"href":"https:\/\/ksiegarnia-akademicka.pl\/index.php\/wp-json\/wp\/v2\/types\/product"}],"wp:featuredmedia":[{"embeddable":true,"href":"https:\/\/ksiegarnia-akademicka.pl\/index.php\/wp-json\/wp\/v2\/media\/15861"}],"wp:attachment":[{"href":"https:\/\/ksiegarnia-akademicka.pl\/index.php\/wp-json\/wp\/v2\/media?parent=2739"}],"wp:term":[{"taxonomy":"product_brand","embeddable":true,"href":"https:\/\/ksiegarnia-akademicka.pl\/index.php\/wp-json\/wp\/v2\/product_brand?post=2739"},{"taxonomy":"product_cat","embeddable":true,"href":"https:\/\/ksiegarnia-akademicka.pl\/index.php\/wp-json\/wp\/v2\/product_cat?post=2739"},{"taxonomy":"product_tag","embeddable":true,"href":"https:\/\/ksiegarnia-akademicka.pl\/index.php\/wp-json\/wp\/v2\/product_tag?post=2739"}],"curies":[{"name":"wp","href":"https:\/\/api.w.org\/{rel}","templated":true}]}}