{"id":2722,"date":"2018-05-22T12:46:27","date_gmt":"2018-05-22T10:46:27","guid":{"rendered":"http:\/\/ksiegarnia-akademicka.pl\/index.php\/product\/wybrane-zagadnienia-logistyczne-w-zapewnieniu-jakosci-towarow\/"},"modified":"2019-01-02T10:49:30","modified_gmt":"2019-01-02T09:49:30","slug":"wybrane-zagadnienia-logistyczne-w-zapewnieniu-jakosci-towarow","status":"publish","type":"product","link":"https:\/\/ksiegarnia-akademicka.pl\/index.php\/product\/wybrane-zagadnienia-logistyczne-w-zapewnieniu-jakosci-towarow\/","title":{"rendered":"Wybrane zagadnienia logistyczne w zapewnieniu jakosci towar\u00f3w"},"content":{"rendered":"<p>Jerzy \u017buchowski (red.), Ryszard Zieli\u0144ski (red.)<br \/>\nWydawnictwo UTH<br \/>\nRadom 2010<\/p>\n","protected":false},"excerpt":{"rendered":"<p>Jerzy \u017buchowski (red.), Ryszard Zieli\u0144ski (red.) Wydawnictwo UTH Radom 2010<\/p>\n","protected":false},"featured_media":9647,"template":"","meta":[],"product_brand":[],"product_cat":[30,7512],"product_tag":[5091,5099],"class_list":{"0":"post-2722","1":"product","2":"type-product","3":"status-publish","4":"has-post-thumbnail","6":"product_cat-zarzadzanie","7":"product_cat-zarzadzanie-jakoscia","8":"product_tag-materialy-konferencyjne","9":"product_tag-towaroznawstwo-w-nauce-i-praktyce","11":"first","12":"instock","13":"shipping-taxable","14":"purchasable","15":"product-type-simple"},"_links":{"self":[{"href":"https:\/\/ksiegarnia-akademicka.pl\/index.php\/wp-json\/wp\/v2\/product\/2722","targetHints":{"allow":["GET"]}}],"collection":[{"href":"https:\/\/ksiegarnia-akademicka.pl\/index.php\/wp-json\/wp\/v2\/product"}],"about":[{"href":"https:\/\/ksiegarnia-akademicka.pl\/index.php\/wp-json\/wp\/v2\/types\/product"}],"wp:featuredmedia":[{"embeddable":true,"href":"https:\/\/ksiegarnia-akademicka.pl\/index.php\/wp-json\/wp\/v2\/media\/9647"}],"wp:attachment":[{"href":"https:\/\/ksiegarnia-akademicka.pl\/index.php\/wp-json\/wp\/v2\/media?parent=2722"}],"wp:term":[{"taxonomy":"product_brand","embeddable":true,"href":"https:\/\/ksiegarnia-akademicka.pl\/index.php\/wp-json\/wp\/v2\/product_brand?post=2722"},{"taxonomy":"product_cat","embeddable":true,"href":"https:\/\/ksiegarnia-akademicka.pl\/index.php\/wp-json\/wp\/v2\/product_cat?post=2722"},{"taxonomy":"product_tag","embeddable":true,"href":"https:\/\/ksiegarnia-akademicka.pl\/index.php\/wp-json\/wp\/v2\/product_tag?post=2722"}],"curies":[{"name":"wp","href":"https:\/\/api.w.org\/{rel}","templated":true}]}}