{"id":2673,"date":"2018-05-22T12:46:20","date_gmt":"2018-05-22T10:46:20","guid":{"rendered":"http:\/\/ksiegarnia-akademicka.pl\/index.php\/product\/psychologia-kluczowe-koncepcje-t-1\/"},"modified":"2022-10-06T09:20:11","modified_gmt":"2022-10-06T07:20:11","slug":"psychologia-kluczowe-koncepcje-t-1","status":"publish","type":"product","link":"https:\/\/ksiegarnia-akademicka.pl\/index.php\/product\/psychologia-kluczowe-koncepcje-t-1\/","title":{"rendered":"Psychologia Kluczowe koncepcje t.1 Podstawy psychologii"},"content":{"rendered":"<p>Autor:<br \/>\nVivian McCann<br \/>\nRobert Johnson<br \/>\nPhilip Zimbardo<br \/>\nWydawca: Wydawnictwo Naukowe PWN<br \/>\nOprawa: Mi\u0119kka<br \/>\nFormat: 16.5&#215;23.5cm<br \/>\nLiczba stron: 308<br \/>\nWydanie: 2<br \/>\nRok wydania: 2022<br \/>\nJ\u0119zyk wydania: polski<\/p>\n<p>Psychologia. Kluczowe koncepcje to pi\u0119\u0107 tom\u00f3w solidnej wiedzy psychologicznej, podanej w niezwykle przyst\u0119pny i przyjazny spos\u00f3b. Nowe wydanie zosta\u0142o zaktualizowane o wyniki bada\u0144 z ostatnich lat oraz najbardziej aktualne zagadnienia. Podr\u0119cznik ten mo\u017ce s\u0142u\u017cy\u0107 zar\u00f3wno studentom, jak i entuzjastom psychologii. Philip Zimbardo, zwany \u201etwarz\u0105 i g\u0142osem psychologii\u201d, wraz z Robertem Johnsonem i Vivian McCann przybli\u017caj\u0105 Czytelnikom podstawowe teorie i poj\u0119cia psychologii. Struktur\u0119 podr\u0119cznika Autorzy zaplanowali tak, by u\u0142atwia\u0142a uczenie si\u0119 i zapami\u0119tywanie materia\u0142u, a tak\u017ce zach\u0119ca\u0142a do krytycznego my\u015blenia. Liczne przyk\u0142ady, \u0107wiczenia i zadania pozwalaj\u0105 odnie\u015b\u0107 wiedz\u0119 psychologiczn\u0105 do w\u0142asnego do\u015bwiadczenia i dostrzec jej zastosowania w codziennym \u017cyciu.<br \/>\nW tomie I, Podstawy psychologii, Czytelnicy znajd\u0105 odpowiedzi na pytania:<br \/>\nW jaki spos\u00f3b psycholodzy tworz\u0105 now\u0105 wiedz\u0119?<br \/>\nJak przebiega komunikacja wewn\u0105trz organizmu?<br \/>\nW jaki spos\u00f3b s\u0105 powi\u0105zane ze sob\u0105 geny i zachowanie?<br \/>\nJak m\u00f3zg generuje zachowanie i procesy umys\u0142owe?<br \/>\nPrzed jakimi wyzwaniami rozwojowymi staj\u0105 dzieci, m\u0142odzie\u017c, doro\u015bli?<br \/>\nAutorzy obja\u015bniaj\u0105 podstawowe poj\u0119cia z zakresu psychologii, t\u0142umacz\u0105 jak odr\u00f3\u017cni\u0107 psychologi\u0119 naukow\u0105 od pseudonauki, wyja\u015bniaj\u0105 przebieg procesu badawczego w tej dyscyplinie. Nast\u0119pnie przybli\u017caj\u0105 wiedz\u0119 dotycz\u0105c\u0105 budowy i funkcji uk\u0142adu nerwowego oraz szczeg\u00f3\u0142owo opisuj\u0105 rozw\u00f3j psychiczny cz\u0142owieka na wszystkich etapach \u017cycia.<br \/>\nCzytelnik dowie si\u0119 tak\u017ce, jak wykorzystuj\u0105c krytyczne my\u015blenie, rozstrzyga\u0107 kontrowersyjne zagadnienia: czy szczepienie dzieci podnosi ryzyko autyzmu? Czy \u201eefekt Mozarta\u201d naprawd\u0119 dzia\u0142a?<\/p>\n","protected":false},"excerpt":{"rendered":"<p>Autor: Vivian McCann Robert Johnson Philip Zimbardo Wydawca: Wydawnictwo Naukowe [&hellip;]<\/p>\n","protected":false},"featured_media":14137,"template":"","meta":[],"product_brand":[],"product_cat":[27,7509],"product_tag":[1186,1659],"class_list":{"0":"post-2673","1":"product","2":"type-product","3":"status-publish","4":"has-post-thumbnail","6":"product_cat-nauki-spoleczne","7":"product_cat-psychologia","8":"product_tag-psychologia","9":"product_tag-psychoterapia","11":"first","12":"instock","13":"sale","14":"shipping-taxable","15":"purchasable","16":"product-type-simple"},"_links":{"self":[{"href":"https:\/\/ksiegarnia-akademicka.pl\/index.php\/wp-json\/wp\/v2\/product\/2673","targetHints":{"allow":["GET"]}}],"collection":[{"href":"https:\/\/ksiegarnia-akademicka.pl\/index.php\/wp-json\/wp\/v2\/product"}],"about":[{"href":"https:\/\/ksiegarnia-akademicka.pl\/index.php\/wp-json\/wp\/v2\/types\/product"}],"wp:featuredmedia":[{"embeddable":true,"href":"https:\/\/ksiegarnia-akademicka.pl\/index.php\/wp-json\/wp\/v2\/media\/14137"}],"wp:attachment":[{"href":"https:\/\/ksiegarnia-akademicka.pl\/index.php\/wp-json\/wp\/v2\/media?parent=2673"}],"wp:term":[{"taxonomy":"product_brand","embeddable":true,"href":"https:\/\/ksiegarnia-akademicka.pl\/index.php\/wp-json\/wp\/v2\/product_brand?post=2673"},{"taxonomy":"product_cat","embeddable":true,"href":"https:\/\/ksiegarnia-akademicka.pl\/index.php\/wp-json\/wp\/v2\/product_cat?post=2673"},{"taxonomy":"product_tag","embeddable":true,"href":"https:\/\/ksiegarnia-akademicka.pl\/index.php\/wp-json\/wp\/v2\/product_tag?post=2673"}],"curies":[{"name":"wp","href":"https:\/\/api.w.org\/{rel}","templated":true}]}}