{"id":2607,"date":"2018-05-22T12:46:11","date_gmt":"2018-05-22T10:46:11","guid":{"rendered":"http:\/\/ksiegarnia-akademicka.pl\/index.php\/product\/miedzynarodowe-stosunki-ekonomiczne-gospodarcze-wyzwania-xxi-wieku\/"},"modified":"2020-11-17T09:15:02","modified_gmt":"2020-11-17T08:15:02","slug":"miedzynarodowe-stosunki-ekonomiczne-gospodarcze-wyzwania-xxi-wieku","status":"publish","type":"product","link":"https:\/\/ksiegarnia-akademicka.pl\/index.php\/product\/miedzynarodowe-stosunki-ekonomiczne-gospodarcze-wyzwania-xxi-wieku\/","title":{"rendered":"Mi\u0119dzynarodowe stosunki gospodarcze w XXI wieku Poszukiwanie r\u00f3wnowagi"},"content":{"rendered":"<p>Autor:<br \/>\nEulalia Skawi\u0144ska<br \/>\nWydawca: CeDeWu<br \/>\nOprawa: Mi\u0119kka<br \/>\nFormat: 16.5&#215;23.5cm<br \/>\nLiczba stron: 264<br \/>\nWydanie: 1<br \/>\nRok wydania: 2020<br \/>\nJ\u0119zyk wydania: polski<\/p>\n<p>Przekszta\u0142cenia globalnych si\u0142 gospodarczych i wci\u0105\u017c rosn\u0105ca konkurencja podmiot\u00f3w na \u015bwiecie o czynniki produkcji oraz rynki zbytu, stwarzaj\u0105 wyzwania w kszta\u0142towaniu si\u0119 nowych mi\u0119dzynarodowych stosunk\u00f3w gospodarczych (MSG). Zmiany dotychczasowych MSG w kierunku zr\u00f3wnowa\u017conego i trwa\u0142ego rozwoju (ZiTR) gospodarki \u015bwiatowej s\u0105 jednak wci\u0105\u017c za ma\u0142e w stosunku do oczekiwa\u0144 spo\u0142ecze\u0144stw. Nowatorska koncepcja przedstawianego podr\u0119cznika wynika nie tylko z idei rozwoju tych stosunk\u00f3w w kierunku bardziej zr\u00f3wnowa\u017conych, jako warunku ZiTR, ale r\u00f3wnie\u017c z innowacyjnej struktury jego tre\u015bci.<\/p>\n<p>Ksi\u0105\u017ck\u0119 adresujemy przede wszystkim do student\u00f3w wszystkich kierunk\u00f3w oraz praktyk\u00f3w, kt\u00f3rych interesuj\u0105 problemy globalne. M\u0142ody Czytelniku, studencie, przedsi\u0119biorco, polityku, zapraszamy do lektury tej ksi\u0105\u017cki i dyskusji nad rozwi\u0105zywaniem nowych problem\u00f3w MSG w nurcie alternatywnej teorii ekonomii zr\u00f3wnowa\u017conego rozwoju. Przes\u0142anie Autor\u00f3w do odbiorcy pracy brzmi: przeczytaj, przemy\u015bl i podejmij pr\u00f3b\u0119 odpowiedzi na wynikaj\u0105ce z jej tre\u015bci pytania. W refleksji nad g\u0142\u00f3wnymi tezami ksi\u0105\u017cki, sformu\u0142uj nowe zagadnienia dotycz\u0105ce Twoich mo\u017cliwo\u015bci uczestnictwa w ograniczaniu istniej\u0105cych i mo\u017cliwych do wyst\u0105pienia nowych zagro\u017ce\u0144 dotycz\u0105cych budowy zr\u00f3wnowa\u017conych MSG. Autorzy w ka\u017cdym rozdziale podr\u0119cznika stawiaj\u0105 wa\u017cne pytania, tote\u017c z pewno\u015bci\u0105 zaciekawi Czytelnika ich stanowisko w zakresie proponowanych mechanizm\u00f3w rozwi\u0105za\u0144.<\/p>\n<p>Ponadto interesuj\u0105ca w tym opracowaniu monograficznym jest prezentacja w zakresie:<br \/>\n&#8211; dotychczasowego stanu wiedzy odno\u015bnie do g\u0142\u00f3wnych aspekt\u00f3w MSG,<br \/>\n&#8211; pozycji UE i Polski w przep\u0142ywach handlowych towar\u00f3w, us\u0142ug, pracy i kapita\u0142u,<br \/>\n&#8211; perspektywy kszta\u0142towania MSG stymuluj\u0105cych zr\u00f3wnowa\u017cony spo\u0142eczno-gospodarczo-ekologiczny rozw\u00f3j,<br \/>\n&#8211; kierunku poprawy istniej\u0105cych i tworzenia innych rozwi\u0105za\u0144 instytucjonalnych,<br \/>\n&#8211; nowych informacji, kt\u00f3re mog\u0105 by\u0107 przydatne Czytelnikowi w formu\u0142owaniu strategii zr\u00f3wnowa\u017conego rozwoju podmiot\u00f3w gospodarczych na r\u00f3\u017cnych poziomach funkcjonowania.<\/p>\n","protected":false},"excerpt":{"rendered":"<p>Autor: Eulalia Skawi\u0144ska Wydawca: CeDeWu Oprawa: Mi\u0119kka Format: 16.5&#215;23.5cm Liczba [&hellip;]<\/p>\n","protected":false},"featured_media":13550,"template":"","meta":[],"product_brand":[],"product_cat":[26],"product_tag":[5020,537],"class_list":{"0":"post-2607","1":"product","2":"type-product","3":"status-publish","4":"has-post-thumbnail","6":"product_cat-miedzynarodowe-stosunki-gospodarcze","7":"product_tag-miedzynarodowe-stosunki-ekonomiczne","8":"product_tag-miedzynarodowe-stosunki-gospodarcze","10":"first","11":"instock","12":"sale","13":"shipping-taxable","14":"purchasable","15":"product-type-simple"},"_links":{"self":[{"href":"https:\/\/ksiegarnia-akademicka.pl\/index.php\/wp-json\/wp\/v2\/product\/2607","targetHints":{"allow":["GET"]}}],"collection":[{"href":"https:\/\/ksiegarnia-akademicka.pl\/index.php\/wp-json\/wp\/v2\/product"}],"about":[{"href":"https:\/\/ksiegarnia-akademicka.pl\/index.php\/wp-json\/wp\/v2\/types\/product"}],"wp:featuredmedia":[{"embeddable":true,"href":"https:\/\/ksiegarnia-akademicka.pl\/index.php\/wp-json\/wp\/v2\/media\/13550"}],"wp:attachment":[{"href":"https:\/\/ksiegarnia-akademicka.pl\/index.php\/wp-json\/wp\/v2\/media?parent=2607"}],"wp:term":[{"taxonomy":"product_brand","embeddable":true,"href":"https:\/\/ksiegarnia-akademicka.pl\/index.php\/wp-json\/wp\/v2\/product_brand?post=2607"},{"taxonomy":"product_cat","embeddable":true,"href":"https:\/\/ksiegarnia-akademicka.pl\/index.php\/wp-json\/wp\/v2\/product_cat?post=2607"},{"taxonomy":"product_tag","embeddable":true,"href":"https:\/\/ksiegarnia-akademicka.pl\/index.php\/wp-json\/wp\/v2\/product_tag?post=2607"}],"curies":[{"name":"wp","href":"https:\/\/api.w.org\/{rel}","templated":true}]}}