{"id":2606,"date":"2018-05-22T12:46:11","date_gmt":"2018-05-22T10:46:11","guid":{"rendered":"http:\/\/ksiegarnia-akademicka.pl\/index.php\/product\/nauka-o-panstwie-wspolczesnym\/"},"modified":"2020-10-28T08:54:21","modified_gmt":"2020-10-28T07:54:21","slug":"nauka-o-panstwie-wspolczesnym","status":"publish","type":"product","link":"https:\/\/ksiegarnia-akademicka.pl\/index.php\/product\/nauka-o-panstwie-wspolczesnym\/","title":{"rendered":"Nauka o pa\u0144stwie wsp\u00f3\u0142czesnym"},"content":{"rendered":"<p>PODR\u0118CZNIKI LEXISNEXIS<br \/>\nAutor:<br \/>\nStanis\u0142aw Sagan<br \/>\nViktoriya Serzhanova<br \/>\nWydawca: LexisNexis<br \/>\nOprawa: Mi\u0119kka<br \/>\nFormat: 14.5&#215;20.5cm<br \/>\nLiczba stron: 232<br \/>\nWydanie: 1<br \/>\nRok wydania: 2010<\/p>\n<p>Nauka o pa\u0144stwie wsp\u00f3\u0142czesnym przedstawia podstawowe problemy wsp\u00f3\u0142czesnego pa\u0144stwa, zagadnienia dotycz\u0105ce jego organizacji i funkcjonowania. Omawia m.in. nazwy pa\u0144stw wsp\u00f3\u0142czesnych, ich symbolik\u0119, formy, organizacj\u0119 i funkcjonowanie w\u0142adzy pa\u0144stwowej, formy wsp\u00f3\u0142dzia\u0142ania pa\u0144stwa z innymi podmiotami (organizacjami spo\u0142ecznymi, partiami politycznymi, ko\u015bcio\u0142ami, zwi\u0105zkami zawodowymi itp.), poj\u0119cie racji stanu, relacje mi\u0119dzy pa\u0144stwem narodowym a procesami integracji i globalizacji.<\/p>\n<p>Ksi\u0105\u017cka przeznaczona jest dla student\u00f3w, doktorant\u00f3w i wyk\u0142adowc\u00f3w kierunk\u00f3w: prawa, administracji, stosunk\u00f3w mi\u0119dzynarodowych, europeistyki i politologii oraz pokrewnych.<\/p>\n<p>W celu u\u0142atwienia nauki wprowadzono dodatkowe pogrubienia podkre\u015blaj\u0105ce wa\u017cne partie materia\u0142u, piktogramy u\u0142atwiaj\u0105ce odnalezienie istotnych fragment\u00f3w oraz numery boczne umo\u017cliwiaj\u0105ce szybkie odnalezienie w ksi\u0105\u017cce poj\u0119\u0107 z indeksu.<\/p>\n","protected":false},"excerpt":{"rendered":"<p>PODR\u0118CZNIKI LEXISNEXIS Autor: Stanis\u0142aw Sagan Viktoriya Serzhanova Wydawca: LexisNexis Oprawa: [&hellip;]<\/p>\n","protected":false},"featured_media":7994,"template":"","meta":[],"product_brand":[],"product_cat":[7492,18],"product_tag":[5019,3240,1245,485],"class_list":{"0":"post-2606","1":"product","2":"type-product","3":"status-publish","4":"has-post-thumbnail","6":"product_cat-administracyjne","7":"product_cat-prawo","8":"product_tag-panstwa-wspolczesne","9":"product_tag-panstwo","10":"product_tag-partie-polityczne","11":"product_tag-prawo-administracyjne","13":"first","14":"instock","15":"sale","16":"shipping-taxable","17":"purchasable","18":"product-type-simple"},"_links":{"self":[{"href":"https:\/\/ksiegarnia-akademicka.pl\/index.php\/wp-json\/wp\/v2\/product\/2606","targetHints":{"allow":["GET"]}}],"collection":[{"href":"https:\/\/ksiegarnia-akademicka.pl\/index.php\/wp-json\/wp\/v2\/product"}],"about":[{"href":"https:\/\/ksiegarnia-akademicka.pl\/index.php\/wp-json\/wp\/v2\/types\/product"}],"wp:featuredmedia":[{"embeddable":true,"href":"https:\/\/ksiegarnia-akademicka.pl\/index.php\/wp-json\/wp\/v2\/media\/7994"}],"wp:attachment":[{"href":"https:\/\/ksiegarnia-akademicka.pl\/index.php\/wp-json\/wp\/v2\/media?parent=2606"}],"wp:term":[{"taxonomy":"product_brand","embeddable":true,"href":"https:\/\/ksiegarnia-akademicka.pl\/index.php\/wp-json\/wp\/v2\/product_brand?post=2606"},{"taxonomy":"product_cat","embeddable":true,"href":"https:\/\/ksiegarnia-akademicka.pl\/index.php\/wp-json\/wp\/v2\/product_cat?post=2606"},{"taxonomy":"product_tag","embeddable":true,"href":"https:\/\/ksiegarnia-akademicka.pl\/index.php\/wp-json\/wp\/v2\/product_tag?post=2606"}],"curies":[{"name":"wp","href":"https:\/\/api.w.org\/{rel}","templated":true}]}}