{"id":2584,"date":"2018-05-22T12:46:07","date_gmt":"2018-05-22T10:46:07","guid":{"rendered":"http:\/\/ksiegarnia-akademicka.pl\/index.php\/product\/zarzadzanie-finansowe-bankiem\/"},"modified":"2018-07-13T11:35:38","modified_gmt":"2018-07-13T09:35:38","slug":"zarzadzanie-finansowe-bankiem","status":"publish","type":"product","link":"https:\/\/ksiegarnia-akademicka.pl\/index.php\/product\/zarzadzanie-finansowe-bankiem\/","title":{"rendered":"Zarz\u0105dzanie finansowe bankiem"},"content":{"rendered":"<p>Autor:<br \/>\nMa\u0142gorzata Iwanicz-Drozdowska<br \/>\nWydawca: PWE<br \/>\nOprawa: Mi\u0119kka<br \/>\nFormat: 16.0&#215;23.5cm<br \/>\nLiczba stron: 264<br \/>\nWydanie: 3<br \/>\nRok wydania: 2012<\/p>\n<p>Podr\u0119cznik obejmuje najwa\u017cniejsze zagadnienia zwi\u0105zane z zarz\u0105dzaniem finansowym bankiem ze szczeg\u00f3lnym uwzgl\u0119dnieniem efektywno\u015bci, ryzyka oraz kapita\u0142\u00f3w. Poszczeg\u00f3lne rozdzia\u0142y dotycz\u0105: roli bank\u00f3w i r\u00f3\u017cnych aspekt\u00f3w ich funkcjonowania, sprawozda\u0144 finansowych banku, efektywno\u015bci bank\u00f3w oraz jej pomiaru i zarz\u0105dzania ni\u0105, zarz\u0105dzania ryzykiem bankowym, zarz\u0105dzania kapita\u0142ami bank\u00f3w, zintegrowanego zarz\u0105dzania efektywno\u015bci\u0105 i ryzykiem (modele RORAC\/RAROC). W zwi\u0105zku z kryzysem finansowym z ostatnich lat wiele miejsca po\u015bwi\u0119cono regulacjom maj\u0105cym poprawi\u0107 zarz\u0105dzanie ryzykiem przez banki (m.in. w postaci regulacji Bazylea III). Wszystkie rozdzia\u0142y zosta\u0142y wzbogacone przyk\u0142adami ilustruj\u0105cymi omawiane zagadnienia. <\/p>\n<p>Podr\u0119cznik jest przeznaczony dla student\u00f3w kierunk\u00f3w ekonomicznych, a szczeg\u00f3lnie finans\u00f3w i bankowo\u015bci. Mo\u017ce by\u0107 on r\u00f3wnie\u017c bardzo przydatny dla praktyk\u00f3w bankowych, profesjonalnie zajmuj\u0105cych si\u0119 zarz\u0105dzaniem finansowym.<\/p>\n","protected":false},"excerpt":{"rendered":"<p>Autor: Ma\u0142gorzata Iwanicz-Drozdowska Wydawca: PWE Oprawa: Mi\u0119kka Format: 16.0&#215;23.5cm Liczba [&hellip;]<\/p>\n","protected":false},"featured_media":7869,"template":"","meta":[],"product_brand":[],"product_cat":[20,7503],"product_tag":[411,269,5007],"class_list":{"0":"post-2584","1":"product","2":"type-product","3":"status-publish","4":"has-post-thumbnail","6":"product_cat-bankowosc","7":"product_cat-bankowosc-i-prawo-bankowe","8":"product_tag-bankowosc","9":"product_tag-podrecznik-akademicki","10":"product_tag-zarzadzanie-finansowe","12":"first","13":"instock","14":"sale","15":"shipping-taxable","16":"purchasable","17":"product-type-simple"},"_links":{"self":[{"href":"https:\/\/ksiegarnia-akademicka.pl\/index.php\/wp-json\/wp\/v2\/product\/2584","targetHints":{"allow":["GET"]}}],"collection":[{"href":"https:\/\/ksiegarnia-akademicka.pl\/index.php\/wp-json\/wp\/v2\/product"}],"about":[{"href":"https:\/\/ksiegarnia-akademicka.pl\/index.php\/wp-json\/wp\/v2\/types\/product"}],"wp:featuredmedia":[{"embeddable":true,"href":"https:\/\/ksiegarnia-akademicka.pl\/index.php\/wp-json\/wp\/v2\/media\/7869"}],"wp:attachment":[{"href":"https:\/\/ksiegarnia-akademicka.pl\/index.php\/wp-json\/wp\/v2\/media?parent=2584"}],"wp:term":[{"taxonomy":"product_brand","embeddable":true,"href":"https:\/\/ksiegarnia-akademicka.pl\/index.php\/wp-json\/wp\/v2\/product_brand?post=2584"},{"taxonomy":"product_cat","embeddable":true,"href":"https:\/\/ksiegarnia-akademicka.pl\/index.php\/wp-json\/wp\/v2\/product_cat?post=2584"},{"taxonomy":"product_tag","embeddable":true,"href":"https:\/\/ksiegarnia-akademicka.pl\/index.php\/wp-json\/wp\/v2\/product_tag?post=2584"}],"curies":[{"name":"wp","href":"https:\/\/api.w.org\/{rel}","templated":true}]}}