{"id":2483,"date":"2018-05-22T12:45:53","date_gmt":"2018-05-22T10:45:53","guid":{"rendered":"http:\/\/ksiegarnia-akademicka.pl\/index.php\/product\/analiza-finansowa-przedsiebiorstwa-ujecie-sytuacyjne\/"},"modified":"2018-07-12T11:18:50","modified_gmt":"2018-07-12T09:18:50","slug":"analiza-finansowa-przedsiebiorstwa-ujecie-sytuacyjne","status":"publish","type":"product","link":"https:\/\/ksiegarnia-akademicka.pl\/index.php\/product\/analiza-finansowa-przedsiebiorstwa-ujecie-sytuacyjne\/","title":{"rendered":"Analiza finansowa przedsi\u0119biorstwa. Uj\u0119cie sytuacyjne"},"content":{"rendered":"<p>Miros\u0142aw Hamrol (red.)<br \/>\nWydawnictwo Uniwersytetu Ekonomicznego w Poznaniu<br \/>\nPozna\u0144 2010<br \/>\nWyd. 4 zmienione<\/p>\n","protected":false},"excerpt":{"rendered":"<p>Miros\u0142aw Hamrol (red.) Wydawnictwo Uniwersytetu Ekonomicznego w Poznaniu Pozna\u0144 2010 [&hellip;]<\/p>\n","protected":false},"featured_media":7770,"template":"","meta":[],"product_brand":[],"product_cat":[7516,31],"product_tag":[438,437,918],"class_list":{"0":"post-2483","1":"product","2":"type-product","3":"status-publish","4":"has-post-thumbnail","6":"product_cat-finanse-przedsiebiorstwa","7":"product_cat-przedsiebiorstwo","8":"product_tag-analiza-finansowa","9":"product_tag-finanse-przedsiebiorstwa","10":"product_tag-zarzadzanie-przedsiebiorstwem","12":"first","13":"instock","14":"sale","15":"shipping-taxable","16":"purchasable","17":"product-type-simple"},"_links":{"self":[{"href":"https:\/\/ksiegarnia-akademicka.pl\/index.php\/wp-json\/wp\/v2\/product\/2483","targetHints":{"allow":["GET"]}}],"collection":[{"href":"https:\/\/ksiegarnia-akademicka.pl\/index.php\/wp-json\/wp\/v2\/product"}],"about":[{"href":"https:\/\/ksiegarnia-akademicka.pl\/index.php\/wp-json\/wp\/v2\/types\/product"}],"wp:featuredmedia":[{"embeddable":true,"href":"https:\/\/ksiegarnia-akademicka.pl\/index.php\/wp-json\/wp\/v2\/media\/7770"}],"wp:attachment":[{"href":"https:\/\/ksiegarnia-akademicka.pl\/index.php\/wp-json\/wp\/v2\/media?parent=2483"}],"wp:term":[{"taxonomy":"product_brand","embeddable":true,"href":"https:\/\/ksiegarnia-akademicka.pl\/index.php\/wp-json\/wp\/v2\/product_brand?post=2483"},{"taxonomy":"product_cat","embeddable":true,"href":"https:\/\/ksiegarnia-akademicka.pl\/index.php\/wp-json\/wp\/v2\/product_cat?post=2483"},{"taxonomy":"product_tag","embeddable":true,"href":"https:\/\/ksiegarnia-akademicka.pl\/index.php\/wp-json\/wp\/v2\/product_tag?post=2483"}],"curies":[{"name":"wp","href":"https:\/\/api.w.org\/{rel}","templated":true}]}}