{"id":247,"date":"2018-05-22T12:41:04","date_gmt":"2018-05-22T10:41:04","guid":{"rendered":"http:\/\/ksiegarnia-akademicka.pl\/index.php\/product\/nauka-administracji\/"},"modified":"2023-01-16T11:00:44","modified_gmt":"2023-01-16T10:00:44","slug":"nauka-administracji","status":"publish","type":"product","link":"https:\/\/ksiegarnia-akademicka.pl\/index.php\/product\/nauka-administracji\/","title":{"rendered":"Nauka administracji"},"content":{"rendered":"<p>Zbigniew Leo\u0144ski<br \/>\nWydawca: C.H. Beck<br \/>\nOprawa: Mi\u0119kka<br \/>\nFormat: 14.5&#215;20.5cm<br \/>\nLiczba stron: 172<br \/>\nWydanie: 6<br \/>\nRok wydania: 2016<\/p>\n<p>Podr\u0119cznik Nauka administracji zawiera om\u00f3wienie istotnych zagadnie\u0144 zaliczanych do nauki administracji takich jak:<br \/>\n* geneza nauki administracji,<br \/>\n* metody badawcze stosowane w ramach nauki administracji, oraz<br \/>\n* czynniki kszta\u0142tuj\u0105ce administracj\u0119 publiczn\u0105.<\/p>\n<p>Seria ta stanowi kanon wiedzy niezb\u0119dnej ka\u017cdemu studentowi prawa do zdania egzaminu.<\/p>\n","protected":false},"excerpt":{"rendered":"<p>Zbigniew Leo\u0144ski Wydawca: C.H. Beck Oprawa: Mi\u0119kka Format: 14.5&#215;20.5cm Liczba [&hellip;]<\/p>\n","protected":false},"featured_media":7737,"template":"","meta":[],"product_brand":[],"product_cat":[7492,18],"product_tag":[600,269,485],"class_list":{"0":"post-247","1":"product","2":"type-product","3":"status-publish","4":"has-post-thumbnail","6":"product_cat-administracyjne","7":"product_cat-prawo","8":"product_tag-nauka-administracji","9":"product_tag-podrecznik-akademicki","10":"product_tag-prawo-administracyjne","12":"first","13":"instock","14":"sale","15":"shipping-taxable","16":"purchasable","17":"product-type-simple"},"_links":{"self":[{"href":"https:\/\/ksiegarnia-akademicka.pl\/index.php\/wp-json\/wp\/v2\/product\/247","targetHints":{"allow":["GET"]}}],"collection":[{"href":"https:\/\/ksiegarnia-akademicka.pl\/index.php\/wp-json\/wp\/v2\/product"}],"about":[{"href":"https:\/\/ksiegarnia-akademicka.pl\/index.php\/wp-json\/wp\/v2\/types\/product"}],"wp:featuredmedia":[{"embeddable":true,"href":"https:\/\/ksiegarnia-akademicka.pl\/index.php\/wp-json\/wp\/v2\/media\/7737"}],"wp:attachment":[{"href":"https:\/\/ksiegarnia-akademicka.pl\/index.php\/wp-json\/wp\/v2\/media?parent=247"}],"wp:term":[{"taxonomy":"product_brand","embeddable":true,"href":"https:\/\/ksiegarnia-akademicka.pl\/index.php\/wp-json\/wp\/v2\/product_brand?post=247"},{"taxonomy":"product_cat","embeddable":true,"href":"https:\/\/ksiegarnia-akademicka.pl\/index.php\/wp-json\/wp\/v2\/product_cat?post=247"},{"taxonomy":"product_tag","embeddable":true,"href":"https:\/\/ksiegarnia-akademicka.pl\/index.php\/wp-json\/wp\/v2\/product_tag?post=247"}],"curies":[{"name":"wp","href":"https:\/\/api.w.org\/{rel}","templated":true}]}}