{"id":24,"date":"2018-05-20T23:07:52","date_gmt":"2018-05-20T21:07:52","guid":{"rendered":"http:\/\/ksiegarnia-akademicka.pl\/?post_type=product&#038;p=24"},"modified":"2018-05-20T23:07:52","modified_gmt":"2018-05-20T21:07:52","slug":"abc-pedagoga-specjalnego","status":"publish","type":"product","link":"https:\/\/ksiegarnia-akademicka.pl\/index.php\/product\/abc-pedagoga-specjalnego\/","title":{"rendered":"ABC pedagoga specjalnego"},"content":{"rendered":"<p>Ksi\u0105\u017cka ma na celu przybli\u017cenie idei integracji oraz miejsca dziecka niepe\u0142nosprawnego w \u015bwiecie. Autorki skupiaj\u0105 uwag\u0119 przede wszystkim na pracy pedagoga specjalnego, kt\u00f3ra wymaga olbrzymiego zaanga\u017cowania i po\u015bwi\u0119cenia. Obok przedstawienia charakterystyki upo\u015bledzenia umys\u0142owego z najcz\u0119\u015bciej spotykanymi przyczynami trudno\u015bci w uczeniu si\u0119 ksi\u0105\u017cka porusza tematyk\u0119 edukacji dzieci upo\u015bledzonych umys\u0142owo w szkole masowej (nie zapominaj\u0105c o za\u0142o\u017ceniach prawnych). Czytelnik zapoznaje si\u0119 z ide\u0105 klas integracyjnych, za\u0142o\u017ceniami i warunkami dobrej integracji. m.in. kwesti\u0105 doboru dzieci do klas integracyjnych, ocenianiem uczni\u00f3w niepe\u0142nosprawnych czy te\u017c rol\u0105 pracy w grupach, a tak\u017ce poznaje cele i zadania rewalidacji indywidualnej wraz z ramowym programem rewalidacji oraz wskaz\u00f3wki do pracy z dzieckiem upo\u015bledzonym umys\u0142owo na tego typu zaj\u0119ciach. Przejrzysto\u015b\u0107 programu i podzia\u0142 na etapy rozwoju okre\u015blonych umiej\u0119tno\u015bci stanowi cenne \u017ar\u00f3d\u0142o pomocy dydaktycznej dla pedagog\u00f3w i innych os\u00f3b zainteresowanych prowadzeniem terapii indywidualnej z dzieckiem niepe\u0142nosprawnym. Praca zawiera przyk\u0142adowe opracowania: dokument\u00f3w, standard\u00f3w wymaga\u0144, rozk\u0142ad\u00f3w materia\u0142u dla uczni\u00f3w, konspekt\u00f3w oraz przyk\u0142adowych ocen opisowych, kt\u00f3re w mniejszym, b\u0105d\u017a wi\u0119kszym stopniu towarzysz\u0105 pedagogom specjalnym w ich pracy. Ksi\u0105\u017cka stanowi skarbnic\u0119 informacji dla pedagog\u00f3w prowadz\u0105cych b\u0105d\u017a zaczynaj\u0105cych prowadzi\u0107 zaj\u0119cia w klasach integracyjnych.<\/p>\n<ul>\n<li><strong>Tytu\u0142:<\/strong>\u00a0ABC pedagoga specjalnego<\/li>\n<li><strong>Autor:<\/strong>\u00a0Tomkiewicz-B\u0119dkowska A., Krzto\u0144 A.<\/li>\n<li><strong>Wydawnictwo:<\/strong>\u00a0Oficyna Wydawnicza Impuls<\/li>\n<li><strong>Rok:<\/strong>\u00a02007<\/li>\n<li><strong>S\u0142owa kluczowe:<\/strong>\u00a0pedagogika, dziecko upo\u015bledzone, przyczyny trudno\u015bci w uczeniu si\u0119, zaburzenia, rewalidacja indywidualna, zakres, czynno\u015bci i uprawnienia pedagoga specjalnego, opracowania<\/li>\n<\/ul>\n","protected":false},"excerpt":{"rendered":"<p>Ksi\u0105\u017cka ma na celu przybli\u017cenie idei integracji oraz miejsca dziecka [&hellip;]<\/p>\n","protected":false},"featured_media":25,"template":"","meta":[],"product_brand":[],"product_cat":[28],"product_tag":[61,63,64,62],"class_list":{"0":"post-24","1":"product","2":"type-product","3":"status-publish","4":"has-post-thumbnail","6":"product_cat-pedagogika","7":"product_tag-abc-pedagoga-specjalnego","8":"product_tag-krzton-a","9":"product_tag-oficyna-wydawnicza-impuls","10":"product_tag-tomkiewicz-bedkowska-a","12":"first","13":"instock","14":"shipping-taxable","15":"purchasable","16":"product-type-simple"},"_links":{"self":[{"href":"https:\/\/ksiegarnia-akademicka.pl\/index.php\/wp-json\/wp\/v2\/product\/24","targetHints":{"allow":["GET"]}}],"collection":[{"href":"https:\/\/ksiegarnia-akademicka.pl\/index.php\/wp-json\/wp\/v2\/product"}],"about":[{"href":"https:\/\/ksiegarnia-akademicka.pl\/index.php\/wp-json\/wp\/v2\/types\/product"}],"wp:featuredmedia":[{"embeddable":true,"href":"https:\/\/ksiegarnia-akademicka.pl\/index.php\/wp-json\/wp\/v2\/media\/25"}],"wp:attachment":[{"href":"https:\/\/ksiegarnia-akademicka.pl\/index.php\/wp-json\/wp\/v2\/media?parent=24"}],"wp:term":[{"taxonomy":"product_brand","embeddable":true,"href":"https:\/\/ksiegarnia-akademicka.pl\/index.php\/wp-json\/wp\/v2\/product_brand?post=24"},{"taxonomy":"product_cat","embeddable":true,"href":"https:\/\/ksiegarnia-akademicka.pl\/index.php\/wp-json\/wp\/v2\/product_cat?post=24"},{"taxonomy":"product_tag","embeddable":true,"href":"https:\/\/ksiegarnia-akademicka.pl\/index.php\/wp-json\/wp\/v2\/product_tag?post=24"}],"curies":[{"name":"wp","href":"https:\/\/api.w.org\/{rel}","templated":true}]}}