{"id":2368,"date":"2018-05-22T12:45:39","date_gmt":"2018-05-22T10:45:39","guid":{"rendered":"http:\/\/ksiegarnia-akademicka.pl\/index.php\/product\/zastaw-rejestrowy-i-rejestr-zastawow-komentarz-praktyczny\/"},"modified":"2024-12-14T13:29:52","modified_gmt":"2024-12-14T12:29:52","slug":"zastaw-rejestrowy-i-rejestr-zastawow-komentarz-praktyczny","status":"publish","type":"product","link":"https:\/\/ksiegarnia-akademicka.pl\/index.php\/product\/zastaw-rejestrowy-i-rejestr-zastawow-komentarz-praktyczny\/","title":{"rendered":"Zastaw rejestrowy i rejestr zastaw\u00f3w Komentarz praktyczny"},"content":{"rendered":"<p>Jan Mojak<br \/>\nJacek Wid\u0142o<br \/>\nWydawca: LexisNexis<br \/>\nOprawa: Mi\u0119kka<br \/>\nFormat: 14.5&#215;20.5cm<br \/>\nLiczba stron: 384<br \/>\nWydanie: 3<br \/>\nRok wydania: 2009<\/p>\n<p>Stan prawny na 2 marca 2009 roku<\/p>\n<p>Zastaw rejestrowy i rejestr zastaw\u00f3w. Komentarz praktyczny to kompleksowe opracowanie problematyki prawnej zastawu rejestrowego w Polsce. Obejmuje m.in. om\u00f3wienie: trybu zawierania, stron oraz kszta\u0142towania tre\u015bci umowy o ustanowienie zastawu rejestrowego, praw i obowi\u0105zk\u00f3w zastawnika oraz zastawcy, katalogu i zasad opisu przedmiotu zastawu rejestrowego, trybu zaspokojenia praw zastawnika oraz organizacji i funkcjonowania rejestru zastaw\u00f3w. Wydanie trzecie uwzgl\u0119dnia zmiany wprowadzone ustaw\u0105 z 5 wrze\u015bnia 2008 r. (Dz.U. Nr 180, poz. 1113), kt\u00f3ra wesz\u0142a w \u017cycie 11 stycznia 2009 r.<br \/>\nKsi\u0105\u017cka adresowana do s\u0119dzi\u00f3w, referendarzy, adwokat\u00f3w, radc\u00f3w prawnych, pracownik\u00f3w sektora bankowego, przedstawicieli praktyki, aplikant\u00f3w i student\u00f3w prawa. <\/p>\n<p>Dr Jan Mojak jest pracownikiem naukowo-dydaktycznym Zak\u0142adu Prawa Cywilnego UMCS w Lublinie. Dr Jacek Wid\u0142o jest s\u0119dzi\u0105, pracuje w Katedrze Podstaw Prawa Cywilnego i Prawa Prywatnego Mi\u0119dzynarodowego KUL oraz pe\u0142ni funkcj\u0119 przewodnicz\u0105cego Wydzia\u0142u Gospodarczego \u2013 Rejestru Zastaw\u00f3w S\u0105du Rejonowego w Lublinie.<\/p>\n","protected":false},"excerpt":{"rendered":"<p>Jan Mojak Jacek Wid\u0142o Wydawca: LexisNexis Oprawa: Mi\u0119kka Format: 14.5&#215;20.5cm [&hellip;]<\/p>\n","protected":false},"featured_media":7625,"template":"","meta":[],"product_brand":[],"product_cat":[7491,7495,18],"product_tag":[4875,615,709],"class_list":{"0":"post-2368","1":"product","2":"type-product","3":"status-publish","4":"has-post-thumbnail","6":"product_cat-cywilne","7":"product_cat-gospodarcze-i-handlowe","8":"product_cat-prawo","9":"product_tag-komentarze-praktyczne","10":"product_tag-prawo-cywilne","11":"product_tag-prawo-gospodarcze-i-handlowe","13":"first","14":"instock","15":"sale","16":"shipping-taxable","17":"purchasable","18":"product-type-simple"},"_links":{"self":[{"href":"https:\/\/ksiegarnia-akademicka.pl\/index.php\/wp-json\/wp\/v2\/product\/2368","targetHints":{"allow":["GET"]}}],"collection":[{"href":"https:\/\/ksiegarnia-akademicka.pl\/index.php\/wp-json\/wp\/v2\/product"}],"about":[{"href":"https:\/\/ksiegarnia-akademicka.pl\/index.php\/wp-json\/wp\/v2\/types\/product"}],"wp:featuredmedia":[{"embeddable":true,"href":"https:\/\/ksiegarnia-akademicka.pl\/index.php\/wp-json\/wp\/v2\/media\/7625"}],"wp:attachment":[{"href":"https:\/\/ksiegarnia-akademicka.pl\/index.php\/wp-json\/wp\/v2\/media?parent=2368"}],"wp:term":[{"taxonomy":"product_brand","embeddable":true,"href":"https:\/\/ksiegarnia-akademicka.pl\/index.php\/wp-json\/wp\/v2\/product_brand?post=2368"},{"taxonomy":"product_cat","embeddable":true,"href":"https:\/\/ksiegarnia-akademicka.pl\/index.php\/wp-json\/wp\/v2\/product_cat?post=2368"},{"taxonomy":"product_tag","embeddable":true,"href":"https:\/\/ksiegarnia-akademicka.pl\/index.php\/wp-json\/wp\/v2\/product_tag?post=2368"}],"curies":[{"name":"wp","href":"https:\/\/api.w.org\/{rel}","templated":true}]}}