{"id":232,"date":"2018-05-22T12:41:02","date_gmt":"2018-05-22T10:41:02","guid":{"rendered":"http:\/\/ksiegarnia-akademicka.pl\/index.php\/product\/postepowanie-administracyjne-i-sadowoadminstracyjne\/"},"modified":"2019-01-16T14:07:57","modified_gmt":"2019-01-16T13:07:57","slug":"postepowanie-administracyjne-i-sadowoadminstracyjne","status":"publish","type":"product","link":"https:\/\/ksiegarnia-akademicka.pl\/index.php\/product\/postepowanie-administracyjne-i-sadowoadminstracyjne\/","title":{"rendered":"Post\u0119powanie administracyjne i s\u0105dowoadminstracyjne."},"content":{"rendered":"<p>Adamiak Barbara, Borkowski Janusz Wolters Kluwer 2017 wyd.15 <\/br><\/br><\/p>\n<p><span style=\"font-family: Verdana, Arial, Helvetica;font-size: 11px;text-align: justify\">W podr\u0119czniku zosta\u0142y om&oacute;wione koncepcje teoretycznych instytucji procesowych post\u0119powania administracyjnego i post\u0119powania s\u0105dowoadministracyjnego oraz ich stosowanie w praktyce ukszta\u0142towane orzecznictwem s\u0105d&oacute;w administracyjnych.&nbsp;<\/span><br style=\"font-family: Verdana, Arial, Helvetica;font-size: 11px;text-align: justify\" \/><br style=\"font-family: Verdana, Arial, Helvetica;font-size: 11px;text-align: justify\" \/><span style=\"font-family: Verdana, Arial, Helvetica;font-size: 11px;text-align: justify\">W 15. wydaniu zosta\u0142y om&oacute;wione zmiany wprowadzone przez tzw. wielk\u0105 nowelizacj\u0119 Kodeksu post\u0119powania administracyjnego z 7.04.2017 r., stosowane wy\u0142\u0105cznie do post\u0119powa\u0144 rozpocz\u0119tych od 1.06.2017 r., obejmuj\u0105ce m.in.:<\/span><br style=\"font-family: Verdana, Arial, Helvetica;font-size: 11px;text-align: justify\" \/><span style=\"font-family: Verdana, Arial, Helvetica;font-size: 11px;text-align: justify\">&#8211; instytucj\u0119 mediacji,<\/span><br style=\"font-family: Verdana, Arial, Helvetica;font-size: 11px;text-align: justify\" \/><span style=\"font-family: Verdana, Arial, Helvetica;font-size: 11px;text-align: justify\">&#8211; milcz\u0105ce za\u0142atwienie sprawy,<\/span><br style=\"font-family: Verdana, Arial, Helvetica;font-size: 11px;text-align: justify\" \/><span style=\"font-family: Verdana, Arial, Helvetica;font-size: 11px;text-align: justify\">&#8211; zrzeczenie si\u0119 odwo\u0142ania,<\/span><br style=\"font-family: Verdana, Arial, Helvetica;font-size: 11px;text-align: justify\" \/><span style=\"font-family: Verdana, Arial, Helvetica;font-size: 11px;text-align: justify\">&#8211; post\u0119powanie uproszczone,<\/span><br style=\"font-family: Verdana, Arial, Helvetica;font-size: 11px;text-align: justify\" \/><span style=\"font-family: Verdana, Arial, Helvetica;font-size: 11px;text-align: justify\">&#8211; europejsk\u0105 wsp&oacute;\u0142prac\u0119 administracyjn\u0105,<\/span><br style=\"font-family: Verdana, Arial, Helvetica;font-size: 11px;text-align: justify\" \/><span style=\"font-family: Verdana, Arial, Helvetica;font-size: 11px;text-align: justify\">&#8211; odchodzenie od zasady dwuinstancyjno\u015bci.<\/span><br style=\"font-family: Verdana, Arial, Helvetica;font-size: 11px;text-align: justify\" \/><span style=\"font-family: Verdana, Arial, Helvetica;font-size: 11px;text-align: justify\">W podr\u0119czniku om&oacute;wiono r&oacute;wnie\u017c nowe zasady wprowadzone przez tzw. wielk\u0105 nowelizacj\u0119 Kodeksu:<\/span><br style=\"font-family: Verdana, Arial, Helvetica;font-size: 11px;text-align: justify\" \/><span style=\"font-family: Verdana, Arial, Helvetica;font-size: 11px;text-align: justify\">&#8211; zasad\u0119 og&oacute;ln\u0105 uwzgl\u0119dnienia interesu strony przez przyj\u0119cie, \u017ce je\u017celi tre\u015b\u0107 normy prawnej budzi w\u0105tpliwo\u015bci, to w\u0105tpliwo\u015bci te nale\u017cy rozstrzyga\u0107 na korzy\u015b\u0107 stron,<\/span><br style=\"font-family: Verdana, Arial, Helvetica;font-size: 11px;text-align: justify\" \/><span style=\"font-family: Verdana, Arial, Helvetica;font-size: 11px;text-align: justify\">&#8211; zasad\u0119 og&oacute;ln\u0105 obowi\u0105zku wsp&oacute;\u0142dzia\u0142ania organ&oacute;w administracji publicznej,<\/span><br style=\"font-family: Verdana, Arial, Helvetica;font-size: 11px;text-align: justify\" \/><span style=\"font-family: Verdana, Arial, Helvetica;font-size: 11px;text-align: justify\">&#8211; zasad\u0119 prawomocno\u015bci decyzji.<\/span><\/p>\n<p><\/br><\/br>pozycja dost\u0119pna<\/p>\n","protected":false},"excerpt":{"rendered":"<p>Adamiak Barbara, Borkowski Janusz Wolters Kluwer 2017 wyd.15 W podr\u0119czniku [&hellip;]<\/p>\n","protected":false},"featured_media":10166,"template":"","meta":[],"product_brand":[],"product_cat":[7492,18],"product_tag":[259,564,485,330],"class_list":{"0":"post-232","1":"product","2":"type-product","3":"status-publish","4":"has-post-thumbnail","6":"product_cat-administracyjne","7":"product_cat-prawo","8":"product_tag-podreczniki-akademickie","9":"product_tag-postepowanie-administracyjne","10":"product_tag-prawo-administracyjne","11":"product_tag-seria-akademicka","13":"first","14":"instock","15":"sale","16":"shipping-taxable","17":"purchasable","18":"product-type-simple"},"_links":{"self":[{"href":"https:\/\/ksiegarnia-akademicka.pl\/index.php\/wp-json\/wp\/v2\/product\/232","targetHints":{"allow":["GET"]}}],"collection":[{"href":"https:\/\/ksiegarnia-akademicka.pl\/index.php\/wp-json\/wp\/v2\/product"}],"about":[{"href":"https:\/\/ksiegarnia-akademicka.pl\/index.php\/wp-json\/wp\/v2\/types\/product"}],"wp:featuredmedia":[{"embeddable":true,"href":"https:\/\/ksiegarnia-akademicka.pl\/index.php\/wp-json\/wp\/v2\/media\/10166"}],"wp:attachment":[{"href":"https:\/\/ksiegarnia-akademicka.pl\/index.php\/wp-json\/wp\/v2\/media?parent=232"}],"wp:term":[{"taxonomy":"product_brand","embeddable":true,"href":"https:\/\/ksiegarnia-akademicka.pl\/index.php\/wp-json\/wp\/v2\/product_brand?post=232"},{"taxonomy":"product_cat","embeddable":true,"href":"https:\/\/ksiegarnia-akademicka.pl\/index.php\/wp-json\/wp\/v2\/product_cat?post=232"},{"taxonomy":"product_tag","embeddable":true,"href":"https:\/\/ksiegarnia-akademicka.pl\/index.php\/wp-json\/wp\/v2\/product_tag?post=232"}],"curies":[{"name":"wp","href":"https:\/\/api.w.org\/{rel}","templated":true}]}}