{"id":2317,"date":"2018-05-22T12:45:32","date_gmt":"2018-05-22T10:45:32","guid":{"rendered":"http:\/\/ksiegarnia-akademicka.pl\/index.php\/product\/psychologia-akademicka-tom-2\/"},"modified":"2024-10-05T11:27:08","modified_gmt":"2024-10-05T09:27:08","slug":"psychologia-akademicka-tom-2","status":"publish","type":"product","link":"https:\/\/ksiegarnia-akademicka.pl\/index.php\/product\/psychologia-akademicka-tom-2\/","title":{"rendered":"Psychologia akademicka Podr\u0119cznik Tom 2"},"content":{"rendered":"<p>Redakcja: Strelau Jan, Doli\u0144ski Arkadiusz<br \/>\nWydawca: GWP<br \/>\nOprawa: Twarda<br \/>\nFormat: 22.0&#215;29.0cm<br \/>\nLiczba stron: 866<br \/>\nWydanie: 3<br \/>\nRok wydania: 2024<br \/>\nJ\u0119zyk wydania: polski<\/p>\n<p>Podr\u0119cznik prezentuje badania z zakresu psychologii opisane przez najwybitniejszych psycholog\u00f3w polskich, wyk\u0142adaj\u0105cych na najlepszych uczelniach wy\u017cszych w kraju.<br \/>\nPsychologia to jedna z wiod\u0105cych nauk spo\u0142ecznych, wp\u0142ywaj\u0105ca zar\u00f3wno na codzienne \u017cycie ludzi, jak i ca\u0142ych spo\u0142eczno\u015bci i kultur. Jest w zwi\u0105zku z tym tak\u017ce jedn\u0105 z najbardziej dynamicznie rozwijaj\u0105cych si\u0119 dziedzin. Dotychczas poznawali\u015bcie j\u0105 Pa\u0144stwo dzi\u0119ki znakomitej trzytomowej \u201ePsychologii\u201d, pod redakcj\u0105 naukow\u0105 profesora Jana Strelaua, kt\u00f3ra jest podstaw\u0105 nauczania psychologii na wszystkich polskich uczelniach. Teraz otrzymacie Pa\u0144stwo zupe\u0142nie odmienny rewelacyjny podr\u0119cznik, kt\u00f3ry doskonale zapozna Pa\u0144stwa z wiedz\u0105 psychologiczn\u0105, pokazuj\u0105c jednocze\u015bnie, w jakich kierunkach rozwin\u0119\u0142y si\u0119 poszczeg\u00f3lne subdyscypliny psychologii.<\/p>\n","protected":false},"excerpt":{"rendered":"<p>Redakcja: Strelau Jan, Doli\u0144ski Arkadiusz Wydawca: GWP Oprawa: Twarda Format: [&hellip;]<\/p>\n","protected":false},"featured_media":16707,"template":"","meta":[],"product_brand":[],"product_cat":[27,7509],"product_tag":[259,1186],"class_list":{"0":"post-2317","1":"product","2":"type-product","3":"status-publish","4":"has-post-thumbnail","6":"product_cat-nauki-spoleczne","7":"product_cat-psychologia","8":"product_tag-podreczniki-akademickie","9":"product_tag-psychologia","11":"first","12":"instock","13":"sale","14":"shipping-taxable","15":"purchasable","16":"product-type-simple"},"_links":{"self":[{"href":"https:\/\/ksiegarnia-akademicka.pl\/index.php\/wp-json\/wp\/v2\/product\/2317","targetHints":{"allow":["GET"]}}],"collection":[{"href":"https:\/\/ksiegarnia-akademicka.pl\/index.php\/wp-json\/wp\/v2\/product"}],"about":[{"href":"https:\/\/ksiegarnia-akademicka.pl\/index.php\/wp-json\/wp\/v2\/types\/product"}],"wp:featuredmedia":[{"embeddable":true,"href":"https:\/\/ksiegarnia-akademicka.pl\/index.php\/wp-json\/wp\/v2\/media\/16707"}],"wp:attachment":[{"href":"https:\/\/ksiegarnia-akademicka.pl\/index.php\/wp-json\/wp\/v2\/media?parent=2317"}],"wp:term":[{"taxonomy":"product_brand","embeddable":true,"href":"https:\/\/ksiegarnia-akademicka.pl\/index.php\/wp-json\/wp\/v2\/product_brand?post=2317"},{"taxonomy":"product_cat","embeddable":true,"href":"https:\/\/ksiegarnia-akademicka.pl\/index.php\/wp-json\/wp\/v2\/product_cat?post=2317"},{"taxonomy":"product_tag","embeddable":true,"href":"https:\/\/ksiegarnia-akademicka.pl\/index.php\/wp-json\/wp\/v2\/product_tag?post=2317"}],"curies":[{"name":"wp","href":"https:\/\/api.w.org\/{rel}","templated":true}]}}