{"id":2277,"date":"2018-05-22T12:45:27","date_gmt":"2018-05-22T10:45:27","guid":{"rendered":"http:\/\/ksiegarnia-akademicka.pl\/index.php\/product\/kodeks-karny-skarbowy-komentarz\/"},"modified":"2020-12-03T15:32:41","modified_gmt":"2020-12-03T14:32:41","slug":"kodeks-karny-skarbowy-komentarz","status":"publish","type":"product","link":"https:\/\/ksiegarnia-akademicka.pl\/index.php\/product\/kodeks-karny-skarbowy-komentarz\/","title":{"rendered":"Kodeks karny skarbowy Komentarz"},"content":{"rendered":"<p>Autor: prof. dr hab. Leszek Wilk, prof. dr hab. Jaros\u0142aw Zagrodnik<br \/>\nWydawnictwo: C.H. Beck<br \/>\nSeria: Komentarze Becka<br \/>\nRok wydania: 2020<br \/>\nWydanie: 5<br \/>\nOprawa: Twarda<br \/>\nLiczba stron: 1320<br \/>\nWaga: 1120 g<br \/>\nISBN: 978-83-8235-015-9<\/p>\n<p>Kompleksowe om\u00f3wienie zagadnie\u0144 polskiego prawa karnego skarbowego<br \/>\nPrezentowana pozycja stanowi kompleksowe om\u00f3wienie zagadnie\u0144 polskiego prawa karnego skarbowego, uregulowanych w ustawie z 10.9.1999 r. \u2013 Kodeks karny skarbowy (tekst jedn. Dz.U. z 2020 r. poz. 19 ze zm.).<\/p>\n<p>Komentarz uwzgl\u0119dnia specyfik\u0119 prawa karnego skarbowego, odnosz\u0105c si\u0119 w spos\u00f3b szczeg\u00f3\u0142owy do przepis\u00f3w spoza Kodeksu karnego skarbowego, w tym przepis\u00f3w podatkowych, celnych, dewizowych oraz dotycz\u0105cych organizacji gier hazardowych.<\/p>\n<p>Publikacja przedstawia zagadnienia dotycz\u0105ce przede wszystkim:<\/p>\n<p>przest\u0119pstw i wykrocze\u0144 skarbowych,<br \/>\npost\u0119powania w sprawach o przest\u0119pstwa i wykroczenia skarbowe,<br \/>\npost\u0119powania wykonawczego w sprawach o przest\u0119pstwa i wykroczenia skarbowe.<br \/>\nPublikacja uwzgl\u0119dnia najnowsze zmiany legislacyjne, wynikaj\u0105ce m.in. z:<\/p>\n<p>ustawy z 4.7.2019 r. o zmianie ustawy o podatku od towar\u00f3w i us\u0142ug oraz niekt\u00f3rych innych ustaw (Dz.U. z 2019 r. poz. 1520 ze zm.), kt\u00f3ra m.in. wprowadza nowe przest\u0119pstwo skarbowe za naruszenie obowi\u0105zku przes\u0142ania ksi\u0119gi podatkowej w\u0142a\u015bciwemu organowi podatkowemu albo przes\u0142ania jej nierzetelnej; wesz\u0142a w \u017cycie 1.10.2020 r.<br \/>\nustawy z 28.5.2020 r. o zmianie ustawy o podatku dochodowym od os\u00f3b prawnych, ustawy o podatku od towar\u00f3w i us\u0142ug, ustawy o wymianie informacji podatkowych z innymi pa\u0144stwami oraz niekt\u00f3rych innych ustaw (Dz.U. z 2020 r. poz. 1106), kt\u00f3ra m.in. penalizuje zaniechanie obowi\u0105zku zawiadamiania naczelnika urz\u0119du skarbowego o prowadzeniu magazynu typu call-off stock lub z\u0142o\u017cenie go po terminie, lub podanie danych niezgodnych z prawd\u0105, a tak\u017ce wprowadza wskazanie, \u017ce u\u017cyte w ustawie okre\u015blenia \u201einformacja podsumowuj\u0105ca&#8221;, \u201emechanizm podzielonej p\u0142atno\u015bci&#8221; oraz \u201eprocedura magazynu typu call-off stock&#8221; maj\u0105 znaczenie nadane im w ustawie o VAT; wesz\u0142a w \u017cycie 1.7.2020 r.;<br \/>\nustawy z 16.4.2020 r. o szczeg\u00f3lnych instrumentach wsparcia w zwi\u0105zku z rozprzestrzenianiem si\u0119 wirusa SARS-CoV-2 (Dz.U. z 2020 r. poz. 695 ze zm.), kt\u00f3ra dookre\u015bla poj\u0119cie interwenienta; wprowadza mo\u017cliwo\u015b\u0107 zg\u0142oszenia interwencji oraz wniosku sprawcy o dobrowolne poddanie si\u0119 odpowiedzialno\u015bci na pi\u015bmie utrwalonym w formie elektronicznej; wskazuje, \u017ce przez wyra\u017cenie ,,prokurator&#8221; rozumie si\u0119 tak\u017ce ,,finansowy organ post\u0119powania przygotowawczego&#8221;; wprowadza mo\u017cliwo\u015b\u0107 wydania przez prokuratora lub organ post\u0119powania przygotowawczego postanowienia o odmowie przyj\u0119cia interwencji w post\u0119powaniu przygotowawczym, je\u015bli interwencja zosta\u0142a z\u0142o\u017cona przez podmiot nieuprawniony lub przy braku podstaw do jej zg\u0142oszenia; wesz\u0142a w \u017cycie 18.4.2020 r.;<br \/>\nustawy z 31.3.2020 r. o zmianie ustawy o szczeg\u00f3lnych rozwi\u0105zaniach zwi\u0105zanych z zapobieganiem, przeciwdzia\u0142aniem i zwalczaniem COVID-19, innych chor\u00f3b zaka\u017anych oraz wywo\u0142anych nimi sytuacji kryzysowych oraz niekt\u00f3rych innych ustaw (Dz.U. z 2020 poz. 568 ze zm.), kt\u00f3ra umo\u017cliwia z\u0142o\u017cenie czynnego \u017calu w formie elektronicznej; wesz\u0142a w \u017cycie 8.1.2020 r.;<br \/>\nprojektu ustawy z 30.9.2020 r. o zmianie ustawy o podatku dochodowym od os\u00f3b prawnych oraz niekt\u00f3rych innych ustaw (Druk sejmowy Nr 643), kt\u00f3ry przewiduje dodanie art. 56e, maj\u0105cego na celu wskazanie odpowiedzialno\u015bci karno-skarbowej podatnika, kt\u00f3ry wbrew obowi\u0105zkowi nie sk\u0142ada sp\u00f3\u0142ce, w kt\u00f3rej jest udzia\u0142owcem lub akcjonariuszem o\u015bwiadczenia, o kt\u00f3rym mowa w art. 28s ustawy o CIT, albo sk\u0142ada je po terminie lub podaje w nim dane niezgodne ze stanem faktycznym.<br \/>\nKomentarz stanowi nieodzown\u0105 pomoc dla praktyk\u00f3w, w szczeg\u00f3lno\u015bci s\u0119dzi\u00f3w, prokurator\u00f3w, adwokat\u00f3w, radc\u00f3w prawnych, a tak\u017ce pracownik\u00f3w administracji skarbowej, doktorant\u00f3w, student\u00f3w i aplikant\u00f3w zawod\u00f3w prawniczych.<\/p>\n","protected":false},"excerpt":{"rendered":"<p>Autor: prof. dr hab. Leszek Wilk, prof. dr hab. Jaros\u0142aw [&hellip;]<\/p>\n","protected":false},"featured_media":13675,"template":"","meta":[],"product_brand":[],"product_cat":[7490,18],"product_tag":[6864,296,484],"class_list":{"0":"post-2277","1":"product","2":"type-product","3":"status-publish","4":"has-post-thumbnail","6":"product_cat-karne","7":"product_cat-prawo","8":"product_tag-kodeks-karny-skarbowy","9":"product_tag-prawo-karne","10":"product_tag-seria-komentarze-becka","12":"first","13":"instock","14":"sale","15":"shipping-taxable","16":"purchasable","17":"product-type-simple"},"_links":{"self":[{"href":"https:\/\/ksiegarnia-akademicka.pl\/index.php\/wp-json\/wp\/v2\/product\/2277","targetHints":{"allow":["GET"]}}],"collection":[{"href":"https:\/\/ksiegarnia-akademicka.pl\/index.php\/wp-json\/wp\/v2\/product"}],"about":[{"href":"https:\/\/ksiegarnia-akademicka.pl\/index.php\/wp-json\/wp\/v2\/types\/product"}],"wp:featuredmedia":[{"embeddable":true,"href":"https:\/\/ksiegarnia-akademicka.pl\/index.php\/wp-json\/wp\/v2\/media\/13675"}],"wp:attachment":[{"href":"https:\/\/ksiegarnia-akademicka.pl\/index.php\/wp-json\/wp\/v2\/media?parent=2277"}],"wp:term":[{"taxonomy":"product_brand","embeddable":true,"href":"https:\/\/ksiegarnia-akademicka.pl\/index.php\/wp-json\/wp\/v2\/product_brand?post=2277"},{"taxonomy":"product_cat","embeddable":true,"href":"https:\/\/ksiegarnia-akademicka.pl\/index.php\/wp-json\/wp\/v2\/product_cat?post=2277"},{"taxonomy":"product_tag","embeddable":true,"href":"https:\/\/ksiegarnia-akademicka.pl\/index.php\/wp-json\/wp\/v2\/product_tag?post=2277"}],"curies":[{"name":"wp","href":"https:\/\/api.w.org\/{rel}","templated":true}]}}