{"id":2249,"date":"2018-05-22T12:45:24","date_gmt":"2018-05-22T10:45:24","guid":{"rendered":"http:\/\/ksiegarnia-akademicka.pl\/index.php\/product\/finanse-zakladow-ubezpieczen-majatkowych-teoria-i-praktyka\/"},"modified":"2023-03-30T12:12:07","modified_gmt":"2023-03-30T10:12:07","slug":"finanse-zakladow-ubezpieczen-majatkowych-teoria-i-praktyka","status":"publish","type":"product","link":"https:\/\/ksiegarnia-akademicka.pl\/index.php\/product\/finanse-zakladow-ubezpieczen-majatkowych-teoria-i-praktyka\/","title":{"rendered":"Finanse zak\u0142ad\u00f3w ubezpiecze\u0144 maj\u0105tkowych. Teoria i praktyka."},"content":{"rendered":"<p>Autor:<br \/>\nLech G\u0105siorkiewicz<br \/>\nWydawca: C.H. Beck<br \/>\nOprawa: Mi\u0119kka<br \/>\nFormat: 16.5&#215;23.9cm<br \/>\nLiczba stron: 300<br \/>\nWydanie: 1<br \/>\nRok wydania: 2009<\/p>\n<p>Zagadnienia zwi\u0105zane z finansami zak\u0142ad\u00f3w ubezpiecze\u0144 dotycz\u0105 przede wszystkim bezpiecze\u0144stwa finansowego, a wi\u0119c podstawowych zasad wyp\u0142acalno\u015bci i p\u0142ynno\u015bci ubezpieczyciela, umo\u017cliwiaj\u0105cych zachowanie realno\u015bci i gwarancji ochrony ubezpieczeniowej.<\/p>\n<p>W ksi\u0105\u017cce om\u00f3wiono wszystkie kwestie finansowe pojawiaj\u0105ce si\u0119 w zak\u0142adach ubezpiecze\u0144 maj\u0105tkowych, \u0142\u0105cznie z rachunkowo\u015bci\u0105 ubezpieczeniowa. Celem, jaki postawi\u0142 sobie autor ksi\u0105\u017cki, by\u0142o przedstawienie podstawowej wiedzy z tego zakresu z punktu widzenia jej przydatno\u015bci w procesie podejmowania decyzji wp\u0142ywaj\u0105cych na wyniki finansowe tych zak\u0142ad\u00f3w. Omawiaj\u0105c poszczeg\u00f3lne zagadnienia teoretyczne, autor ilustruje je przyk\u0142adami pochodz\u0105cymi ze sprawozda\u0144 finansowych jednego z istniej\u0105cych zak\u0142ad\u00f3w ubezpiecze\u0144 maj\u0105tkowych, co stanowi ciekawe i pouczaj\u0105ce studium przypadku.<\/p>\n<p>Ksi\u0105\u017cka adresowana jest do student\u00f3w i s\u0142uchaczy studi\u00f3w podyplomowych na kierunkach zwi\u0105zanych z ubezpieczeniami, b\u0119dzie te\u017c po\u017cyteczn\u0105 lektur\u0105 dla praktyk\u00f3w \u2013 przede wszystkim za\u015b dla kadry zarz\u0105dzaj\u0105cej finansami w zak\u0142adach ubezpiecze\u0144<\/p>\n","protected":false},"excerpt":{"rendered":"<p>Autor: Lech G\u0105siorkiewicz Wydawca: C.H. Beck Oprawa: Mi\u0119kka Format: 16.5&#215;23.9cm [&hellip;]<\/p>\n","protected":false},"featured_media":7875,"template":"","meta":[],"product_brand":[],"product_cat":[21],"product_tag":[251,249,4404,4805],"class_list":{"0":"post-2249","1":"product","2":"type-product","3":"status-publish","4":"has-post-thumbnail","6":"product_cat-ubezpieczenia","7":"product_tag-finanse","8":"product_tag-ubezpieczenia","9":"product_tag-ubezpieczenia-majatkowe","10":"product_tag-zaklady-ubezpieczeniowe","12":"first","13":"outofstock","14":"sale","15":"shipping-taxable","16":"purchasable","17":"product-type-simple"},"_links":{"self":[{"href":"https:\/\/ksiegarnia-akademicka.pl\/index.php\/wp-json\/wp\/v2\/product\/2249","targetHints":{"allow":["GET"]}}],"collection":[{"href":"https:\/\/ksiegarnia-akademicka.pl\/index.php\/wp-json\/wp\/v2\/product"}],"about":[{"href":"https:\/\/ksiegarnia-akademicka.pl\/index.php\/wp-json\/wp\/v2\/types\/product"}],"wp:featuredmedia":[{"embeddable":true,"href":"https:\/\/ksiegarnia-akademicka.pl\/index.php\/wp-json\/wp\/v2\/media\/7875"}],"wp:attachment":[{"href":"https:\/\/ksiegarnia-akademicka.pl\/index.php\/wp-json\/wp\/v2\/media?parent=2249"}],"wp:term":[{"taxonomy":"product_brand","embeddable":true,"href":"https:\/\/ksiegarnia-akademicka.pl\/index.php\/wp-json\/wp\/v2\/product_brand?post=2249"},{"taxonomy":"product_cat","embeddable":true,"href":"https:\/\/ksiegarnia-akademicka.pl\/index.php\/wp-json\/wp\/v2\/product_cat?post=2249"},{"taxonomy":"product_tag","embeddable":true,"href":"https:\/\/ksiegarnia-akademicka.pl\/index.php\/wp-json\/wp\/v2\/product_tag?post=2249"}],"curies":[{"name":"wp","href":"https:\/\/api.w.org\/{rel}","templated":true}]}}