{"id":220,"date":"2018-05-22T12:41:00","date_gmt":"2018-05-22T10:41:00","guid":{"rendered":"http:\/\/ksiegarnia-akademicka.pl\/index.php\/product\/technologia-prac-ladunkowych\/"},"modified":"2025-05-21T13:04:43","modified_gmt":"2025-05-21T11:04:43","slug":"technologia-prac-ladunkowych","status":"publish","type":"product","link":"https:\/\/ksiegarnia-akademicka.pl\/index.php\/product\/technologia-prac-ladunkowych\/","title":{"rendered":"Technologia prac \u0142adunkowych."},"content":{"rendered":"<p>Jakubowski Leszek Oficyna Wydawnicza Politechniki Warszawskiej 2009 wyd.2<\/p>\n<p>W skrypcie przedstawiono podstawowe wiadomo\u015bci na temat \u0142adunk\u00f3w,<br \/>\ntechnicznych \u015brodk\u00f3w ich przewozu i prze\u0142adunku oraz ich doboru, a tak\u017ce<br \/>\nbezpiecznego prowadzenia prac \u0142adunkowych. Skrypt przeznaczony jest dla<br \/>\nstudent\u00f3w Wydzia\u0142u Transportu Politechniki Warszawskiej o<br \/>\nspecjalno\u015bciach Logistyka Transportu Kolejowego, Logistyka Transportu<br \/>\nSamochodowego oraz Logistyka Transportu Wewn\u0119trznego i Magazynowania.<br \/>\nMo\u017ce stanowi\u0107 tak\u017ce pomoc w rozwi\u0105zywaniu zada\u0144 in\u017cynierskich.<\/p>\n<p>pozycja dost\u0119pna<\/p>\n","protected":false},"excerpt":{"rendered":"<p>Jakubowski Leszek Oficyna Wydawnicza Politechniki Warszawskiej 2009 wyd.2 W skrypcie [&hellip;]<\/p>\n","protected":false},"featured_media":11304,"template":"","meta":[],"product_brand":[],"product_cat":[7535],"product_tag":[513,526,525],"class_list":{"0":"post-220","1":"product","2":"type-product","3":"status-publish","4":"has-post-thumbnail","6":"product_cat-transport-2","7":"product_tag-opakowania","8":"product_tag-punkty-ladunkowe","9":"product_tag-transport-intermodalny","11":"first","12":"outofstock","13":"sale","14":"shipping-taxable","15":"purchasable","16":"product-type-simple"},"_links":{"self":[{"href":"https:\/\/ksiegarnia-akademicka.pl\/index.php\/wp-json\/wp\/v2\/product\/220","targetHints":{"allow":["GET"]}}],"collection":[{"href":"https:\/\/ksiegarnia-akademicka.pl\/index.php\/wp-json\/wp\/v2\/product"}],"about":[{"href":"https:\/\/ksiegarnia-akademicka.pl\/index.php\/wp-json\/wp\/v2\/types\/product"}],"wp:featuredmedia":[{"embeddable":true,"href":"https:\/\/ksiegarnia-akademicka.pl\/index.php\/wp-json\/wp\/v2\/media\/11304"}],"wp:attachment":[{"href":"https:\/\/ksiegarnia-akademicka.pl\/index.php\/wp-json\/wp\/v2\/media?parent=220"}],"wp:term":[{"taxonomy":"product_brand","embeddable":true,"href":"https:\/\/ksiegarnia-akademicka.pl\/index.php\/wp-json\/wp\/v2\/product_brand?post=220"},{"taxonomy":"product_cat","embeddable":true,"href":"https:\/\/ksiegarnia-akademicka.pl\/index.php\/wp-json\/wp\/v2\/product_cat?post=220"},{"taxonomy":"product_tag","embeddable":true,"href":"https:\/\/ksiegarnia-akademicka.pl\/index.php\/wp-json\/wp\/v2\/product_tag?post=220"}],"curies":[{"name":"wp","href":"https:\/\/api.w.org\/{rel}","templated":true}]}}