{"id":2188,"date":"2018-05-22T12:45:16","date_gmt":"2018-05-22T10:45:16","guid":{"rendered":"http:\/\/ksiegarnia-akademicka.pl\/index.php\/product\/nauka-administracji-2\/"},"modified":"2018-07-12T09:54:44","modified_gmt":"2018-07-12T07:54:44","slug":"nauka-administracji-2","status":"publish","type":"product","link":"https:\/\/ksiegarnia-akademicka.pl\/index.php\/product\/nauka-administracji-2\/","title":{"rendered":"Nauka administracji"},"content":{"rendered":"<p>Zbigniew Cie\u015blak<br \/>\nBartosz Majchrzak<br \/>\nWojciech Federczyk<br \/>\nMicha\u0142 Klimaszewski<br \/>\nJoanna Bukowska<br \/>\nWydawca: Wolters Kluwer<br \/>\nOprawa: Mi\u0119kka<br \/>\nFormat: 17.0&#215;24.0cm<br \/>\nLiczba stron: 228<br \/>\nWydanie: 2<br \/>\nRok wydania: 2017<\/p>\n<p>Podr\u0119cznik prezentuje oryginalne podej\u015bcie do wyk\u0142adu jednego z podstawowych przedmiot\u00f3w studi\u00f3w na wydzia\u0142ach prawa i administracji. Realizacja cel\u00f3w nauki administracji zosta\u0142a ukazana przez zastosowanie metody modelowania rzeczywisto\u015bci administracyjnej i pos\u0142u\u017cenie si\u0119 poj\u0119ciem &#8211; narz\u0119dziem w postaci uk\u0142adu administracyjnego. Uj\u0119cie to jest w zasadzie niespotykane w literaturze dost\u0119pnej na rynku wydawniczym.<\/p>\n<p>W opracowaniu om\u00f3wiono nast\u0119puj\u0105ce zagadnienia:<br \/>\n&#8211; istot\u0119 administracji publicznej i jej status,<br \/>\n&#8211; formy dzia\u0142ania, funkcje oraz kontrol\u0119 administracji publicznej,<br \/>\n&#8211; modele uk\u0142ad\u00f3w administracyjnych i ich usprawnianie,<br \/>\n&#8211; teori\u0119 zmian w administracji publicznej.<\/p>\n","protected":false},"excerpt":{"rendered":"<p>Zbigniew Cie\u015blak Bartosz Majchrzak Wojciech Federczyk Micha\u0142 Klimaszewski Joanna Bukowska [&hellip;]<\/p>\n","protected":false},"featured_media":7741,"template":"","meta":[],"product_brand":[],"product_cat":[7492,18],"product_tag":[600,259,485],"class_list":{"0":"post-2188","1":"product","2":"type-product","3":"status-publish","4":"has-post-thumbnail","6":"product_cat-administracyjne","7":"product_cat-prawo","8":"product_tag-nauka-administracji","9":"product_tag-podreczniki-akademickie","10":"product_tag-prawo-administracyjne","12":"first","13":"instock","14":"sale","15":"shipping-taxable","16":"purchasable","17":"product-type-simple"},"_links":{"self":[{"href":"https:\/\/ksiegarnia-akademicka.pl\/index.php\/wp-json\/wp\/v2\/product\/2188","targetHints":{"allow":["GET"]}}],"collection":[{"href":"https:\/\/ksiegarnia-akademicka.pl\/index.php\/wp-json\/wp\/v2\/product"}],"about":[{"href":"https:\/\/ksiegarnia-akademicka.pl\/index.php\/wp-json\/wp\/v2\/types\/product"}],"wp:featuredmedia":[{"embeddable":true,"href":"https:\/\/ksiegarnia-akademicka.pl\/index.php\/wp-json\/wp\/v2\/media\/7741"}],"wp:attachment":[{"href":"https:\/\/ksiegarnia-akademicka.pl\/index.php\/wp-json\/wp\/v2\/media?parent=2188"}],"wp:term":[{"taxonomy":"product_brand","embeddable":true,"href":"https:\/\/ksiegarnia-akademicka.pl\/index.php\/wp-json\/wp\/v2\/product_brand?post=2188"},{"taxonomy":"product_cat","embeddable":true,"href":"https:\/\/ksiegarnia-akademicka.pl\/index.php\/wp-json\/wp\/v2\/product_cat?post=2188"},{"taxonomy":"product_tag","embeddable":true,"href":"https:\/\/ksiegarnia-akademicka.pl\/index.php\/wp-json\/wp\/v2\/product_tag?post=2188"}],"curies":[{"name":"wp","href":"https:\/\/api.w.org\/{rel}","templated":true}]}}