{"id":21831,"date":"2026-04-11T13:18:15","date_gmt":"2026-04-11T11:18:15","guid":{"rendered":"http:\/\/ksiegarnia-akademicka.pl\/?post_type=product&#038;p=21831"},"modified":"2026-04-11T13:18:16","modified_gmt":"2026-04-11T11:18:16","slug":"nowa-architektura-finansow-w-erze-cyfrowej","status":"publish","type":"product","link":"https:\/\/ksiegarnia-akademicka.pl\/index.php\/product\/nowa-architektura-finansow-w-erze-cyfrowej\/","title":{"rendered":"Nowa architektura finans\u00f3w w erze cyfrowej"},"content":{"rendered":"<p>Red. Bukowska Joanna, Durasiewicz Arkadiusz<\/p>\n<p>Autor: Macierzy\u0144ski W., Macierzy\u0144ski M., Stoika V., Sobol M., Pszcz\u00f3\u0142ka I., Bukowska J., Olszewska G., Durasiewicz A.<\/p>\n<p>Wydawca: Wydawnictwo Uniwersytetu Radomskiego<\/p>\n<p>Seria: Monografie<\/p>\n<p>Rok wydania: 2025<\/p>\n<p>&nbsp;<\/p>\n<p>I. Cyfrowa infrastruktura finansowa i bezpiecze\u0144stwo<\/p>\n<p>II. Globalne rynki walutowe i przep\u0142ywy kapita\u0142u<\/p>\n<p>III. Finanse gospodarstw domowych w dobie inkluzji finansowej i AI<\/p>\n","protected":false},"excerpt":{"rendered":"<p>Red. Bukowska Joanna, Durasiewicz Arkadiusz Autor: Macierzy\u0144ski W., Macierzy\u0144ski M., [&hellip;]<\/p>\n","protected":false},"featured_media":21832,"template":"","meta":[],"product_brand":[],"product_cat":[17,7499,7523,7530,43],"product_tag":[337,5037],"class_list":{"0":"post-21831","1":"product","2":"type-product","3":"status-publish","4":"has-post-thumbnail","6":"product_cat-ekonomia","7":"product_cat-makro-i-mikroekonomia","8":"product_cat-nauki-ekonomiczne","9":"product_cat-nowosci","10":"product_cat-wydawnictwo-uth","11":"product_tag-ekonomia","12":"product_tag-seria-monografie","14":"first","15":"instock","16":"shipping-taxable","17":"purchasable","18":"product-type-simple"},"_links":{"self":[{"href":"https:\/\/ksiegarnia-akademicka.pl\/index.php\/wp-json\/wp\/v2\/product\/21831","targetHints":{"allow":["GET"]}}],"collection":[{"href":"https:\/\/ksiegarnia-akademicka.pl\/index.php\/wp-json\/wp\/v2\/product"}],"about":[{"href":"https:\/\/ksiegarnia-akademicka.pl\/index.php\/wp-json\/wp\/v2\/types\/product"}],"wp:featuredmedia":[{"embeddable":true,"href":"https:\/\/ksiegarnia-akademicka.pl\/index.php\/wp-json\/wp\/v2\/media\/21832"}],"wp:attachment":[{"href":"https:\/\/ksiegarnia-akademicka.pl\/index.php\/wp-json\/wp\/v2\/media?parent=21831"}],"wp:term":[{"taxonomy":"product_brand","embeddable":true,"href":"https:\/\/ksiegarnia-akademicka.pl\/index.php\/wp-json\/wp\/v2\/product_brand?post=21831"},{"taxonomy":"product_cat","embeddable":true,"href":"https:\/\/ksiegarnia-akademicka.pl\/index.php\/wp-json\/wp\/v2\/product_cat?post=21831"},{"taxonomy":"product_tag","embeddable":true,"href":"https:\/\/ksiegarnia-akademicka.pl\/index.php\/wp-json\/wp\/v2\/product_tag?post=21831"}],"curies":[{"name":"wp","href":"https:\/\/api.w.org\/{rel}","templated":true}]}}