{"id":2183,"date":"2018-05-22T12:45:15","date_gmt":"2018-05-22T10:45:15","guid":{"rendered":"http:\/\/ksiegarnia-akademicka.pl\/index.php\/product\/algebra-i-geometria-analityczna-przyklady-i-zadania\/"},"modified":"2022-10-14T08:15:37","modified_gmt":"2022-10-14T06:15:37","slug":"algebra-i-geometria-analityczna-przyklady-i-zadania","status":"publish","type":"product","link":"https:\/\/ksiegarnia-akademicka.pl\/index.php\/product\/algebra-i-geometria-analityczna-przyklady-i-zadania\/","title":{"rendered":"Algebra i geometria analityczna Przyk\u0142ady i zadania"},"content":{"rendered":"<p>Teresa Jurlewicz, Zbigniew Skoczylas<br \/>\nAlgebra i geometria analityczna<br \/>\nPrzyk\u0142ady i zadania<br \/>\nWcze\u015bniejsze wydania tego podr\u0119cznika mia\u0142y tytu\u0142<br \/>\n&#8222;Algebra liniowa 1. Przyk\u0142ady i zadania&#8221;<br \/>\nWydanie XXII uzupe\u0142nion<br \/>\nWroc\u0142aw 2020, str. 178<br \/>\nISBN 978-83-62780-70-9<\/p>\n<p>Jest to druga cz\u0119\u015b\u0107 podr\u0119cznika do ,,Algebry z geometri\u0105 analityczn\u0105&#8221;. Zawiera przyk\u0142ady z pe\u0142nymi rozwi\u0105zaniami oraz podobne zadania przeznaczone do samodzielnej pracy. Przyk\u0142ady i zadania s\u0105 ilustracj\u0105 materia\u0142u teoretycznego zawartego w pierwszej cz\u0119\u015bci podr\u0119cznika. Do wszystkich zada\u0144 podane s\u0105 odpowiedzi lub wskaz\u00f3wki. Dodatkow\u0105 zalet\u0105 publikacji jest du\u017ca liczba ilustracji.<\/p>\n","protected":false},"excerpt":{"rendered":"<p>Teresa Jurlewicz, Zbigniew Skoczylas Algebra i geometria analityczna Przyk\u0142ady i [&hellip;]<\/p>\n","protected":false},"featured_media":9034,"template":"","meta":[],"product_brand":[],"product_cat":[7519,35],"product_tag":[253,252],"class_list":{"0":"post-2183","1":"product","2":"type-product","3":"status-publish","4":"has-post-thumbnail","6":"product_cat-matematyka","7":"product_cat-matematyka-i-jej-zastosowania","8":"product_tag-matematyka","9":"product_tag-matematyka-dla-studentow-politechnik","11":"first","12":"instock","13":"shipping-taxable","14":"purchasable","15":"product-type-simple"},"_links":{"self":[{"href":"https:\/\/ksiegarnia-akademicka.pl\/index.php\/wp-json\/wp\/v2\/product\/2183","targetHints":{"allow":["GET"]}}],"collection":[{"href":"https:\/\/ksiegarnia-akademicka.pl\/index.php\/wp-json\/wp\/v2\/product"}],"about":[{"href":"https:\/\/ksiegarnia-akademicka.pl\/index.php\/wp-json\/wp\/v2\/types\/product"}],"wp:featuredmedia":[{"embeddable":true,"href":"https:\/\/ksiegarnia-akademicka.pl\/index.php\/wp-json\/wp\/v2\/media\/9034"}],"wp:attachment":[{"href":"https:\/\/ksiegarnia-akademicka.pl\/index.php\/wp-json\/wp\/v2\/media?parent=2183"}],"wp:term":[{"taxonomy":"product_brand","embeddable":true,"href":"https:\/\/ksiegarnia-akademicka.pl\/index.php\/wp-json\/wp\/v2\/product_brand?post=2183"},{"taxonomy":"product_cat","embeddable":true,"href":"https:\/\/ksiegarnia-akademicka.pl\/index.php\/wp-json\/wp\/v2\/product_cat?post=2183"},{"taxonomy":"product_tag","embeddable":true,"href":"https:\/\/ksiegarnia-akademicka.pl\/index.php\/wp-json\/wp\/v2\/product_tag?post=2183"}],"curies":[{"name":"wp","href":"https:\/\/api.w.org\/{rel}","templated":true}]}}