{"id":21825,"date":"2026-03-25T14:25:17","date_gmt":"2026-03-25T13:25:17","guid":{"rendered":"http:\/\/ksiegarnia-akademicka.pl\/?post_type=product&#038;p=21825"},"modified":"2026-03-25T14:25:17","modified_gmt":"2026-03-25T13:25:17","slug":"medycyna-malych-zwierzat-fast-facts","status":"publish","type":"product","link":"https:\/\/ksiegarnia-akademicka.pl\/index.php\/product\/medycyna-malych-zwierzat-fast-facts\/","title":{"rendered":"Medycyna ma\u0142ych zwierz\u0105t Fast facts"},"content":{"rendered":"<p>Autor: K. Sturges<\/p>\n<p>Wydawnictwo: Edra Urban &amp; Partner<\/p>\n<p>Rok wydania: 2026 wyd. 2<\/p>\n<p>Ilo\u015b\u0107 stron: 265<\/p>\n<p>ISBN: 9788368527629<\/p>\n<p>&nbsp;<\/p>\n<p><em>Medycyna ma\u0142ych zwierz\u0105t. FAST FACTS\u00a0<\/em>to zwi\u0119z\u0142y, zorientowany na problem i przejrzy\u015bcie opracowany przewodnik po najwa\u017cniejszych zagadnieniach medycyny wewn\u0119trznej i chirurgii ps\u00f3w i kot\u00f3w. Publikacja zosta\u0142a stworzona z my\u015bl\u0105 o szybkim dost\u0119pie do informacji \u2013 liczne wypunktowania, schematy i tabele pozwalaj\u0105 sprawnie odnale\u017a\u0107 potrzebne tre\u015bci oraz skutecznie rozpocz\u0105\u0107 proces diagnostyki i leczenia.<\/p>\n<p>Ksi\u0105\u017cka zawiera konkretne wskaz\u00f3wki dotycz\u0105ce interpretacji objaw\u00f3w klinicznych, wynik\u00f3w bada\u0144 diagnostycznych oraz post\u0119powania terapeutycznego. Przejrzyste algorytmy wspieraj\u0105 podejmowanie trafnych decyzji, szczeg\u00f3lnie w sytuacjach okre\u015blonego obrazu klinicznego i w intensywnej terapii.<\/p>\n<p>Publikacja zosta\u0142a podzielona na pi\u0119\u0107 logicznie uporz\u0105dkowanych cz\u0119\u015bci:<\/p>\n<p>\u2022\u00a0<strong>Cz\u0119\u015b\u0107 1\u00a0<\/strong>\u2013 przegl\u0105d podstawowych podej\u015b\u0107 klinicznych.<\/p>\n<p>\u2022\u00a0<strong>Cz\u0119\u015bci 2 i 5\u00a0<\/strong>\u2013 \u201eObjawy kliniczne\u201d oraz \u201eIntensywna terapia\u201d \u2013 zestaw algorytm\u00f3w prowadz\u0105cych od objawu do rozpoznania oraz przedstawiaj\u0105cych schematy post\u0119powania w stanach nag\u0142ych.<\/p>\n<p>\u2022\u00a0<strong>Cz\u0119\u015b\u0107 3\u00a0<\/strong>\u2013 rdze\u0144 ksi\u0105\u017cki \u2013 zwi\u0119z\u0142e om\u00f3wienie badania, diagnostyki i leczenia chor\u00f3b, zaburze\u0144 poszczeg\u00f3lnych uk\u0142ad\u00f3w narz\u0105d\u00f3w oraz schorze\u0144 og\u00f3lnoustrojowych.<\/p>\n<p>\u2022\u00a0<strong>Cz\u0119\u015b\u0107 4\u00a0<\/strong>\u2013 zagadnienia z zakresu anestezjologii, analgezji i chirurgii.<\/p>\n<p>To praktyczne, uporz\u0105dkowane kompendium wiedzy, kt\u00f3re wspiera codzienn\u0105 prac\u0119 kliniczn\u0105 i u\u0142atwia podejmowanie trafnych decyzji terapeutycznych.<\/p>\n<p>&nbsp;<\/p>\n<p>Spis tre\u015bci:<\/p>\n<div>1 PODSTAWOWE PODEJ\u015aCIA<\/div>\n<div>1.1. Zdrowie og\u00f3lne<\/div>\n<div>1.2. Zbieranie wywiadu i badanie fizykalne<\/div>\n<div>1.3. Techniki diagnostyczne<\/div>\n<div>1.4. Przewodnik po cz\u0119sto wykonywanych zabiegach<\/div>\n<div>1.5. Terapia<\/div>\n<div>1.6. Komunikacja z klientem i post\u0119powanie zawodowe<\/div>\n<div>1.7. Zdrowie psychiczne i dobrostan<\/div>\n<div>2 OBJAWY KLINICZNE<\/div>\n<div>2.1. Kichanie i wyp\u0142yw z nosa<\/div>\n<div>2.2. Kaszel<\/div>\n<div>2.3. Duszno\u015b\u0107<\/div>\n<div>2.4. Brak apetytu i zmniejszone \u0142aknienie lub jad\u0142owstr\u0119t<\/div>\n<div>2.5. Wymioty i ulewanie<\/div>\n<div>2.6. Biegunka<\/div>\n<div>2.7. Utrata masy cia\u0142a<\/div>\n<div>2.8. Poliuria i polidypsja<\/div>\n<div>2.9. Idiopatyczne zapalenie p\u0119cherza moczowego kot\u00f3w<\/div>\n<div>2.10. Nietrzymanie moczu<\/div>\n<div>2.11. Choroby nerek<\/div>\n<div>2.12. Gor\u0105czka<\/div>\n<div>2.13. Niedokrwisto\u015b\u0107<\/div>\n<div>2.14. Dr\u017cenia<\/div>\n<div>2.15. Niezborno\u015b\u0107<\/div>\n<div>2.16. \u017b\u00f3\u0142taczka<\/div>\n<div>3 CHOROBY POSZCZEG\u00d3LNYCH UK\u0141AD\u00d3W NARZ\u0104D\u00d3W I SCHORZENIA \u00d3LNOUSTROJOWE<\/div>\n<div>3.1. Oczy<\/div>\n<div>3.2. Z\u0119by i dzi\u0105s\u0142a<\/div>\n<div>3.3. Serce i p\u0142uca<\/div>\n<div>3.4. Przew\u00f3d pokarmowy<\/div>\n<div>3.5. W\u0105troba i drogi \u017c\u00f3\u0142ciowe<\/div>\n<div>3.6. \u015aledziona<\/div>\n<div>3.7. Nerki<\/div>\n<div>3.8. Dolne drogi moczowe<\/div>\n<div>3.9. Rozr\u00f3d<\/div>\n<div>3.10. Sk\u00f3ra i uszy<\/div>\n<div>3.11. Uk\u0142ad nerwowy<\/div>\n<div>3.12. Uk\u0142ad endokrynny<\/div>\n<div>3.13. Oty\u0142o\u015b\u0107<\/div>\n<div>3.14. Choroby zaka\u017ane<\/div>\n<div>3.15. Onkologia<\/div>\n<div>4 ZNIECZULENIE OG\u00d3LNE, ANALGEZJA I CHIRURGIA<\/div>\n<div>4.1. Znieczulenie og\u00f3lne<\/div>\n<div>4.2. Analgezja<\/div>\n<div>4.3. Chirurgia tkanek mi\u0119kkich<\/div>\n<div>4.4. Ortopedia<\/div>\n<div>5 INTENSYWNA TERAPIA<\/div>\n<div>5.1. P\u0142ynoterapia<\/div>\n<div>5.2. Krwotok \u2013 post\u0119powanie w stanach nag\u0142ych<\/div>\n<div>5.3. Urazy i wypadki samochodowe<\/div>\n<div>5.4. Zatrucia<\/div>\n<div>5.5. Duszno\u015b\u0107 \u2013 post\u0119powanie w stanach nag\u0142ych<\/div>\n<div>5.6. Zapa\u015b\u0107 \u2013 post\u0119powanie w stanach nag\u0142ych<\/div>\n<div>5.7. Niedro\u017cno\u015b\u0107 dr\u00f3g moczowych<\/div>\n<div>5.8. Drgawki<\/div>\n<div>5.9. Resuscytacja kr\u0105\u017ceniowo-oddechowo-m\u00f3zgowa<\/div>\n<div>5.10. Udar cieplny (ostra hipertermia)<\/div>\n","protected":false},"excerpt":{"rendered":"<p>Autor: K. Sturges Wydawnictwo: Edra Urban &amp; Partner Rok wydania: [&hellip;]<\/p>\n","protected":false},"featured_media":21826,"template":"","meta":[],"product_brand":[],"product_cat":[7493,7530,8300],"product_tag":[7859],"class_list":{"0":"post-21825","1":"product","2":"type-product","3":"status-publish","4":"has-post-thumbnail","6":"product_cat-medycyna","7":"product_cat-nowosci","8":"product_cat-weterynaria","9":"product_tag-weterynaria","11":"first","12":"instock","13":"sale","14":"shipping-taxable","15":"purchasable","16":"product-type-simple"},"_links":{"self":[{"href":"https:\/\/ksiegarnia-akademicka.pl\/index.php\/wp-json\/wp\/v2\/product\/21825","targetHints":{"allow":["GET"]}}],"collection":[{"href":"https:\/\/ksiegarnia-akademicka.pl\/index.php\/wp-json\/wp\/v2\/product"}],"about":[{"href":"https:\/\/ksiegarnia-akademicka.pl\/index.php\/wp-json\/wp\/v2\/types\/product"}],"wp:featuredmedia":[{"embeddable":true,"href":"https:\/\/ksiegarnia-akademicka.pl\/index.php\/wp-json\/wp\/v2\/media\/21826"}],"wp:attachment":[{"href":"https:\/\/ksiegarnia-akademicka.pl\/index.php\/wp-json\/wp\/v2\/media?parent=21825"}],"wp:term":[{"taxonomy":"product_brand","embeddable":true,"href":"https:\/\/ksiegarnia-akademicka.pl\/index.php\/wp-json\/wp\/v2\/product_brand?post=21825"},{"taxonomy":"product_cat","embeddable":true,"href":"https:\/\/ksiegarnia-akademicka.pl\/index.php\/wp-json\/wp\/v2\/product_cat?post=21825"},{"taxonomy":"product_tag","embeddable":true,"href":"https:\/\/ksiegarnia-akademicka.pl\/index.php\/wp-json\/wp\/v2\/product_tag?post=21825"}],"curies":[{"name":"wp","href":"https:\/\/api.w.org\/{rel}","templated":true}]}}