{"id":21806,"date":"2026-03-23T11:54:36","date_gmt":"2026-03-23T10:54:36","guid":{"rendered":"http:\/\/ksiegarnia-akademicka.pl\/?post_type=product&#038;p=21806"},"modified":"2026-03-23T11:54:37","modified_gmt":"2026-03-23T10:54:37","slug":"kodeks-spolek-handlowych-komentarz","status":"publish","type":"product","link":"https:\/\/ksiegarnia-akademicka.pl\/index.php\/product\/kodeks-spolek-handlowych-komentarz\/","title":{"rendered":"Kodeks sp\u00f3\u0142ek handlowych. Komentarz"},"content":{"rendered":"<p><strong>Autor:<\/strong>\u00a0r.pr. Jacek Bieniak,\u00a0adw. dr Micha\u0142 Bieniak,\u00a0dr Grzegorz Nita-Jagielski,\u00a0dr hab. Krzysztof Oplustil, prof. UJ,\u00a0r.pr. Robert Pabis,\u00a0dr Anna Rachwa\u0142,\u00a0dr hab. Marcin Spyra,\u00a0adw. dr hab. Grzegorz Suli\u0144ski,\u00a0adw. dr Marcin Tofel,\u00a0adw. dr Ma\u0142gorzata Wawer,\u00a0prof. dr hab. Robert Zaw\u0142ocki<\/p>\n<p>Wydawca: C.H. Beck<\/p>\n<p><strong>Seria:<\/strong> Du\u017ce Komentarze Becka<\/p>\n<p><strong>Rok wydania:<\/strong> 2026<\/p>\n<p><strong>Wydanie:<\/strong> 10<\/p>\n<p><strong>Oprawa:<\/strong> Twarda<\/p>\n<p><strong>Liczba stron:<\/strong> 1936<\/p>\n<p><strong>Wymiary:<\/strong> 160&#215;240 mm<\/p>\n<p><strong>Waga:<\/strong> 2100 g<\/p>\n<p><strong>ISBN:<\/strong>\u00a0978-83-8411-008-9<\/p>\n<p>&nbsp;<\/p>\n<p>Komentarz do Kodeksu sp\u00f3\u0142ek handlowych stanowi wyczerpuj\u0105ce\u00a0<strong>om\u00f3wienie przepis\u00f3w og\u00f3lnych KSH<\/strong>\u00a0maj\u0105cych zastosowanie do wszystkich typ\u00f3w sp\u00f3\u0142ek,\u00a0<strong>analiz\u0119 poszczeg\u00f3lnych sp\u00f3\u0142ek handlowych<\/strong>\u00a0\u2013 ich tworzenie, organizacj\u0119, funkcjonowanie, rozwi\u0105zywanie, \u0142\u0105czenie, podzia\u0142, a tak\u017ce\u00a0<strong>przepisy karne<\/strong>.<\/p>\n<p>Publikacja zawiera r\u00f3wnie\u017c bogat\u0105\u00a0<strong>analiz\u0119 orzecznictwa i pogl\u0105d\u00f3w doktryny<\/strong>: zar\u00f3wno starszych, jak i tych najnowszych.<\/p>\n<p><strong>Komentarz zawiera stan prawny na dzie\u0144 15.2.2026 r.\u00a0<\/strong>oraz zmiany wchodz\u0105ce w \u017cycie 18.2.2027 r.<\/p>\n<p>Komentarz uwzgl\u0119dnia\u00a0<strong>najnowsze zmiany, w tym zmiany dokonane ustaw\u0105 z dnia 23 stycznia 2026 r.<\/strong>\u00a0o zmianie ustawy \u2013 Kodeks sp\u00f3\u0142ek handlowych oraz niekt\u00f3rych innych ustaw, kt\u00f3ra m.in.<\/p>\n<ul>\n<li>nak\u0142ada na zarz\u0105d sp\u00f3\u0142ki oraz podmiot prowadz\u0105cy rejestr akcjonariuszy nowe obowi\u0105zki,<\/li>\n<li>rezygnuje z podzia\u0142u akcji na imienne i na okaziciela,<\/li>\n<li>rozszerza zakres danych, kt\u00f3re b\u0119d\u0105 ujawniane w rejestrze akcjonariuszy,<\/li>\n<li>rozszerza katalog przes\u0142anek utraty wa\u017cno\u015bci \u015bwiadectwa rejestrowego.<\/li>\n<\/ul>\n<p>Wysoki poziom merytoryczny Komentarza gwarantuj\u0105 Autorzy, kt\u00f3rzy s\u0105 nie tylko pracownikami naukowymi w najwi\u0119kszych o\u015brodkach naukowych w Polsce, ale r\u00f3wnie\u017c praktykami.<\/p>\n<p>Komentarz adresowany jest do praktyk\u00f3w (s\u0119dzi\u00f3w, adwokat\u00f3w, radc\u00f3w prawnych), a tak\u017ce naukowc\u00f3w zajmuj\u0105cych si\u0119 prawem gospodarczym i handlowym.<\/p>\n","protected":false},"excerpt":{"rendered":"<p>Autor:\u00a0r.pr. Jacek Bieniak,\u00a0adw. dr Micha\u0142 Bieniak,\u00a0dr Grzegorz Nita-Jagielski,\u00a0dr hab. Krzysztof [&hellip;]<\/p>\n","protected":false},"featured_media":21807,"template":"","meta":[],"product_brand":[],"product_cat":[7495,7530,18],"product_tag":[429,781],"class_list":{"0":"post-21806","1":"product","2":"type-product","3":"status-publish","4":"has-post-thumbnail","6":"product_cat-gospodarcze-i-handlowe","7":"product_cat-nowosci","8":"product_cat-prawo","9":"product_tag-prawo-handlowe","10":"product_tag-seria-duze-komentarze-becka","12":"first","13":"instock","14":"sale","15":"shipping-taxable","16":"purchasable","17":"product-type-simple"},"_links":{"self":[{"href":"https:\/\/ksiegarnia-akademicka.pl\/index.php\/wp-json\/wp\/v2\/product\/21806","targetHints":{"allow":["GET"]}}],"collection":[{"href":"https:\/\/ksiegarnia-akademicka.pl\/index.php\/wp-json\/wp\/v2\/product"}],"about":[{"href":"https:\/\/ksiegarnia-akademicka.pl\/index.php\/wp-json\/wp\/v2\/types\/product"}],"wp:featuredmedia":[{"embeddable":true,"href":"https:\/\/ksiegarnia-akademicka.pl\/index.php\/wp-json\/wp\/v2\/media\/21807"}],"wp:attachment":[{"href":"https:\/\/ksiegarnia-akademicka.pl\/index.php\/wp-json\/wp\/v2\/media?parent=21806"}],"wp:term":[{"taxonomy":"product_brand","embeddable":true,"href":"https:\/\/ksiegarnia-akademicka.pl\/index.php\/wp-json\/wp\/v2\/product_brand?post=21806"},{"taxonomy":"product_cat","embeddable":true,"href":"https:\/\/ksiegarnia-akademicka.pl\/index.php\/wp-json\/wp\/v2\/product_cat?post=21806"},{"taxonomy":"product_tag","embeddable":true,"href":"https:\/\/ksiegarnia-akademicka.pl\/index.php\/wp-json\/wp\/v2\/product_tag?post=21806"}],"curies":[{"name":"wp","href":"https:\/\/api.w.org\/{rel}","templated":true}]}}