{"id":21800,"date":"2026-03-19T14:51:53","date_gmt":"2026-03-19T13:51:53","guid":{"rendered":"http:\/\/ksiegarnia-akademicka.pl\/?post_type=product&#038;p=21800"},"modified":"2026-03-19T14:51:53","modified_gmt":"2026-03-19T13:51:53","slug":"prawo-prywatne-miedzynarodowe-zarys-systemu-testy-online","status":"publish","type":"product","link":"https:\/\/ksiegarnia-akademicka.pl\/index.php\/product\/prawo-prywatne-miedzynarodowe-zarys-systemu-testy-online\/","title":{"rendered":"Prawo prywatne mi\u0119dzynarodowe. Zarys systemu + Testy online"},"content":{"rendered":"<div class=\"grupa osoby\"><span class=\"meta-head\">Autor: <\/span>Maksymilian Pazdan, Krzysztof Pacu\u0142a<\/div>\n<div class=\"grupa wydawca\"><span class=\"meta-head\">Wydawca:<\/span>\u00a0Wolters Kluwer<\/div>\n<div class=\"grupa dane\">\n<div>Oprawa:\u00a0<span class=\"meta-value-bold\">Mi\u0119kka<\/span><\/div>\n<div>Liczba stron:\u00a0<span class=\"meta-value-bold\">756<\/span><\/div>\n<div>Wydanie:\u00a0<span class=\"meta-value-bold\">1<\/span><\/div>\n<div>Rok wydania:\u00a0<span class=\"meta-value-bold\">2026<\/span><\/div>\n<div>J\u0119zyk wydania:\u00a0<span class=\"meta-value-bold\">polski<\/span><\/div>\n<\/div>\n<div><\/div>\n<div><strong>Stan prawny 1 lutego 2026 r.<\/strong><\/div>\n<div>Podr\u0119cznik zawiera wyk\u0142ad prawa prywatnego mi\u0119dzynarodowego obowi\u0105zuj\u0105cego w Polsce.<\/p>\n<p>Przedmiotem analizy s\u0105 zar\u00f3wno krajowe, jak i konwencyjne oraz unijne \u017ar\u00f3d\u0142a tego dzia\u0142u prawa. Uwzgl\u0119dniono tak\u017ce zagadnienia z pogranicza omawianej dziedziny i innych dziedzin prawa, takich jak prawo Unii Europejskiej, prawo mi\u0119dzynarodowe publiczne i prawo mi\u0119dzynarodowego post\u0119powania cywilnego. Aby ukaza\u0107 ca\u0142o\u015b\u0107 obrazu funkcjonowania norm kolizyjnych wskazuj\u0105cych prawo w\u0142a\u015bciwe w\u0142\u0105czono do ksi\u0105\u017cki om\u00f3wienia jurysdykcji krajowej i niekt\u00f3rych innych instytucji mi\u0119dzynarodowego prawa procesowego cywilnego. W opracowaniu wzi\u0119to pod uwag\u0119 judykatur\u0119 s\u0105d\u00f3w polskich i (w niezb\u0119dnym zakresie) s\u0105d\u00f3w innych pa\u0144stw cz\u0142onkowskich Unii oraz orzecznictwo Trybuna\u0142u Sprawiedliwo\u015bci Unii Europejskiej i Europejskiego Trybuna\u0142u Praw Cz\u0142owieka, a tak\u017ce aktualne tendencje w doktrynie \u015bwiatowej i europejskiej.<\/p>\n<p>Zamieszczone w ksi\u0105\u017cce wywody zosta\u0142y wzbogacone licznymi przyk\u0142adami u\u0142atwiaj\u0105cymi zrozumienie omawianych zagadnie\u0144. Zamieszczono te\u017c obja\u015bnienie termin\u00f3w i zwrot\u00f3w \u0142aci\u0144skich wyst\u0119puj\u0105cych w ksi\u0105\u017cce lub pojawiaj\u0105cych si\u0119 na wyk\u0142adach z tego przedmiotu.<\/p>\n<p>Ksi\u0105\u017cka jest przeznaczona g\u0142\u00f3wnie dla student\u00f3w, powinna by\u0107 przydatna tak\u017ce dla przedstawicieli wszystkich zawod\u00f3w prawniczych, w szczeg\u00f3lno\u015bci za\u015b dla s\u0119dzi\u00f3w, notariuszy, adwokat\u00f3w, radc\u00f3w prawnych, rzecznik\u00f3w patentowych, urz\u0119dnik\u00f3w stanu cywilnego, prokurator\u00f3w, niekt\u00f3rych organ\u00f3w administracji pa\u0144stwowej i samorz\u0105dowej oraz przedstawicieli w\u0142adzy ustawodawczej.<\/p><\/div>\n","protected":false},"excerpt":{"rendered":"<p>Autor: Maksymilian Pazdan, Krzysztof Pacu\u0142a Wydawca:\u00a0Wolters Kluwer Oprawa:\u00a0Mi\u0119kka Liczba stron:\u00a0756 [&hellip;]<\/p>\n","protected":false},"featured_media":21801,"template":"","meta":[],"product_brand":[],"product_cat":[7530,18,7719],"product_tag":[1027,330],"class_list":{"0":"post-21800","1":"product","2":"type-product","3":"status-publish","4":"has-post-thumbnail","6":"product_cat-nowosci","7":"product_cat-prawo","8":"product_cat-prawo-miedzynarodowe","9":"product_tag-prawo-miedzynarodowe","10":"product_tag-seria-akademicka","12":"first","13":"instock","14":"sale","15":"shipping-taxable","16":"purchasable","17":"product-type-simple"},"_links":{"self":[{"href":"https:\/\/ksiegarnia-akademicka.pl\/index.php\/wp-json\/wp\/v2\/product\/21800","targetHints":{"allow":["GET"]}}],"collection":[{"href":"https:\/\/ksiegarnia-akademicka.pl\/index.php\/wp-json\/wp\/v2\/product"}],"about":[{"href":"https:\/\/ksiegarnia-akademicka.pl\/index.php\/wp-json\/wp\/v2\/types\/product"}],"wp:featuredmedia":[{"embeddable":true,"href":"https:\/\/ksiegarnia-akademicka.pl\/index.php\/wp-json\/wp\/v2\/media\/21801"}],"wp:attachment":[{"href":"https:\/\/ksiegarnia-akademicka.pl\/index.php\/wp-json\/wp\/v2\/media?parent=21800"}],"wp:term":[{"taxonomy":"product_brand","embeddable":true,"href":"https:\/\/ksiegarnia-akademicka.pl\/index.php\/wp-json\/wp\/v2\/product_brand?post=21800"},{"taxonomy":"product_cat","embeddable":true,"href":"https:\/\/ksiegarnia-akademicka.pl\/index.php\/wp-json\/wp\/v2\/product_cat?post=21800"},{"taxonomy":"product_tag","embeddable":true,"href":"https:\/\/ksiegarnia-akademicka.pl\/index.php\/wp-json\/wp\/v2\/product_tag?post=21800"}],"curies":[{"name":"wp","href":"https:\/\/api.w.org\/{rel}","templated":true}]}}