{"id":21790,"date":"2026-03-17T13:39:30","date_gmt":"2026-03-17T12:39:30","guid":{"rendered":"http:\/\/ksiegarnia-akademicka.pl\/?post_type=product&#038;p=21790"},"modified":"2026-03-17T13:39:31","modified_gmt":"2026-03-17T12:39:31","slug":"metody-i-narzedzia-analizy-finansowej-przedsiebiorstwa","status":"publish","type":"product","link":"https:\/\/ksiegarnia-akademicka.pl\/index.php\/product\/metody-i-narzedzia-analizy-finansowej-przedsiebiorstwa\/","title":{"rendered":"Metody i narz\u0119dzia analizy finansowej przedsi\u0119biorstwa"},"content":{"rendered":"<div class=\"grupa osoby\"><span class=\"meta-head\">Autor: <\/span>Tadeusz Dudycz<\/div>\n<div class=\"grupa wydawca\"><span class=\"meta-head\">Wydawca:<\/span>\u00a0PWE<\/div>\n<div class=\"grupa dane\">\n<div>Oprawa:\u00a0<span class=\"meta-value-bold\">Mi\u0119kka<\/span><\/div>\n<div>Liczba stron:\u00a0<span class=\"meta-value-bold\">350<\/span><\/div>\n<div>Rok wydania:\u00a0<span class=\"meta-value-bold\">2025<\/span><\/div>\n<div>J\u0119zyk wydania:\u00a0<span class=\"meta-value-bold\">polski<\/span><\/div>\n<\/div>\n<div><\/div>\n<div>Rosn\u0105ca dynamika zmian w otoczeniu gospodarczym przedsi\u0119biorstwa stawia przed kadr\u0105 kierownicz\u0105 przedsi\u0119biorstw coraz wi\u0119ksze wymagania w zakresie posiadanych kwalifikacji. Nieodzown\u0105 umiej\u0119tno\u015bci\u0105 kierownicz\u0105 jest umiej\u0119tno\u015b\u0107 diagnostyczno-analityczna, kt\u00f3ra pozwala na rozpoznawanie przyczyn powsta\u0142ych problem\u00f3w, koncentrowanie si\u0119 na najwa\u017cniejszym z nich i zaprojektowanie najw\u0142a\u015bciwszej reakcji w danej sytuacji. Jednymi z najpowszechniejszych i najcz\u0119\u015bciej sporz\u0105dzanych analiz s\u0105 analizy finansowe, kt\u00f3re pozwalaj\u0105 spojrze\u0107 na przedsi\u0119biorstwo przez pryzmat aspekt\u00f3w finansowych, a jednym z g\u0142\u00f3wnych \u017ar\u00f3d\u0142em informacji na potrzeby sporz\u0105dzania tych analiz jest system ewidencyjny rachunkowo\u015bci, kt\u00f3ry wspomagany informacjami zewn\u0119trznymi pozwala oceni\u0107 organizacj\u0119 na tle aktualnej sytuacji gospodarczej. Jednak powszechno\u015b\u0107 i ogromne zapotrzebowanie na analizy finansowe zg\u0142aszane przez r\u00f3\u017cne podmioty zwi\u0105zane z przedsi\u0119biorstwem wywo\u0142uje tendencje do ich automatyzowania i upraszczania, a cz\u0119sto te\u017c trywializowania. W procesach analitycznych nie mo\u017cna za\u015b stosowa\u0107 automatyzmu i uniwersalizmu w doborze narz\u0119dzi.<\/p>\n<p>Ksi\u0105\u017cka, kt\u00f3r\u0105 oddajemy do r\u0105k Czytelnik\u00f3w, nie zawiera gotowych i uniwersalnych zestaw\u00f3w narz\u0119dzi i metod, lecz raczej sk\u0142ania do samodzielnego ich dobierania i konstruowania w zale\u017cno\u015bci od jako\u015bci posiadanych informacji \u017ar\u00f3d\u0142owych oraz potrzeb w zakresie proces\u00f3w decyzyjnych. Liczne przyk\u0142ady maj\u0105 za zadanie u\u0142atwi\u0107 Czytelnikowi zrozumienie prezentowanego wyk\u0142adu oraz pog\u0142\u0119bi\u0107 umiej\u0119tno\u015bci interpretacji wynik\u00f3w analizy. Wyniki bada\u0144 nad kszta\u0142towaniem si\u0119 niekt\u00f3rych parametr\u00f3w finansowych w polskich przedsi\u0119biorstwach maj\u0105 za zadanie u\u0142atwi\u0107 wyrobienie sobie pogl\u0105du o polskiej praktyce w tym zakresie, a tym samym wspom\u00f3c interpretacj\u0119 wynik\u00f3w uzyskiwanych we w\u0142asnej organizacji. Temu samemu celowi s\u0142u\u017c\u0105 przedstawione w ksi\u0105\u017cce studia przypadk\u00f3w z wykorzystywaniem rzeczywistych danych.<\/p>\n<p>Ksi\u0105\u017cka jest wynikiem d\u0142ugoletnich bada\u0144 autora, jego do\u015bwiadczenia praktycznego oraz przemy\u015ble\u0144 podczas zaj\u0119\u0107 dydaktycznych ze studentami studi\u00f3w magisterskich, podyplomowych, MBA oraz szkole\u0144 dla kadr zarz\u0105dczych.<\/p><\/div>\n","protected":false},"excerpt":{"rendered":"<p>Autor: Tadeusz Dudycz Wydawca:\u00a0PWE Oprawa:\u00a0Mi\u0119kka Liczba stron:\u00a0350 Rok wydania:\u00a02025 J\u0119zyk [&hellip;]<\/p>\n","protected":false},"featured_media":21791,"template":"","meta":[],"product_brand":[],"product_cat":[7516,7530,31],"product_tag":[438,437],"class_list":{"0":"post-21790","1":"product","2":"type-product","3":"status-publish","4":"has-post-thumbnail","6":"product_cat-finanse-przedsiebiorstwa","7":"product_cat-nowosci","8":"product_cat-przedsiebiorstwo","9":"product_tag-analiza-finansowa","10":"product_tag-finanse-przedsiebiorstwa","12":"first","13":"instock","14":"sale","15":"shipping-taxable","16":"purchasable","17":"product-type-simple"},"_links":{"self":[{"href":"https:\/\/ksiegarnia-akademicka.pl\/index.php\/wp-json\/wp\/v2\/product\/21790","targetHints":{"allow":["GET"]}}],"collection":[{"href":"https:\/\/ksiegarnia-akademicka.pl\/index.php\/wp-json\/wp\/v2\/product"}],"about":[{"href":"https:\/\/ksiegarnia-akademicka.pl\/index.php\/wp-json\/wp\/v2\/types\/product"}],"wp:featuredmedia":[{"embeddable":true,"href":"https:\/\/ksiegarnia-akademicka.pl\/index.php\/wp-json\/wp\/v2\/media\/21791"}],"wp:attachment":[{"href":"https:\/\/ksiegarnia-akademicka.pl\/index.php\/wp-json\/wp\/v2\/media?parent=21790"}],"wp:term":[{"taxonomy":"product_brand","embeddable":true,"href":"https:\/\/ksiegarnia-akademicka.pl\/index.php\/wp-json\/wp\/v2\/product_brand?post=21790"},{"taxonomy":"product_cat","embeddable":true,"href":"https:\/\/ksiegarnia-akademicka.pl\/index.php\/wp-json\/wp\/v2\/product_cat?post=21790"},{"taxonomy":"product_tag","embeddable":true,"href":"https:\/\/ksiegarnia-akademicka.pl\/index.php\/wp-json\/wp\/v2\/product_tag?post=21790"}],"curies":[{"name":"wp","href":"https:\/\/api.w.org\/{rel}","templated":true}]}}