{"id":21779,"date":"2026-03-11T11:52:40","date_gmt":"2026-03-11T10:52:40","guid":{"rendered":"http:\/\/ksiegarnia-akademicka.pl\/?post_type=product&#038;p=21779"},"modified":"2026-03-11T11:52:40","modified_gmt":"2026-03-11T10:52:40","slug":"interpretacja-ekg-kurs-zaawansowany-wszystko-co-powinien-wiedziec-kardiolog-o-ekg","status":"publish","type":"product","link":"https:\/\/ksiegarnia-akademicka.pl\/index.php\/product\/interpretacja-ekg-kurs-zaawansowany-wszystko-co-powinien-wiedziec-kardiolog-o-ekg\/","title":{"rendered":"Interpretacja EKG. Kurs zaawansowany. Wszystko co powinien wiedzie\u0107 kardiolog o EKG"},"content":{"rendered":"<p>Autor: Ma\u0142gorzata Kurpesa<\/p>\n<p>Wydawnictwo: PZWL<\/p>\n<p>Rok wydania: 2019<\/p>\n<p>ISBN: 978-83-200-5671-6<\/p>\n<p>Strony: 848<\/p>\n<p>&nbsp;<\/p>\n<p>Pierwsza po wielu latach ksi\u0105\u017cka na polskim rynku, kt\u00f3ra w uj\u0119ciu bardzo szczeg\u00f3\u0142owym i specjalistycznym jest kompleksowym zbiorem informacji na temat zasad analizy EKG, nieprawid\u0142owo\u015bci krzywej EKG i schorze\u0144 rozpoznawanych na podstawie EKG.<\/p>\n<p>Ksi\u0105\u017cka powsta\u0142a pod patronatem Sekcji Elektrokardiologii Nieinwazyjnej i Telemedycyny polskiego Towarzystwa Kardiologicznego (SENiT PTK), zawiera oko\u0142o 300 wykres\u00f3w EKG, zinterpretowanych z pe\u0142nymi opisami, oraz bogat\u0105 cz\u0119\u015b\u0107 teoretyczn\u0105.<\/p>\n<p>Autorami s\u0105 polscy specjali\u015bci, uznane autorytety w zakresie elektrokardiologii nieinwazyjnej.<\/p>\n<p>Podr\u0119cznik skierowany jest g\u0142\u00f3wnie dla specjalist\u00f3w w dziedzinie kardiologii.<\/p>\n","protected":false},"excerpt":{"rendered":"<p>Autor: Ma\u0142gorzata Kurpesa Wydawnictwo: PZWL Rok wydania: 2019 ISBN: 978-83-200-5671-6 [&hellip;]<\/p>\n","protected":false},"featured_media":21780,"template":"","meta":[],"product_brand":[],"product_cat":[7991,7493],"product_tag":[6545,2312,7057],"class_list":{"0":"post-21779","1":"product","2":"type-product","3":"status-publish","4":"has-post-thumbnail","6":"product_cat-kardiologia","7":"product_cat-medycyna","8":"product_tag-ekg","9":"product_tag-interpretacja-wynikow","10":"product_tag-kardiologia","12":"first","13":"instock","14":"sale","15":"shipping-taxable","16":"purchasable","17":"product-type-simple"},"_links":{"self":[{"href":"https:\/\/ksiegarnia-akademicka.pl\/index.php\/wp-json\/wp\/v2\/product\/21779","targetHints":{"allow":["GET"]}}],"collection":[{"href":"https:\/\/ksiegarnia-akademicka.pl\/index.php\/wp-json\/wp\/v2\/product"}],"about":[{"href":"https:\/\/ksiegarnia-akademicka.pl\/index.php\/wp-json\/wp\/v2\/types\/product"}],"wp:featuredmedia":[{"embeddable":true,"href":"https:\/\/ksiegarnia-akademicka.pl\/index.php\/wp-json\/wp\/v2\/media\/21780"}],"wp:attachment":[{"href":"https:\/\/ksiegarnia-akademicka.pl\/index.php\/wp-json\/wp\/v2\/media?parent=21779"}],"wp:term":[{"taxonomy":"product_brand","embeddable":true,"href":"https:\/\/ksiegarnia-akademicka.pl\/index.php\/wp-json\/wp\/v2\/product_brand?post=21779"},{"taxonomy":"product_cat","embeddable":true,"href":"https:\/\/ksiegarnia-akademicka.pl\/index.php\/wp-json\/wp\/v2\/product_cat?post=21779"},{"taxonomy":"product_tag","embeddable":true,"href":"https:\/\/ksiegarnia-akademicka.pl\/index.php\/wp-json\/wp\/v2\/product_tag?post=21779"}],"curies":[{"name":"wp","href":"https:\/\/api.w.org\/{rel}","templated":true}]}}