{"id":21729,"date":"2026-02-27T15:43:56","date_gmt":"2026-02-27T14:43:56","guid":{"rendered":"http:\/\/ksiegarnia-akademicka.pl\/?post_type=product&#038;p=21729"},"modified":"2026-02-27T15:43:56","modified_gmt":"2026-02-27T14:43:56","slug":"prawo-podatkowe-z-testami-online","status":"publish","type":"product","link":"https:\/\/ksiegarnia-akademicka.pl\/index.php\/product\/prawo-podatkowe-z-testami-online\/","title":{"rendered":"Prawo podatkowe z testami online"},"content":{"rendered":"<div class=\"grupa seria\"><span class=\"meta-head-blue\">Nale\u017cy do serii: <\/span>PODR\u0118CZNIKI PRAWNICZE<\/div>\n<div class=\"grupa osoby\"><span class=\"meta-head\">Autor: Pawe\u0142 Smole\u0144 (red.), <\/span>Burzec M., Gorgol A. i inni<\/div>\n<div class=\"grupa osoby\"><span class=\"meta-head-blue\">Redakcja:<\/span>\u00a0<span class=\"meta-value\">Smole\u0144 Pawe\u0142<\/span><\/div>\n<div class=\"grupa wydawca\"><span class=\"meta-head\">Wydawca:<\/span>\u00a0C.H. Beck<\/div>\n<div class=\"grupa dane\">\n<div>Oprawa:\u00a0<span class=\"meta-value-bold\">Mi\u0119kka<\/span><\/div>\n<div>Format:\u00a0<span class=\"meta-value-bold\">14.5&#215;20.5cm<\/span><\/div>\n<div>Liczba stron:\u00a0<span class=\"meta-value-bold\">558<\/span><\/div>\n<div>Wydanie:\u00a0<span class=\"meta-value-bold\">7<\/span><\/div>\n<div>Rok wydania:\u00a0<span class=\"meta-value-bold\">2025<\/span><\/div>\n<div>J\u0119zyk wydania:\u00a0<span class=\"meta-value-bold\">polski<\/span><\/div>\n<\/div>\n<div><\/div>\n<div>Podr\u0119cznik przyst\u0119pnie i szczeg\u00f3\u0142owo omawia najwa\u017cniejsze kwestie z zakresu podatk\u00f3w i prawa podatkowego.<\/p>\n<p>Om\u00f3wiono w nim zagadnienia dotycz\u0105ce m.in.:<br \/>\npoj\u0119cia i charakteru podatku jako dochodu publicznego,<br \/>\nstandard\u00f3w polskiego prawa podatkowego,<br \/>\nordynacji podatkowej &#8211; cz\u0119\u015bci materialnej i procesowej,<br \/>\npo\u015brednich i bezpo\u015brednich podatk\u00f3w pa\u0144stwowych,<br \/>\npodatk\u00f3w samorz\u0105dowych,<br \/>\nmi\u0119dzynarodowego prawa podatkowego,<br \/>\nparapodatk\u00f3w.<\/p>\n<p>Struktura opracowania nawi\u0105zuje do tradycyjnej sekwencji omawiania poszczeg\u00f3lnych zagadnie\u0144. Warstwa szczeg\u00f3\u0142owych rozwi\u0105za\u0144 obowi\u0105zuj\u0105cego porz\u0105dku prawnego poprzedzona jest prezentacj\u0105 \u2013 bezpo\u015brednio z ni\u0105 powi\u0105zanych \u2013 zagadnie\u0144 teoretycznych. W podr\u0119czniku uwzgl\u0119dniono bogaty dorobek nauki oraz orzecznictwo s\u0105dowe.<\/p>\n<p>Publikacja skierowana jest przede wszystkim do uczestnik\u00f3w wyk\u0142ad\u00f3w kursowych, wyk\u0142ad\u00f3w specjalizacyjnych (konwersatori\u00f3w, fakultet\u00f3w), seminari\u00f3w magisterskich i doktorskich, prowadzonych dla student\u00f3w oraz absolwent\u00f3w prawa, administracji, europeistyki oraz kierunk\u00f3w ekonomicznych. Mo\u017ce by\u0107 tak\u017ce pomocna w trakcie r\u00f3\u017cnorodnych studi\u00f3w podyplomowych, kurs\u00f3w dla doradc\u00f3w podatkowych, czy aplikacji prawniczych.<\/p>\n<p>W mojej ocenie jest to najlepszy podr\u0119cznik z prawa podatkowego dost\u0119pny na rynku wydawniczym. Jest zdecydowanie lepszy, co nie powinno dziwi\u0107, ni\u017c samo prawo podatkowe, kt\u00f3re jest jego przedmiotem. (\u2026) Trudno\u015bci ze zrozumieniem przepis\u00f3w reguluj\u0105cych funkcjonowanie podatk\u00f3w bior\u0105 si\u0119 stad, \u017ce jest ono \u00abnieczytelne\u00bb nie tylko dla studenta, ale bardzo cz\u0119sto tak\u017ce dla fachowc\u00f3w zawodowo zajmuj\u0105cych si\u0119 stosowaniem i interpretacj\u0105 tych przepis\u00f3w. W recenzowanym podr\u0119czniku natomiast w spos\u00f3b przejrzysty i logiczny uporz\u0105dkowano wszystkie instytucje prawa podatkowego, odpowiednio je klasyfikuj\u0105c i przedstawiaj\u0105c we w\u0142a\u015bciwej kolejno\u015bci. (&#8230;) Jego lektura umo\u017cliwia poznanie jednej z najtrudniejszych ga\u0142\u0119zi prawa wszystkim zainteresowanym.<br \/>\nProf. dr hab. Leonard Etel (fragment recenzji wydawniczej)<\/p><\/div>\n","protected":false},"excerpt":{"rendered":"<p>Nale\u017cy do serii: PODR\u0118CZNIKI PRAWNICZE Autor: Pawe\u0142 Smole\u0144 (red.), Burzec [&hellip;]<\/p>\n","protected":false},"featured_media":21730,"template":"","meta":[],"product_brand":[],"product_cat":[22],"product_tag":[1055,701],"class_list":{"0":"post-21729","1":"product","2":"type-product","3":"status-publish","4":"has-post-thumbnail","6":"product_cat-podatki-i-prawo-podatkowe","7":"product_tag-prawo-podatkowe","8":"product_tag-seria-podreczniki-prawnicze","10":"first","11":"instock","12":"sale","13":"shipping-taxable","14":"purchasable","15":"product-type-simple"},"_links":{"self":[{"href":"https:\/\/ksiegarnia-akademicka.pl\/index.php\/wp-json\/wp\/v2\/product\/21729","targetHints":{"allow":["GET"]}}],"collection":[{"href":"https:\/\/ksiegarnia-akademicka.pl\/index.php\/wp-json\/wp\/v2\/product"}],"about":[{"href":"https:\/\/ksiegarnia-akademicka.pl\/index.php\/wp-json\/wp\/v2\/types\/product"}],"wp:featuredmedia":[{"embeddable":true,"href":"https:\/\/ksiegarnia-akademicka.pl\/index.php\/wp-json\/wp\/v2\/media\/21730"}],"wp:attachment":[{"href":"https:\/\/ksiegarnia-akademicka.pl\/index.php\/wp-json\/wp\/v2\/media?parent=21729"}],"wp:term":[{"taxonomy":"product_brand","embeddable":true,"href":"https:\/\/ksiegarnia-akademicka.pl\/index.php\/wp-json\/wp\/v2\/product_brand?post=21729"},{"taxonomy":"product_cat","embeddable":true,"href":"https:\/\/ksiegarnia-akademicka.pl\/index.php\/wp-json\/wp\/v2\/product_cat?post=21729"},{"taxonomy":"product_tag","embeddable":true,"href":"https:\/\/ksiegarnia-akademicka.pl\/index.php\/wp-json\/wp\/v2\/product_tag?post=21729"}],"curies":[{"name":"wp","href":"https:\/\/api.w.org\/{rel}","templated":true}]}}