{"id":21727,"date":"2026-02-25T16:08:28","date_gmt":"2026-02-25T15:08:28","guid":{"rendered":"http:\/\/ksiegarnia-akademicka.pl\/?post_type=product&#038;p=21727"},"modified":"2026-02-25T16:08:28","modified_gmt":"2026-02-25T15:08:28","slug":"pielegniarstwo-anestezjologiczne-i-intensywnej-opieki-2","status":"publish","type":"product","link":"https:\/\/ksiegarnia-akademicka.pl\/index.php\/product\/pielegniarstwo-anestezjologiczne-i-intensywnej-opieki-2\/","title":{"rendered":"Piel\u0119gniarstwo anestezjologiczne i intensywnej opieki"},"content":{"rendered":"<p>Autor:\u00a0Danuta Dyk,\u00a0Aleksandra Gutysz-Wojnicka<\/p>\n<p>Wydawnictwo:\u00a0PZWL<\/p>\n<p>Rok wydania:\u00a02025<\/p>\n<p>ISBN:\u00a0978-83-01-24410-1<\/p>\n<p>Strony: 621<\/p>\n<p>&nbsp;<\/p>\n<p>II wydaniepodr\u0119cznika \u201ePiel\u0119gniarstwo anestezjologiczne i intensywnej opieki\u201c.<\/p>\n<p><strong>Autorzy, znani i cenieni specjali\u015bci, uwzgl\u0119dnili najnowsze wytyczne i standardy obowi\u0105zuj\u0105ce w anestezjologii oraz intensywnej opiece.<\/strong><\/p>\n<p>W ksi\u0105\u017cce przedstawiono aktualne procedury medyczne oraz nowoczesne podej\u015bcie do znieczulenia, z naciskiem na skuteczno\u015b\u0107 i bezpiecze\u0144stwo stosowanych metod. Uwzgl\u0119dniono r\u00f3wnie\u017c zagadnienia opieki nad pacjentem w intensywnej terapii, systematycznie przedstawiono etapy procesu piel\u0119gnowania oraz proces krytycznego poszukiwania zwi\u0105zk\u00f3w przyczynowo-skutkowych, kt\u00f3re umo\u017cliwiaj\u0105 trafne rozpoznanie piel\u0119gniarskie i planowanie opieki.<\/p>\n<p>Publikacja jest niezb\u0119dna w kszta\u0142ceniu przed- i podyplomowym piel\u0119gniarek. B\u0119dzie r\u00f3wnie\u017c \u017ar\u00f3d\u0142em wiedzy w codziennej praktyce zawodowej.<\/p>\n","protected":false},"excerpt":{"rendered":"<p>Autor:\u00a0Danuta Dyk,\u00a0Aleksandra Gutysz-Wojnicka Wydawnictwo:\u00a0PZWL Rok wydania:\u00a02025 ISBN:\u00a0978-83-01-24410-1 Strony: 621 &nbsp; [&hellip;]<\/p>\n","protected":false},"featured_media":21728,"template":"","meta":[],"product_brand":[],"product_cat":[7493,7965],"product_tag":[3994,7801],"class_list":{"0":"post-21727","1":"product","2":"type-product","3":"status-publish","4":"has-post-thumbnail","6":"product_cat-medycyna","7":"product_cat-pielegniarstwo","8":"product_tag-medycyna","9":"product_tag-pielegniarstwo-anestezjologiczne","11":"first","12":"instock","13":"sale","14":"shipping-taxable","15":"purchasable","16":"product-type-simple"},"_links":{"self":[{"href":"https:\/\/ksiegarnia-akademicka.pl\/index.php\/wp-json\/wp\/v2\/product\/21727","targetHints":{"allow":["GET"]}}],"collection":[{"href":"https:\/\/ksiegarnia-akademicka.pl\/index.php\/wp-json\/wp\/v2\/product"}],"about":[{"href":"https:\/\/ksiegarnia-akademicka.pl\/index.php\/wp-json\/wp\/v2\/types\/product"}],"wp:featuredmedia":[{"embeddable":true,"href":"https:\/\/ksiegarnia-akademicka.pl\/index.php\/wp-json\/wp\/v2\/media\/21728"}],"wp:attachment":[{"href":"https:\/\/ksiegarnia-akademicka.pl\/index.php\/wp-json\/wp\/v2\/media?parent=21727"}],"wp:term":[{"taxonomy":"product_brand","embeddable":true,"href":"https:\/\/ksiegarnia-akademicka.pl\/index.php\/wp-json\/wp\/v2\/product_brand?post=21727"},{"taxonomy":"product_cat","embeddable":true,"href":"https:\/\/ksiegarnia-akademicka.pl\/index.php\/wp-json\/wp\/v2\/product_cat?post=21727"},{"taxonomy":"product_tag","embeddable":true,"href":"https:\/\/ksiegarnia-akademicka.pl\/index.php\/wp-json\/wp\/v2\/product_tag?post=21727"}],"curies":[{"name":"wp","href":"https:\/\/api.w.org\/{rel}","templated":true}]}}