{"id":21713,"date":"2026-02-24T15:54:08","date_gmt":"2026-02-24T14:54:08","guid":{"rendered":"http:\/\/ksiegarnia-akademicka.pl\/?post_type=product&#038;p=21713"},"modified":"2026-02-24T15:54:08","modified_gmt":"2026-02-24T14:54:08","slug":"terapia-poznawczo-interpersonalna-anoreksji-u-doroslych","status":"publish","type":"product","link":"https:\/\/ksiegarnia-akademicka.pl\/index.php\/product\/terapia-poznawczo-interpersonalna-anoreksji-u-doroslych\/","title":{"rendered":"Terapia poznawczo-interpersonalna anoreksji u doros\u0142ych"},"content":{"rendered":"<div class=\"grupa osoby\"><span class=\"meta-head-blue\">Autor: <\/span>Schmidt,U. ,Startup, H., Treasure J.<\/div>\n<div class=\"grupa osoby\"><span class=\"meta-head-blue\">Redakcja:<\/span>\u00a0<span class=\"meta-value\">Paw\u0142owska I<\/span><\/div>\n<div class=\"grupa wydawca\"><span class=\"meta-head\">Wydawca:<\/span>\u00a0Edra Urban &amp; Partner<\/div>\n<div class=\"grupa dane\">\n<div>Oprawa:\u00a0<span class=\"meta-value-bold\">Mi\u0119kka<\/span><\/div>\n<div>Format:\u00a0<span class=\"meta-value-bold\">21.0&#215;27.0cm<\/span><\/div>\n<div>Liczba stron:\u00a0<span class=\"meta-value-bold\">256<\/span><\/div>\n<div>Rok wydania:\u00a0<span class=\"meta-value-bold\">2026<\/span><\/div>\n<div>J\u0119zyk wydania:\u00a0<span class=\"meta-value-bold\">polski<\/span><\/div>\n<\/div>\n<div><\/div>\n<div>Opisana przez Autorki metoda MANTRA to poznawczo interpersonalne podej\u015bcie w lecze\u00acniu anoreksji u doros\u0142ych, kt\u00f3re koncentruje si\u0119 na cechach osobowo\u015bci i relacjach podtrzy\u00acmuj\u0105cych chorob\u0119 oraz na budowaniu nowych sposob\u00f3w radzenia sobie. Wytyczne NICE rekomenduj\u0105 j\u0105 jako jedn\u0105 z trzech terapii pierwszego wyboru dla doros\u0142ych, a badania wskazuj\u0105 na jej szczeg\u00f3ln\u0105 skuteczno\u015b\u0107 u os\u00f3b z ci\u0119\u017cszymi postaciami anoreksji (znaczna utrata masy cia\u0142a, d\u0142ugi czas trwania choroby) oraz u os\u00f3b prezentuj\u0105cych typowe dla tego zaburzenia cechy osobowo\u015bci. Mo\u017ce by\u0107 stosowana zar\u00f3wno jako podstawowa forma terapii prowadzonej przez specjalist\u0119, jak i \u2013 przy odpowiednim nadzorze medycznym oraz minimalnym kontakcie z psychoterapeut\u0105 \u2013 w formie programu samopomocowego po leczeniu stacjonarnym, np. w profilaktyce nawrot\u00f3w.<br \/>\nNajwi\u0119ksz\u0105 warto\u015bci\u0105 terapeutyczn\u0105 niniejszej ksi\u0105\u017cki jest po\u0142\u0105czenie opartego na dowo\u00acdach modelu MANTRA z bardzo konkretnym, anga\u017cuj\u0105cym zeszytem \u0107wicze\u0144, kt\u00f3ry pro\u00acwadzi osob\u0119 z anoreksj\u0105 krok po kroku przez w\u0142asny proces zdrowienia.<br \/>\nLektura tego podr\u0119cznika umo\u017cliwia \u2013 dzi\u0119ki prze\u0142o\u017ceniu teorii na praktyk\u0119 \u2013 planowanie dzia\u0142a\u0144 sprzyjaj\u0105cych przezwyci\u0119\u017caniu anoreksji i odzyskiwaniu zdrowia. Model poznaw-czo interpersonalny zosta\u0142 rozpisany na modu\u0142y z \u0107wiczeniami, tabelami, pytaniami oraz przyk\u0142adami klinicznymi. Ksi\u0105\u017cka uczy m.in. wyznaczania cel\u00f3w (SMART, WOOP), projekto\u00acwania eksperyment\u00f3w behawioralnych oraz monitorowania post\u0119p\u00f3w, co realnie zwi\u0119ksza sprawczo\u015b\u0107 i motywacj\u0119.<br \/>\nPodr\u0119cznik MANTRA pokazuje r\u00f3wnie\u017c, w jaki spos\u00f3b reakcje rodziny \u2013 takie jak dostoso\u00acwywanie si\u0119 czy postawy okre\u015blane metaforycznie jako \u201ekangur\u201d, \u201emeduza\u201d, \u201enosoro\u017cec\u201d, \u201eterier\u201d \u2013 cz\u0119sto nieintencjonalnie wzmacniaj\u0105 mechanizmy anoreksji, oraz daje konkretne narz\u0119dzia, aby to zmieni\u0107. Dzi\u0119ki arkuszom przeznaczonym dla os\u00f3b wspieraj\u0105cych ksi\u0105\u017cka staje si\u0119 wsp\u00f3ln\u0105 przestrzeni\u0105 do pracy na linii pacjent\u2013bliscy\u2013psychoterapeuta.<br \/>\nMetoda MANTRA przynosi pacjentom kilka istotnych korzy\u015bci, kt\u00f3re wyra\u017anie wybrzmie\u00acwaj\u0105 na kartach tej ksi\u0105\u017cki. Badania pokazuj\u0105, \u017ce osoby leczone t\u0105 metod\u0105 \u2013 zw\u0142aszcza przy pierwszym epizodzie anoreksji \u2013 cz\u0119\u015bciej osi\u0105gaj\u0105 pe\u0142ne wyzdrowienie w perspekty\u00acwie dw\u00f3ch lat ni\u017c w niekt\u00f3rych innych podej\u015bciach terapeutycznych. Mniejsze jest zatem ryzyko nawrotu, poniewa\u017c pacjent ko\u0144czy terapi\u0119 z konkretnym, indywidualnym planem, co u\u0142atwia utrzymanie zmian w realnych sytuacjach stresu.<br \/>\ndr Izabela Paw\u0142owska<br \/>\nPsycholo\u017cka, certyfikowana psychoterapeutka poznawczo-behawioralna, certyfikowana superwizorka PTTPB; wyk\u0142adowczyni akademicka<\/div>\n","protected":false},"excerpt":{"rendered":"<p>Autor: Schmidt,U. ,Startup, H., Treasure J. Redakcja:\u00a0Paw\u0142owska I Wydawca:\u00a0Edra Urban [&hellip;]<\/p>\n","protected":false},"featured_media":21714,"template":"","meta":[],"product_brand":[],"product_cat":[27,7530,7509],"product_tag":[8694,1186],"class_list":{"0":"post-21713","1":"product","2":"type-product","3":"status-publish","4":"has-post-thumbnail","6":"product_cat-nauki-spoleczne","7":"product_cat-nowosci","8":"product_cat-psychologia","9":"product_tag-anoreksja","10":"product_tag-psychologia","12":"first","13":"instock","14":"sale","15":"shipping-taxable","16":"purchasable","17":"product-type-simple"},"_links":{"self":[{"href":"https:\/\/ksiegarnia-akademicka.pl\/index.php\/wp-json\/wp\/v2\/product\/21713","targetHints":{"allow":["GET"]}}],"collection":[{"href":"https:\/\/ksiegarnia-akademicka.pl\/index.php\/wp-json\/wp\/v2\/product"}],"about":[{"href":"https:\/\/ksiegarnia-akademicka.pl\/index.php\/wp-json\/wp\/v2\/types\/product"}],"wp:featuredmedia":[{"embeddable":true,"href":"https:\/\/ksiegarnia-akademicka.pl\/index.php\/wp-json\/wp\/v2\/media\/21714"}],"wp:attachment":[{"href":"https:\/\/ksiegarnia-akademicka.pl\/index.php\/wp-json\/wp\/v2\/media?parent=21713"}],"wp:term":[{"taxonomy":"product_brand","embeddable":true,"href":"https:\/\/ksiegarnia-akademicka.pl\/index.php\/wp-json\/wp\/v2\/product_brand?post=21713"},{"taxonomy":"product_cat","embeddable":true,"href":"https:\/\/ksiegarnia-akademicka.pl\/index.php\/wp-json\/wp\/v2\/product_cat?post=21713"},{"taxonomy":"product_tag","embeddable":true,"href":"https:\/\/ksiegarnia-akademicka.pl\/index.php\/wp-json\/wp\/v2\/product_tag?post=21713"}],"curies":[{"name":"wp","href":"https:\/\/api.w.org\/{rel}","templated":true}]}}