{"id":21711,"date":"2026-02-24T15:51:32","date_gmt":"2026-02-24T14:51:32","guid":{"rendered":"http:\/\/ksiegarnia-akademicka.pl\/?post_type=product&#038;p=21711"},"modified":"2026-02-24T15:51:32","modified_gmt":"2026-02-24T14:51:32","slug":"ettinger-choroby-wewnetrzne-malych-zwierzat-tom-1","status":"publish","type":"product","link":"https:\/\/ksiegarnia-akademicka.pl\/index.php\/product\/ettinger-choroby-wewnetrzne-malych-zwierzat-tom-1\/","title":{"rendered":"Ettinger. Choroby wewn\u0119trzne ma\u0142ych zwierz\u0105t. Tom.1"},"content":{"rendered":"<div class=\"grupa osoby\"><span class=\"meta-head\">Autor: <\/span>S.J. Ettinger<\/div>\n<div class=\"grupa osoby\"><span class=\"meta-head-blue\">Redakcja:<\/span>\u00a0<span class=\"meta-value\">Szulc J.<\/span><\/div>\n<div class=\"grupa wydawca\"><span class=\"meta-head\">Wydawca:<\/span>\u00a0Edra Urban &amp; Partner<\/div>\n<div class=\"grupa dane\">\n<div>Oprawa:\u00a0<span class=\"meta-value-bold\">Twarda<\/span><\/div>\n<div>Format:\u00a0<span class=\"meta-value-bold\">21.0&#215;27.0cm<\/span><\/div>\n<div>Liczba stron:\u00a0<span class=\"meta-value-bold\">670<\/span><\/div>\n<div>Rok wydania:\u00a0<span class=\"meta-value-bold\">2026<\/span><\/div>\n<div>J\u0119zyk wydania:\u00a0<span class=\"meta-value-bold\">polski<\/span><\/div>\n<\/div>\n<div><\/div>\n<div>\n<div><strong>Wszechstronne, kompletne \u017ar\u00f3d\u0142o informacji na temat diagnostyki i leczenia ma\u0142ych zwierz\u0105t<\/strong><\/div>\n<div><\/div>\n<div>Od ponad 50 lat podr\u0119cznik Choroby wewn\u0119trzne ma\u0142ych zwierz\u0105t Ettingera pozostaje zaufanym i wszechstronnym \u017ar\u00f3d\u0142em wiedzy w dziedzinie chor\u00f3b wewn\u0119trznych zwierz\u0105t towarzysz\u0105cych. To uznany na ca\u0142ym \u015bwiecie \u201ez\u0142oty standard\u201d w publikacjach dotycz\u0105cych diagnostyki i leczenia schorze\u0144 ps\u00f3w i kot\u00f3w.<\/div>\n<div>Przejrzysty, logiczny uk\u0142ad tre\u015bci odzwierciedla naturalny tok my\u015blenia lekarza praktyka, u\u0142atwiaj\u0105c szybkie odnalezienie kluczowych informacji oraz zastosowanie ich w codziennej pracy. Podr\u0119cznik wzbogacaj\u0105 filmy prezentuj\u0105ce objawy kliniczne, techniki diagnostyczne, procedury zabiegowe oraz wiele innych zagadnie\u0144 istotnych dla nowoczesnej praktyki weterynaryjnej.<\/div>\n<div><\/div>\n<div>Kto powinien przeczyta\u0107 ten podr\u0119cznik?<\/div>\n<ul>\n<li>Ka\u017cdy lekarz weterynarii, kt\u00f3ry pragnie posiada\u0107 zbi\u00f3r najlepszych szczeg\u00f3\u0142owych opis\u00f3w chor\u00f3b opisanych przez ponad 315 wiod\u0105cych ekspert\u00f3w z ca\u0142ego \u015bwiata.<\/li>\n<li>Zapalony praktyki, kt\u00f3ry chce czego\u015b wi\u0119cej ni\u017c tylko szablonowego przepisu i chcia\u0142by naprawd\u0119 zrozumie\u0107 proces chorobowy, zabieg lub objaw kliniczny.<\/li>\n<li>Sta\u017cysta lub \u015bwie\u017cy absolwent, kt\u00f3ry uczy si\u0119 zaawansowanych technik i potrzebuje aktualnego podsumowania w celu zrozumienia podstawowych informacji lub instrukcji dotycz\u0105cych wykonywania okre\u015blonych procedur oraz chcia\u0142by skorzysta\u0107 ze wskaz\u00f3wek zawartych w filmach przedstawiaj\u0105cych poszczeg\u00f3lne techniki.<\/li>\n<li>Rezydent chc\u0105cy zg\u0142\u0119bi\u0107 temat, przygotowuj\u0105c si\u0119 do egzaminu specjalizacyjnego.<\/li>\n<li>Specjalista, kt\u00f3ry chce przejrze\u0107 temat w ramach swojej specjalizacji, w celu potwierdzenia lub zaktualizowania informacji, lub innej, aby by\u0107 na bie\u017c\u0105co w mniej znanym obszarze.<\/li>\n<\/ul>\n<\/div>\n","protected":false},"excerpt":{"rendered":"<p>Autor: S.J. Ettinger Redakcja:\u00a0Szulc J. Wydawca:\u00a0Edra Urban &amp; Partner Oprawa:\u00a0Twarda [&hellip;]<\/p>\n","protected":false},"featured_media":21712,"template":"","meta":[],"product_brand":[],"product_cat":[7493,7530,8300],"product_tag":[7907,7859],"class_list":{"0":"post-21711","1":"product","2":"type-product","3":"status-publish","4":"has-post-thumbnail","6":"product_cat-medycyna","7":"product_cat-nowosci","8":"product_cat-weterynaria","9":"product_tag-choroby-wewnetrzne","10":"product_tag-weterynaria","12":"first","13":"instock","14":"sale","15":"shipping-taxable","16":"purchasable","17":"product-type-simple"},"_links":{"self":[{"href":"https:\/\/ksiegarnia-akademicka.pl\/index.php\/wp-json\/wp\/v2\/product\/21711","targetHints":{"allow":["GET"]}}],"collection":[{"href":"https:\/\/ksiegarnia-akademicka.pl\/index.php\/wp-json\/wp\/v2\/product"}],"about":[{"href":"https:\/\/ksiegarnia-akademicka.pl\/index.php\/wp-json\/wp\/v2\/types\/product"}],"wp:featuredmedia":[{"embeddable":true,"href":"https:\/\/ksiegarnia-akademicka.pl\/index.php\/wp-json\/wp\/v2\/media\/21712"}],"wp:attachment":[{"href":"https:\/\/ksiegarnia-akademicka.pl\/index.php\/wp-json\/wp\/v2\/media?parent=21711"}],"wp:term":[{"taxonomy":"product_brand","embeddable":true,"href":"https:\/\/ksiegarnia-akademicka.pl\/index.php\/wp-json\/wp\/v2\/product_brand?post=21711"},{"taxonomy":"product_cat","embeddable":true,"href":"https:\/\/ksiegarnia-akademicka.pl\/index.php\/wp-json\/wp\/v2\/product_cat?post=21711"},{"taxonomy":"product_tag","embeddable":true,"href":"https:\/\/ksiegarnia-akademicka.pl\/index.php\/wp-json\/wp\/v2\/product_tag?post=21711"}],"curies":[{"name":"wp","href":"https:\/\/api.w.org\/{rel}","templated":true}]}}