{"id":21706,"date":"2026-02-24T10:05:34","date_gmt":"2026-02-24T09:05:34","guid":{"rendered":"http:\/\/ksiegarnia-akademicka.pl\/?post_type=product&#038;p=21706"},"modified":"2026-02-24T10:05:35","modified_gmt":"2026-02-24T09:05:35","slug":"rowan-podstawy-eeg-z-miniatlasem","status":"publish","type":"product","link":"https:\/\/ksiegarnia-akademicka.pl\/index.php\/product\/rowan-podstawy-eeg-z-miniatlasem\/","title":{"rendered":"Rowan. Podstawy EEG z miniatlasem"},"content":{"rendered":"<div class=\"grupa osoby\"><span class=\"meta-head-blue\">Autor: <\/span>Yoo J., Fields M., Marcuse L.<\/div>\n<div class=\"grupa osoby\"><span class=\"meta-head-blue\">Redakcja:<\/span>\u00a0<span class=\"meta-value\">Turaj W.<\/span><\/div>\n<div class=\"grupa osoby\"><span class=\"meta-head-blue\">Ilustracje:<\/span>\u00a0<span class=\"meta-value\">Urban &amp; Partner sp. z o.o.<\/span><\/div>\n<div class=\"grupa wydawca\"><span class=\"meta-head\">Wydawca:<\/span>\u00a0Edra Urban &amp; Partner<\/div>\n<div class=\"grupa dane\">\n<div>Oprawa:\u00a0<span class=\"meta-value-bold\">Mi\u0119kka<\/span><\/div>\n<div>Format:\u00a0<span class=\"meta-value-bold\">23.0&#215;15.0cm<\/span><\/div>\n<div>Liczba stron:\u00a0<span class=\"meta-value-bold\">243<\/span><\/div>\n<div>Wydanie:\u00a0<span class=\"meta-value-bold\">3<\/span><\/div>\n<div>Rok wydania:\u00a0<span class=\"meta-value-bold\">2026<\/span><\/div>\n<div>J\u0119zyk wydania:\u00a0<span class=\"meta-value-bold\">polski<\/span><\/div>\n<\/div>\n<div><\/div>\n<div>Podstawy EEG z miniatlasem to niezwykle praktyczny podr\u0119cznik, u\u0142atwiaj\u0105cy zrozumienie trudnych technicznych aspekt\u00f3w wykonywania i interpretacji EEG.<br \/>\nZwi\u0119z\u0142y tekst oraz liczne ilustracje sprawiaj\u0105, \u017ce jest on cennym \u017ar\u00f3d\u0142em wiedzy dla student\u00f3w, rezydent\u00f3w, neurolog\u00f3w i epileptolog\u00f3w.<\/p>\n<p>Kluczowe cechy<br \/>\nzwi\u0119z\u0142y tekst autorstwa ekspert\u00f3w EEG<br \/>\nkolorowa szata graficzna<br \/>\ndwa nowe rozdzia\u0142y na temat wewn\u0105trzczaszkowego EEG oraz ilo\u015bciowego EEG na oddziale intensywnej opieki medycznej<br \/>\nposzerzone om\u00f3wienie zespo\u0142\u00f3w padaczkowych, uwzgl\u0119dniaj\u0105ce wiek zachorowania, rokowanie, cechy kliniczne i charakterystyk\u0119 EEG<br \/>\ntre\u015bci pediatryczne i tabela zmian EEG w okresie noworodkowym<br \/>\nonline \u2013 pytania i odpowiedzi do ka\u017cdego rozdzia\u0142u umo\u017cliwiaj\u0105ce sprawdzenie nabytych wiadomo\u015bci<\/p><\/div>\n","protected":false},"excerpt":{"rendered":"<p>Autor: Yoo J., Fields M., Marcuse L. Redakcja:\u00a0Turaj W. Ilustracje:\u00a0Urban [&hellip;]<\/p>\n","protected":false},"featured_media":21708,"template":"","meta":[],"product_brand":[],"product_cat":[8302,7493,7530],"product_tag":[8693,3994],"class_list":{"0":"post-21706","1":"product","2":"type-product","3":"status-publish","4":"has-post-thumbnail","6":"product_cat-inne-medycyna","7":"product_cat-medycyna","8":"product_cat-nowosci","9":"product_tag-eeg","10":"product_tag-medycyna","12":"first","13":"instock","14":"sale","15":"shipping-taxable","16":"purchasable","17":"product-type-simple"},"_links":{"self":[{"href":"https:\/\/ksiegarnia-akademicka.pl\/index.php\/wp-json\/wp\/v2\/product\/21706","targetHints":{"allow":["GET"]}}],"collection":[{"href":"https:\/\/ksiegarnia-akademicka.pl\/index.php\/wp-json\/wp\/v2\/product"}],"about":[{"href":"https:\/\/ksiegarnia-akademicka.pl\/index.php\/wp-json\/wp\/v2\/types\/product"}],"wp:featuredmedia":[{"embeddable":true,"href":"https:\/\/ksiegarnia-akademicka.pl\/index.php\/wp-json\/wp\/v2\/media\/21708"}],"wp:attachment":[{"href":"https:\/\/ksiegarnia-akademicka.pl\/index.php\/wp-json\/wp\/v2\/media?parent=21706"}],"wp:term":[{"taxonomy":"product_brand","embeddable":true,"href":"https:\/\/ksiegarnia-akademicka.pl\/index.php\/wp-json\/wp\/v2\/product_brand?post=21706"},{"taxonomy":"product_cat","embeddable":true,"href":"https:\/\/ksiegarnia-akademicka.pl\/index.php\/wp-json\/wp\/v2\/product_cat?post=21706"},{"taxonomy":"product_tag","embeddable":true,"href":"https:\/\/ksiegarnia-akademicka.pl\/index.php\/wp-json\/wp\/v2\/product_tag?post=21706"}],"curies":[{"name":"wp","href":"https:\/\/api.w.org\/{rel}","templated":true}]}}