{"id":21702,"date":"2026-02-23T16:06:52","date_gmt":"2026-02-23T15:06:52","guid":{"rendered":"http:\/\/ksiegarnia-akademicka.pl\/?post_type=product&#038;p=21702"},"modified":"2026-02-23T16:06:52","modified_gmt":"2026-02-23T15:06:52","slug":"histologia-kompendium-do-cwiczen-z-atlasem","status":"publish","type":"product","link":"https:\/\/ksiegarnia-akademicka.pl\/index.php\/product\/histologia-kompendium-do-cwiczen-z-atlasem\/","title":{"rendered":"Histologia Kompendium do \u0107wicze\u0144 z atlasem"},"content":{"rendered":"<div class=\"author\">\n<p>Autor:J. Rokicka, E. Reichman-Warmusz<\/p>\n<p>Wydawnictwo: Edra Urban<\/p>\n<\/div>\n<div class=\"wyd\">\n<div>Oprawa:\u00a0<span class=\"meta-value-bold\">Mi\u0119kka<\/span><\/div>\n<div>Liczba stron: 168<\/div>\n<div>Wydanie: 1<\/div>\n<div>Rok wydania:\u00a0<span class=\"meta-value-bold\">2022<\/span><\/div>\n<div>J\u0119zyk wydania:\u00a0<span class=\"meta-value-bold\">polski<\/span><\/div>\n<\/div>\n<div><\/div>\n<div>\n<div>Kompendium wraz z atlasem histologicznym, kt\u00f3re oddajemy w Pa\u0144stwa r\u0119ce, zosta\u0142o\u00a0 opracowane z my\u015bl\u0105 o studentach medycyny, jak r\u00f3wnie\u017c kierunk\u00f3w pokrewnych, takich\u00a0jak biologia czy weterynaria.\u00a0Pierwotny zamys\u0142 opracowania podr\u0119cznika wynika\u0142 z faktu, i\u017c wieloletnie do\u015bwiadczenie dydaktyczne jego autor\u00f3w wskazywa\u0142o na trudno\u015bci z odwzorowaniem szczeg\u00f3\u0142\u00f3w\u00a0histologicznych przez student\u00f3w w trakcie \u0107wicze\u0144 z histologii. B\u0119d\u0105c \u015bwiadomymi faktu, i\u017c dla wielu student\u00f3w analiza obrazu jest cz\u0119sto \u201edrog\u0105 przez m\u0119k\u0119\u201d, autorzy postanowili<\/div>\n<div>wyj\u015b\u0107 naprzeciw temu wyzwaniu. Powsta\u0142 zatem podr\u0119cznik, w kt\u00f3rym szczeg\u00f3\u0142y histologiczne ogl\u0105dane pod mikroskopem zosta\u0142y podparte form\u0105 graficzn\u0105.\u00a0Mamy nadziej\u0119, \u017ce publikacja ta przyczyni si\u0119 do \u0142atwiejszego rozpoznawania istotnych szczeg\u00f3\u0142\u00f3w histologicznych przez student\u00f3w, a tak\u017ce uzupe\u0142ni baz\u0119 podr\u0119cznikow\u0105 ju\u017c\u00a0dost\u0119pn\u0105 na rynku wydawniczym.\u00a0Wszystkie mikrofotografie zamieszczone w niniejszym kompendium zosta\u0142y wykonane z preparat\u00f3w histologicznych stanowi\u0105cych baz\u0119 dydaktyczn\u0105 jednostek kszta\u0142c\u0105cych.<\/div>\n<div>Autorzy<\/div>\n<\/div>\n<p>Spis tre\u015bci:<\/p>\n<ul>\n<li>TKANKA NAB\u0141ONKOWA<\/li>\n<li>TKANKA \u0141\u0104CZNA<\/li>\n<li>SZPIK KOSTNY<\/li>\n<li>TKANKA MI\u0118\u015aNIOWA<\/li>\n<li>TKANKA NERWOWA<\/li>\n<li>NACZYNIA KRWIONO\u015aNE<\/li>\n<li>UK\u0141AD ODPORNO\u015aCIOWY<\/li>\n<li>UK\u0141AD MOCZOWY<\/li>\n<li>UK\u0141AD P\u0141CIOWY M\u0118SKI<\/li>\n<li>UK\u0141AD P\u0141CIOWY \u017bE\u0143SKI<\/li>\n<li>UK\u0141AD DOKREWNY<\/li>\n<li>UK\u0141AD POKARMOWY<\/li>\n<li>UK\u0141AD ODDECHOWY<\/li>\n<li>SK\u00d3RA<\/li>\n<li>UK\u0141AD NERWOWY<\/li>\n<li>NARZ\u0104DY ZMYS\u0141\u00d3W<\/li>\n<\/ul>\n","protected":false},"excerpt":{"rendered":"<p>Autor:J. Rokicka, E. Reichman-Warmusz Wydawnictwo: Edra Urban Oprawa:\u00a0Mi\u0119kka Liczba stron: [&hellip;]<\/p>\n","protected":false},"featured_media":21703,"template":"","meta":[],"product_brand":[],"product_cat":[7964,8302,7493],"product_tag":[7403,3994],"class_list":{"0":"post-21702","1":"product","2":"type-product","3":"status-publish","4":"has-post-thumbnail","6":"product_cat-biochemia","7":"product_cat-inne-medycyna","8":"product_cat-medycyna","9":"product_tag-histologia","10":"product_tag-medycyna","12":"first","13":"instock","14":"sale","15":"shipping-taxable","16":"purchasable","17":"product-type-simple"},"_links":{"self":[{"href":"https:\/\/ksiegarnia-akademicka.pl\/index.php\/wp-json\/wp\/v2\/product\/21702","targetHints":{"allow":["GET"]}}],"collection":[{"href":"https:\/\/ksiegarnia-akademicka.pl\/index.php\/wp-json\/wp\/v2\/product"}],"about":[{"href":"https:\/\/ksiegarnia-akademicka.pl\/index.php\/wp-json\/wp\/v2\/types\/product"}],"wp:featuredmedia":[{"embeddable":true,"href":"https:\/\/ksiegarnia-akademicka.pl\/index.php\/wp-json\/wp\/v2\/media\/21703"}],"wp:attachment":[{"href":"https:\/\/ksiegarnia-akademicka.pl\/index.php\/wp-json\/wp\/v2\/media?parent=21702"}],"wp:term":[{"taxonomy":"product_brand","embeddable":true,"href":"https:\/\/ksiegarnia-akademicka.pl\/index.php\/wp-json\/wp\/v2\/product_brand?post=21702"},{"taxonomy":"product_cat","embeddable":true,"href":"https:\/\/ksiegarnia-akademicka.pl\/index.php\/wp-json\/wp\/v2\/product_cat?post=21702"},{"taxonomy":"product_tag","embeddable":true,"href":"https:\/\/ksiegarnia-akademicka.pl\/index.php\/wp-json\/wp\/v2\/product_tag?post=21702"}],"curies":[{"name":"wp","href":"https:\/\/api.w.org\/{rel}","templated":true}]}}