{"id":21678,"date":"2026-01-30T10:20:51","date_gmt":"2026-01-30T09:20:51","guid":{"rendered":"http:\/\/ksiegarnia-akademicka.pl\/?post_type=product&#038;p=21678"},"modified":"2026-01-30T10:20:52","modified_gmt":"2026-01-30T09:20:52","slug":"prawo-cywilne-zbior-przepisow-2026-kodeks-cywilny-kodeks-rodzinny-i-opiekunczy-ksiegi-wieczyste-i-hipoteka-kodeks-postepowania-cywilnego-prawo-prywatne-miedzynarodowe-prawo-o-aktach-stanu-cywilne","status":"publish","type":"product","link":"https:\/\/ksiegarnia-akademicka.pl\/index.php\/product\/prawo-cywilne-zbior-przepisow-2026-kodeks-cywilny-kodeks-rodzinny-i-opiekunczy-ksiegi-wieczyste-i-hipoteka-kodeks-postepowania-cywilnego-prawo-prywatne-miedzynarodowe-prawo-o-aktach-stanu-cywilne\/","title":{"rendered":"Prawo cywilne Zbi\u00f3r przepis\u00f3w 2026 Kodeks cywilny. Kodeks rodzinny i opieku\u0144czy. Ksi\u0119gi wieczyste i hipoteka. Kodeks post\u0119powania cywilnego. Prawo prywatne mi\u0119dzynarodowe. Prawo o aktach stanu cywilnego. Koszty s\u0105dowe w sprawach cywilnych"},"content":{"rendered":"<div class=\"grupa wydawca\"><span class=\"meta-head\">Wydawca:<\/span>\u00a0Wolters Kluwer<\/div>\n<div>Seria: Seria z Paragrafem<\/div>\n<div class=\"grupa dane\">\n<div>Oprawa:\u00a0<span class=\"meta-value-bold\">Mi\u0119kka<\/span><\/div>\n<div>Liczba stron:\u00a0<span class=\"meta-value-bold\">1312<\/span><\/div>\n<div>Wydanie:\u00a0<span class=\"meta-value-bold\">65<\/span><\/div>\n<div>Rok wydania:\u00a0<span class=\"meta-value-bold\">2026<\/span><\/div>\n<div>J\u0119zyk wydania:\u00a0<span class=\"meta-value-bold\">polski<\/span><\/div>\n<\/div>\n<div><\/div>\n<div><strong>Stan prawny: 1 stycznia 2026 r.<\/strong><\/div>\n<div>\/ok\u0142adka z wydania poprzedniego\/<\/div>\n<div><\/div>\n<div>\n<p>Praktyczny zbi\u00f3r najwa\u017cniejszych akt\u00f3w prawnych z zakresu prawa cywilnego. Zawiera informacje o uwzgl\u0119dnionych zmianach. Zastosowany system oznaczania nowych przepis\u00f3w znacznie u\u0142atwia codzienn\u0105 prac\u0119 prawnika. Skorowidze do ustaw i tytuliki towarzysz\u0105ce poszczeg\u00f3lnym artyku\u0142om, por\u0119czny format, u\u017cyteczne registry, mi\u0119kka oprawa ze skrzyde\u0142kami mog\u0105cymi pos\u0142u\u017cy\u0107 za zak\u0142adki to dodatkowe atuty ksi\u0105\u017cki.<\/p>\n<p><strong>UWZGL\u0118DNIA ZMIANY WCHODZ\u0104CE W \u017bYCIE Z DNIEM:<\/strong><\/p>\n<p><strong>KODEKS CYWILNY<\/strong><\/p>\n<p><strong>13 lipca 2025 r.<\/strong>\u00a0\u2013 ustawa z 21 maja 2025 r. o zmianie niekt\u00f3rych ustaw w celu deregulacji prawa gospodarczego i administracyjnego oraz doskonalenia zasad opracowywania prawa gospodarczego (Dz.U. poz. 769)<\/p>\n<p><strong>6 sierpnia 2025 r.<\/strong>\u00a0\u2013 obwieszczenie Marsza\u0142ka Sejmu Rzeczypospolitej Polskiej z 25 lipca 2025 r. w sprawie og\u0142oszenia jednolitego tekstu ustawy \u2013 Kodeks cywilny (Dz.U. poz. 1071)<\/p>\n<p><strong>27 listopada 2025 r.<\/strong>\u00a0\u2013 ustawa z 5 sierpnia 2025 r. o zmianie ustawy \u2013 Kodeks post\u0119powania cywilnego, ustawy \u2013 Kodeks cywilny oraz niekt\u00f3rych innych ustaw (Dz.U. poz. 1172)<\/p>\n<p><strong>4 grudnia 2025 r.<\/strong>\u00a0\u2013 ustawa z 9 pa\u017adziernika 2025 r. o zmianie ustawy \u2013 Kodeks cywilny (Dz.U. poz. 1508)<\/p>\n<p><strong><em>po up\u0142ywie 30 dni od dnia og\u0142oszenia<\/em><\/strong><em>\u00a0\u2013 ustawa z 4 grudnia 2025 r. o zmianie ustawy \u2013 Kodeks cywilny, ustawy o ubezpieczeniach obowi\u0105zkowych, Ubezpieczeniowym Funduszu Gwarancyjnym i Polskim Biurze Ubezpieczycieli Komunikacyjnych oraz ustawy o dzia\u0142alno\u015bci ubezpieczeniowej i reasekuracyjnej (druk sejm. nr 1797; oczekuje na podpis Prezydenta RP)<\/em><\/p>\n<p><strong>KODEKS RODZINNY I OPIEKU\u0143CZY<\/strong><\/p>\n<p><strong>8 pa\u017adziernika 2025 r.<\/strong>\u00a0\u2013 ustawa z 24 czerwca 2025 r. o zmianie ustawy \u2013 Kodeks rodzinny i opieku\u0144czy (Dz.U. poz. 897)<\/p>\n<p><strong>KSI\u0118GI WIECZYSTE I HIPOTEKA<\/strong><\/p>\n<p><strong><em>17 marca 2026 r.<\/em><\/strong><em>\u00a0\u2013 ustawa z 21 listopada 2025 r. o zmianie ustawy \u2013 Prawo o notariacie oraz ustawy o ksi\u0119gach wieczystych i hipotece (Dz.U. poz. 1793)<\/em><\/p>\n<p><strong><em>2 kwietnia 2027 r.<\/em><\/strong><em>\u00a0\u2013 ustawa z 17 pa\u017adziernika 2025 r. o zmianie ustawy o ochronie praw nabywcy lokalu mieszkalnego lub domu jednorodzinnego oraz Deweloperskim Funduszu Gwarancyjnym oraz niekt\u00f3rych innych ustaw (Dz.U. poz. 1669)<\/em><\/p>\n<p><strong><em>17 czerwca 2027 r.<\/em><\/strong><em>\u00a0\u2013 ustawa z 21 listopada 2025 r. o zmianie ustawy o statystyce publicznej oraz niekt\u00f3rych innych ustaw (Dz.U. poz. 1792)<\/em><\/p>\n<p><strong>KODEKS POST\u0118POWANIA CYWILNEGO<\/strong><\/p>\n<p><strong>1 czerwca 2025 r.<\/strong>\u00a0\u2013 ustawa z 20 marca 2025 r. o rynku pracy i s\u0142u\u017cbach zatrudnienia (Dz.U. poz. 620)<\/p>\n<p><strong>10 wrze\u015bnia 2025 r.,\u00a0<em>1 marca 2026 r., 1 czerwca 2026 r., 1 marca 2027 r.<\/em><\/strong>\u00a0\u2013 ustawa z 5 sierpnia 2025 r. o zmianie ustawy \u2013 Kodeks post\u0119powania cywilnego, ustawy \u2013 Kodeks cywilny oraz niekt\u00f3rych innych ustaw (Dz.U. poz. 1172)<\/p>\n<p><strong>30 wrze\u015bnia 2025 r.<\/strong>\u00a0\u2013 ustawa z 12 wrze\u015bnia 2025 r. o bonie ciep\u0142owniczym oraz o zmianie niekt\u00f3rych ustaw w celu ograniczenia wysoko\u015bci cen energii elektrycznej (Dz.U. poz. 1302)<\/p>\n<p><strong>5 grudnia 2025 r.,\u00a0<em>5 lutego 2026 r.<\/em><\/strong>\u00a0\u2013 ustawa z 9 pa\u017adziernika 2025 r. o zmianie ustawy \u2013 Kodeks post\u0119powania cywilnego (Dz.U. poz. 1518)<\/p>\n<p><strong>13 grudnia 2025 r.<\/strong>\u00a0\u2013 ustawa z 5 listopada 2025 r. o uk\u0142adach zbiorowych pracy i porozumieniach zbiorowych (Dz.U. poz. 1661)<\/p>\n<p><strong><em>18 kwietnia 2026 r.<\/em><\/strong><em>\u00a0\u2013 ustawa z 5 sierpnia 2015 r. o zmianie ustawy o ochronie konkurencji i konsument\u00f3w oraz niekt\u00f3rych innych ustaw (Dz.U. poz. 1634)<\/em><\/p>\n<p><strong><em>po up\u0142ywie 30 dni od dnia og\u0142oszenia<\/em><\/strong><em>\u00a0\u2013 ustawa z 18 grudnia 2025 r. o zmianie ustawy o \u015bwiadczeniu us\u0142ug drog\u0105 elektroniczn\u0105 oraz niekt\u00f3rych innych ustaw (druk sejm. nr 1757; oczekuje na podpis Prezydenta RP)<\/em><\/p>\n<p><strong><em>po up\u0142ywie 3 miesi\u0119cy od dnia og\u0142oszenia, 1 stycznia 2027 r.<\/em><\/strong><em>\u00a0\u2013 ustawa z 18 grudnia 2025 r. o zmianie ustawy o systemie ubezpiecze\u0144 spo\u0142ecznych oraz niekt\u00f3rych innych ustaw (druk sejm. nr 1856; oczekuje na podpis Prezydenta RP)<\/em><\/p>\n<p><strong>PRAWO O AKTACH STANU CYWILNEGO<\/strong><\/p>\n<p><strong>9 sierpnia 2025 r.<\/strong>\u00a0\u2013 ustawa z 25 czerwca 2025 r. o zmianie ustawy o informatyzacji dzia\u0142alno\u015bci podmiot\u00f3w realizuj\u0105cych zadania publiczne oraz niekt\u00f3rych innych ustaw (Dz.U. poz. 1006)<\/p>\n<p><strong>KOSZTY S\u0104DOWE W SPRAWACH CYWILNYCH<\/strong><\/p>\n<p><strong>13 lipca 2025 r.<\/strong>\u00a0\u2013 ustawa z 21 maja 2025 r. o zmianie niekt\u00f3rych ustaw w celu deregulacji prawa gospodarczego i administracyjnego oraz doskonalenia zasad opracowywania prawa gospodarczego (Dz.U. poz. 769)<\/p>\n<p><strong>8 wrze\u015bnia 2025 r.<\/strong>\u00a0\u2013 obwieszczenie Marsza\u0142ka Sejmu Rzeczypospolitej Polskiej z 1 wrze\u015bnia 2025 r. w sprawie og\u0142oszenia jednolitego tekstu ustawy o kosztach s\u0105dowych w sprawach cywilnych (Dz.U. poz. 1228)<\/p>\n<p><strong>23 wrze\u015bnia 2025 r. \u2013<\/strong>\u00a0ustawa z 25 lipca 2025 r. o zmianie ustawy o kosztach s\u0105dowych w sprawach cywilnych (Dz.U. poz. 1157)<\/p>\n<p><strong><em>1 marca 2026 r.<\/em><\/strong><em>\u00a0\u2013 ustawa z 5 sierpnia 2025 r. o zmianie ustawy \u2013 Kodeks post\u0119powania cywilnego, ustawy \u2013 Kodeks cywilny oraz niekt\u00f3rych innych ustaw (Dz.U. poz. 1172)<\/em><\/p>\n<p><strong>ORAZ<\/strong><\/p>\n<p><strong>1 stycznia 2026 r.<\/strong>\u00a0\u2013 rozporz\u0105dzenie Ministra Sprawiedliwo\u015bci z 24 wrze\u015bnia 2025 r. zmieniaj\u0105ce rozporz\u0105dzenie w sprawie op\u0142at za czynno\u015bci radc\u00f3w prawnych (Dz.U. poz. 1336)<\/p>\n<p><strong>1 stycznia 2026 r.<\/strong>\u00a0\u2013 rozporz\u0105dzenie Ministra Sprawiedliwo\u015bci z 24 wrze\u015bnia 2025 r. zmieniaj\u0105ce rozporz\u0105dzenie w sprawie ponoszenia przez Skarb Pa\u0144stwa albo jednostki samorz\u0105du terytorialnego koszt\u00f3w pomocy prawnej udzielonej przez radc\u0119 prawnego z urz\u0119du (Dz.U. poz. 1306)<\/p>\n<p><strong>1 stycznia 2026 r.<\/strong>\u00a0\u2013 rozporz\u0105dzenie Ministra Sprawiedliwo\u015bci z 24 wrze\u015bnia 2025 r. zmieniaj\u0105ce rozporz\u0105dzenie w sprawie op\u0142at za czynno\u015bci adwokackie (Dz.U. poz. 1314)<\/p>\n<p><strong>1 stycznia 2026 r.<\/strong>\u00a0\u2013 rozporz\u0105dzenie Ministra Sprawiedliwo\u015bci z 24 wrze\u015bnia 2025 r. zmieniaj\u0105ce rozporz\u0105dzenie w sprawie ponoszenia przez Skarb Pa\u0144stwa albo jednostki samorz\u0105du terytorialnego koszt\u00f3w pomocy prawnej udzielonej przez adwokata z urz\u0119du (Dz.U. poz. 1316)<\/p>\n<p><strong>22 pa\u017adziernika 2025 r.<\/strong>\u00a0\u2013 obwieszczenie Ministra Sprawiedliwo\u015bci z 11 pa\u017adziernika 2025 r. w sprawie og\u0142oszenia jednolitego tekstu rozporz\u0105dzenia Ministra Sprawiedliwo\u015bci w sprawie okre\u015blenia stawek wynagrodzenia bieg\u0142ych, taryf zrycza\u0142towanych oraz sposobu dokumentowania wydatk\u00f3w niezb\u0119dnych dla wydania opinii w post\u0119powaniu cywilnym (Dz.U. poz. 1444)<\/p>\n<\/div>\n","protected":false},"excerpt":{"rendered":"<p>Wydawca:\u00a0Wolters Kluwer Seria: Seria z Paragrafem Oprawa:\u00a0Mi\u0119kka Liczba stron:\u00a01312 Wydanie:\u00a065 [&hellip;]<\/p>\n","protected":false},"featured_media":21679,"template":"","meta":[],"product_brand":[],"product_cat":[7491,7530,18],"product_tag":[615,1882],"class_list":{"0":"post-21678","1":"product","2":"type-product","3":"status-publish","4":"has-post-thumbnail","6":"product_cat-cywilne","7":"product_cat-nowosci","8":"product_cat-prawo","9":"product_tag-prawo-cywilne","10":"product_tag-seria-z-paragrafem","12":"first","13":"instock","14":"sale","15":"shipping-taxable","16":"purchasable","17":"product-type-simple"},"_links":{"self":[{"href":"https:\/\/ksiegarnia-akademicka.pl\/index.php\/wp-json\/wp\/v2\/product\/21678","targetHints":{"allow":["GET"]}}],"collection":[{"href":"https:\/\/ksiegarnia-akademicka.pl\/index.php\/wp-json\/wp\/v2\/product"}],"about":[{"href":"https:\/\/ksiegarnia-akademicka.pl\/index.php\/wp-json\/wp\/v2\/types\/product"}],"wp:featuredmedia":[{"embeddable":true,"href":"https:\/\/ksiegarnia-akademicka.pl\/index.php\/wp-json\/wp\/v2\/media\/21679"}],"wp:attachment":[{"href":"https:\/\/ksiegarnia-akademicka.pl\/index.php\/wp-json\/wp\/v2\/media?parent=21678"}],"wp:term":[{"taxonomy":"product_brand","embeddable":true,"href":"https:\/\/ksiegarnia-akademicka.pl\/index.php\/wp-json\/wp\/v2\/product_brand?post=21678"},{"taxonomy":"product_cat","embeddable":true,"href":"https:\/\/ksiegarnia-akademicka.pl\/index.php\/wp-json\/wp\/v2\/product_cat?post=21678"},{"taxonomy":"product_tag","embeddable":true,"href":"https:\/\/ksiegarnia-akademicka.pl\/index.php\/wp-json\/wp\/v2\/product_tag?post=21678"}],"curies":[{"name":"wp","href":"https:\/\/api.w.org\/{rel}","templated":true}]}}