{"id":21671,"date":"2026-01-29T14:13:39","date_gmt":"2026-01-29T13:13:39","guid":{"rendered":"http:\/\/ksiegarnia-akademicka.pl\/?post_type=product&#038;p=21671"},"modified":"2026-01-29T14:13:40","modified_gmt":"2026-01-29T13:13:40","slug":"materialne-prawo-administracyjne-wybrane-zagadnienia-testy-online","status":"publish","type":"product","link":"https:\/\/ksiegarnia-akademicka.pl\/index.php\/product\/materialne-prawo-administracyjne-wybrane-zagadnienia-testy-online\/","title":{"rendered":"Materialne prawo administracyjne Wybrane zagadnienia + Testy online"},"content":{"rendered":"<div class=\"grupa osoby\"><span class=\"meta-head-blue\">Redakcja:<\/span>\u00a0<span class=\"meta-value\">Augustyniak Monika, Stelmasiak Jerzy, Zdyb Marian<\/span><\/div>\n<div class=\"grupa wydawca\"><span class=\"meta-head\">Wydawca:<\/span>\u00a0Wolters Kluwer<\/div>\n<div>Seria: Akademicka<\/div>\n<div class=\"grupa dane\">\n<div>Oprawa:\u00a0<span class=\"meta-value-bold\">Mi\u0119kka<\/span><\/div>\n<div>Liczba stron:\u00a0<span class=\"meta-value-bold\">558<\/span><\/div>\n<div>Wydanie:\u00a0<span class=\"meta-value-bold\">1<\/span><\/div>\n<div>Rok wydania:\u00a0<span class=\"meta-value-bold\">2025<\/span><\/div>\n<div>J\u0119zyk wydania:\u00a0<span class=\"meta-value-bold\">polski<\/span><\/div>\n<\/div>\n<div><\/div>\n<div>Publikacja przedstawia kluczowe obszary prawa administracyjnego w jego wymiarze materialnym. Autorzy prezentuj\u0105 instrumenty prawne, za pomoc\u0105 kt\u00f3rych pa\u0144stwo oddzia\u0142uje na konkretne sfery obj\u0119te regulacjami administracyjnoprawnymi obejmuj\u0105ce:<\/p>\n<p>\u2022 administracyjnoprawn\u0105 sytuacj\u0119 os\u00f3b fizycznych, regulacj\u0119 obywatelstwa i problematyki cudzoziemc\u00f3w,<br \/>\n\u2022 zagadnienia udost\u0119pniania informacji publicznej i ochrony danych oraz regulacj\u0119 wolno\u015bci zgromadze\u0144 i zrzeszania si\u0119,<br \/>\n\u2022 administracyjnoprawn\u0105 regulacj\u0119 bezpiecze\u0144stwa i porz\u0105dku na poziomie krajowym i lokalnym oraz problematyk\u0119 zwi\u0105zan\u0105 ze stanami nadzwyczajnymi,<br \/>\n\u2022 ochron\u0119 \u015brodowiska oraz administracyjnoprawn\u0105 regulacj\u0119 zagadnie\u0144 dotycz\u0105cych planowania, gospodarowania nieruchomo\u015bciami oraz prawa budowlanego,<br \/>\n\u2022 zagadnienia dotycz\u0105ce unormowa\u0144 z zakresu ochrony zdrowia oraz uzale\u017cniania od alkoholu, obrotu napojami alkoholowymi i przeciwdzia\u0142ania narkomanii.<\/p>\n<p>Opracowanie uwzgl\u0119dnia najnowsze zmiany legislacyjne, w tym np. ustaw\u0119 z 20 marca 2025 r. o warunkach dopuszczalno\u015bci powierzania pracy cudzoziemcom na terytorium Rzeczypospolitej Polskiej. Praktyczny walor publikacji podkre\u015blaj\u0105 liczne przyk\u0142ady, aktualne orzecznictwo, pogl\u0105dy doktryny oraz komentarze.<\/p>\n<p>Ksi\u0105\u017cka przeznaczona jest dla student\u00f3w, aplikant\u00f3w, praktyk\u00f3w prawa, pracownik\u00f3w administracji oraz przedstawicieli nauki.<\/p><\/div>\n","protected":false},"excerpt":{"rendered":"<p>Redakcja:\u00a0Augustyniak Monika, Stelmasiak Jerzy, Zdyb Marian Wydawca:\u00a0Wolters Kluwer Seria: Akademicka [&hellip;]<\/p>\n","protected":false},"featured_media":21672,"template":"","meta":[],"product_brand":[],"product_cat":[7492,7530,18],"product_tag":[485,330],"class_list":{"0":"post-21671","1":"product","2":"type-product","3":"status-publish","4":"has-post-thumbnail","6":"product_cat-administracyjne","7":"product_cat-nowosci","8":"product_cat-prawo","9":"product_tag-prawo-administracyjne","10":"product_tag-seria-akademicka","12":"first","13":"instock","14":"sale","15":"shipping-taxable","16":"purchasable","17":"product-type-simple"},"_links":{"self":[{"href":"https:\/\/ksiegarnia-akademicka.pl\/index.php\/wp-json\/wp\/v2\/product\/21671","targetHints":{"allow":["GET"]}}],"collection":[{"href":"https:\/\/ksiegarnia-akademicka.pl\/index.php\/wp-json\/wp\/v2\/product"}],"about":[{"href":"https:\/\/ksiegarnia-akademicka.pl\/index.php\/wp-json\/wp\/v2\/types\/product"}],"wp:featuredmedia":[{"embeddable":true,"href":"https:\/\/ksiegarnia-akademicka.pl\/index.php\/wp-json\/wp\/v2\/media\/21672"}],"wp:attachment":[{"href":"https:\/\/ksiegarnia-akademicka.pl\/index.php\/wp-json\/wp\/v2\/media?parent=21671"}],"wp:term":[{"taxonomy":"product_brand","embeddable":true,"href":"https:\/\/ksiegarnia-akademicka.pl\/index.php\/wp-json\/wp\/v2\/product_brand?post=21671"},{"taxonomy":"product_cat","embeddable":true,"href":"https:\/\/ksiegarnia-akademicka.pl\/index.php\/wp-json\/wp\/v2\/product_cat?post=21671"},{"taxonomy":"product_tag","embeddable":true,"href":"https:\/\/ksiegarnia-akademicka.pl\/index.php\/wp-json\/wp\/v2\/product_tag?post=21671"}],"curies":[{"name":"wp","href":"https:\/\/api.w.org\/{rel}","templated":true}]}}