{"id":21669,"date":"2026-01-29T14:10:42","date_gmt":"2026-01-29T13:10:42","guid":{"rendered":"http:\/\/ksiegarnia-akademicka.pl\/?post_type=product&#038;p=21669"},"modified":"2026-01-29T14:10:43","modified_gmt":"2026-01-29T13:10:43","slug":"ai-dla-prawnikow-sztuczna-inteligencja-w-praktyce-zawodow-prawniczych","status":"publish","type":"product","link":"https:\/\/ksiegarnia-akademicka.pl\/index.php\/product\/ai-dla-prawnikow-sztuczna-inteligencja-w-praktyce-zawodow-prawniczych\/","title":{"rendered":"AI dla prawnik\u00f3w Sztuczna inteligencja w praktyce zawod\u00f3w prawniczych"},"content":{"rendered":"<div class=\"grupa osoby\"><span class=\"meta-head\">Autor: <\/span>Przemys\u0142aw Chojecki<\/div>\n<div class=\"grupa wydawca\"><span class=\"meta-head\">Wydawca:<\/span>\u00a0Wolters Kluwer<\/div>\n<div class=\"grupa dane\">\n<div>Oprawa:\u00a0<span class=\"meta-value-bold\">Mi\u0119kka<\/span><\/div>\n<div>Liczba stron:\u00a0<span class=\"meta-value-bold\">198<\/span><\/div>\n<div>Wydanie:\u00a0<span class=\"meta-value-bold\">1<\/span><\/div>\n<div>Rok wydania:\u00a0<span class=\"meta-value-bold\">2026<\/span><\/div>\n<div>J\u0119zyk wydania:\u00a0<span class=\"meta-value-bold\">polski<\/span><\/div>\n<\/div>\n<div><\/div>\n<div>W \u015bwiecie, w kt\u00f3rym technologia zmienia zasady dzia\u0142ania, prezentowana publikacja stanowi kompendium wiedzy o zastosowaniach sztucznej inteligencji w praktyce prawniczej. To nie tylko przegl\u0105d mo\u017cliwo\u015bci, ale tak\u017ce g\u0142\u0119boka analiza techniczna, etyczna i prawna, kt\u00f3ra pozwala zrozumie\u0107, jak AI wp\u0142ywa na zaw\u00f3d prawnika \u2013 dzi\u015b i w przysz\u0142o\u015bci.<\/p>\n<p>Publikacja prowadzi czytelnika przez 10 studi\u00f3w przypadku, prezentuj\u0105cych realne i mo\u017cliwe do wdro\u017cenia zastosowania AI \u2013 od analizy um\u00f3w cywilnych, przez t\u0142umaczenia prawne, po predykcyjne \u015bciganie przest\u0119pstw. Ka\u017cdy rozdzia\u0142 \u0142\u0105czy praktyk\u0119 z teori\u0105, wyja\u015bniaj\u0105c mechanizmy dzia\u0142ania technologii takich jak NLP, embeddingi czy interfejsy API.<\/p>\n<p>Autorzy nie unikaj\u0105 trudnych temat\u00f3w \u2013 poruszaj\u0105 kwestie regulacji prawnych, odpowiedzialno\u015bci za decyzje podejmowane przez AI oraz etyki technologicznej, wskazuj\u0105c na wyzwania, kt\u00f3re stoj\u0105 przed bran\u017c\u0105 prawnicz\u0105 w dobie cyfrowej transformacji.<\/p>\n<p>To ksi\u0105\u017cka dla prawnik\u00f3w, lider\u00f3w bran\u017cy, student\u00f3w prawa i wszystkich, kt\u00f3rzy chc\u0105 zrozumie\u0107, jak AI zmienia fundamenty systemu prawnego. Inspiruje, edukuje i sk\u0142ania do refleksji nad przysz\u0142o\u015bci\u0105 zawod\u00f3w prawniczych w \u015bwiecie, gdzie technologia staje si\u0119 nieod\u0142\u0105cznym partnerem w pracy.<\/p><\/div>\n","protected":false},"excerpt":{"rendered":"<p>Autor: Przemys\u0142aw Chojecki Wydawca:\u00a0Wolters Kluwer Oprawa:\u00a0Mi\u0119kka Liczba stron:\u00a0198 Wydanie:\u00a01 Rok [&hellip;]<\/p>\n","protected":false},"featured_media":21670,"template":"","meta":[],"product_brand":[],"product_cat":[7530,7497,18],"product_tag":[1008,7475],"class_list":{"0":"post-21669","1":"product","2":"type-product","3":"status-publish","4":"has-post-thumbnail","6":"product_cat-nowosci","7":"product_cat-ogolne-zagadnienia-prawa","8":"product_cat-prawo","9":"product_tag-prawo","10":"product_tag-sztuczna-inteligencja","12":"first","13":"instock","14":"sale","15":"shipping-taxable","16":"purchasable","17":"product-type-simple"},"_links":{"self":[{"href":"https:\/\/ksiegarnia-akademicka.pl\/index.php\/wp-json\/wp\/v2\/product\/21669","targetHints":{"allow":["GET"]}}],"collection":[{"href":"https:\/\/ksiegarnia-akademicka.pl\/index.php\/wp-json\/wp\/v2\/product"}],"about":[{"href":"https:\/\/ksiegarnia-akademicka.pl\/index.php\/wp-json\/wp\/v2\/types\/product"}],"wp:featuredmedia":[{"embeddable":true,"href":"https:\/\/ksiegarnia-akademicka.pl\/index.php\/wp-json\/wp\/v2\/media\/21670"}],"wp:attachment":[{"href":"https:\/\/ksiegarnia-akademicka.pl\/index.php\/wp-json\/wp\/v2\/media?parent=21669"}],"wp:term":[{"taxonomy":"product_brand","embeddable":true,"href":"https:\/\/ksiegarnia-akademicka.pl\/index.php\/wp-json\/wp\/v2\/product_brand?post=21669"},{"taxonomy":"product_cat","embeddable":true,"href":"https:\/\/ksiegarnia-akademicka.pl\/index.php\/wp-json\/wp\/v2\/product_cat?post=21669"},{"taxonomy":"product_tag","embeddable":true,"href":"https:\/\/ksiegarnia-akademicka.pl\/index.php\/wp-json\/wp\/v2\/product_tag?post=21669"}],"curies":[{"name":"wp","href":"https:\/\/api.w.org\/{rel}","templated":true}]}}