{"id":21660,"date":"2026-01-15T15:16:12","date_gmt":"2026-01-15T14:16:12","guid":{"rendered":"http:\/\/ksiegarnia-akademicka.pl\/?post_type=product&#038;p=21660"},"modified":"2026-01-15T15:16:13","modified_gmt":"2026-01-15T14:16:13","slug":"egzaminy-wstepne-na-aplikacje-prawnicze-prawo-gospodarcze-i-handlowe-opracowania-testy","status":"publish","type":"product","link":"https:\/\/ksiegarnia-akademicka.pl\/index.php\/product\/egzaminy-wstepne-na-aplikacje-prawnicze-prawo-gospodarcze-i-handlowe-opracowania-testy\/","title":{"rendered":"Egzaminy wst\u0119pne na aplikacje prawnicze. Prawo gospodarcze i handlowe. Opracowania, testy"},"content":{"rendered":"<p>Autor:\u00a0dr Joanna Ablewicz,\u00a0Katarzyna Czajkowska-Matosiuk<\/p>\n<p>Wydawnictwo: C.H. Beck<\/p>\n<p>Seria: Aplikacje Prawnicze<\/p>\n<p>Rok wydania: 2026<\/p>\n<p>Wydanie: 8<\/p>\n<p>Oprawa: Mi\u0119kka<\/p>\n<p>Liczba stron: 452<\/p>\n<p>Wymiary: 165&#215;238 mm<\/p>\n<p>Waga:\u00a0730 g<\/p>\n<p><strong>Kompleksowy przewodnik przygotowuj\u0105cy do egzamin\u00f3w z prawa gospodarczego i handlowego.<\/strong><\/p>\n<p>Publikacja to nieoceniona pomoc dla wszystkich os\u00f3b przygotowuj\u0105cych si\u0119 do egzamin\u00f3w wst\u0119pnych na aplikacje prawnicze. Polecana r\u00f3wnie\u017c studentom przyst\u0119puj\u0105cym do egzamin\u00f3w z prawa gospodarczego i handlowego. Ksi\u0105\u017cka zosta\u0142a opracowana z my\u015bl\u0105 o potrzebach praktycznych \u2013 jej tre\u015b\u0107 wywodzi si\u0119 z w\u0142asnych do\u015bwiadcze\u0144 autorki w zakresie nauki, analizy akt\u00f3w prawnych oraz przygotowa\u0144 do egzamin\u00f3w.<\/p>\n<p>G\u0142\u00f3wne cechy:<\/p>\n<ul>\n<li><strong>systematyczne om\u00f3wienie zagadnie\u0144 z zakresu<\/strong>: Prawa przedsi\u0119biorc\u00f3w, Prawa konkurencji, rejestrowania przedsi\u0119biorc\u00f3w, pe\u0142nomocnictwa i prokury oraz Kodeksu sp\u00f3\u0142ek handlowych.<\/li>\n<li><strong>zagadnienia przedstawione w przejrzystej formie<\/strong>\u00a0\u2013 ka\u017cde z nich zawiera kr\u00f3tkie tezy, om\u00f3wienia, definicje ustawowe i praktyczne uwagi, co sprzyja szybkiemu przyswajaniu materia\u0142u.<\/li>\n<li><strong>pytania testowe i opisowe<\/strong>\u00a0\u2013 ksi\u0105\u017cka zawiera: testy jednokrotnego wyboru (z podanym artyku\u0142em, kt\u00f3ry stanowi podstaw\u0119 odpowiedzi) oraz pytania ustne i pisemne, jakie pojawiaj\u0105 si\u0119 na egzaminach wst\u0119pnych.<\/li>\n<li>wyj\u0105tkowy<strong>\u00a0nacisk na zagadnienia najcz\u0119\u015bciej egzaminowane<\/strong>, w tym m.in. rejestrowanie przedsi\u0119biorc\u00f3w, zagadnienia og\u00f3lne Kodeksu sp\u00f3\u0142ek handlowych.<\/li>\n<li>pomocne w nauce<strong>\u00a0schematy<\/strong>,<strong>\u00a0tabele<\/strong>\u00a0i\u00a0<strong>zestawienia<\/strong>, kt\u00f3re porz\u0105dkuj\u0105 wiedz\u0119 i pozwalaj\u0105 na szybkie powt\u00f3rzenie najwa\u017cniejszych temat\u00f3w.<\/li>\n<\/ul>\n<p>Stan prawny: stycze\u0144 2026 r.<\/p>\n","protected":false},"excerpt":{"rendered":"<p>Autor:\u00a0dr Joanna Ablewicz,\u00a0Katarzyna Czajkowska-Matosiuk Wydawnictwo: C.H. Beck Seria: Aplikacje Prawnicze [&hellip;]<\/p>\n","protected":false},"featured_media":21661,"template":"","meta":[],"product_brand":[],"product_cat":[7491,7495,7530,18],"product_tag":[8690,709,5120],"class_list":{"0":"post-21660","1":"product","2":"type-product","3":"status-publish","4":"has-post-thumbnail","6":"product_cat-cywilne","7":"product_cat-gospodarcze-i-handlowe","8":"product_cat-nowosci","9":"product_cat-prawo","10":"product_tag-egzaminy-wstepne-2026","11":"product_tag-prawo-gospodarcze-i-handlowe","12":"product_tag-seria-aplikacje-prawnicze","14":"first","15":"instock","16":"sale","17":"shipping-taxable","18":"purchasable","19":"product-type-simple"},"_links":{"self":[{"href":"https:\/\/ksiegarnia-akademicka.pl\/index.php\/wp-json\/wp\/v2\/product\/21660","targetHints":{"allow":["GET"]}}],"collection":[{"href":"https:\/\/ksiegarnia-akademicka.pl\/index.php\/wp-json\/wp\/v2\/product"}],"about":[{"href":"https:\/\/ksiegarnia-akademicka.pl\/index.php\/wp-json\/wp\/v2\/types\/product"}],"wp:featuredmedia":[{"embeddable":true,"href":"https:\/\/ksiegarnia-akademicka.pl\/index.php\/wp-json\/wp\/v2\/media\/21661"}],"wp:attachment":[{"href":"https:\/\/ksiegarnia-akademicka.pl\/index.php\/wp-json\/wp\/v2\/media?parent=21660"}],"wp:term":[{"taxonomy":"product_brand","embeddable":true,"href":"https:\/\/ksiegarnia-akademicka.pl\/index.php\/wp-json\/wp\/v2\/product_brand?post=21660"},{"taxonomy":"product_cat","embeddable":true,"href":"https:\/\/ksiegarnia-akademicka.pl\/index.php\/wp-json\/wp\/v2\/product_cat?post=21660"},{"taxonomy":"product_tag","embeddable":true,"href":"https:\/\/ksiegarnia-akademicka.pl\/index.php\/wp-json\/wp\/v2\/product_tag?post=21660"}],"curies":[{"name":"wp","href":"https:\/\/api.w.org\/{rel}","templated":true}]}}