{"id":21649,"date":"2026-01-13T15:31:30","date_gmt":"2026-01-13T14:31:30","guid":{"rendered":"http:\/\/ksiegarnia-akademicka.pl\/?post_type=product&#038;p=21649"},"modified":"2026-01-13T15:31:31","modified_gmt":"2026-01-13T14:31:31","slug":"aplikacja-od-ogolu-do-szczegolu-akty-normatywne-w-pigulce","status":"publish","type":"product","link":"https:\/\/ksiegarnia-akademicka.pl\/index.php\/product\/aplikacja-od-ogolu-do-szczegolu-akty-normatywne-w-pigulce\/","title":{"rendered":"Aplikacja od og\u00f3\u0142u do szczeg\u00f3\u0142u. Akty normatywne w pigu\u0142ce"},"content":{"rendered":"<p>Autor:\u00a0Aneta Heliosz<\/p>\n<p>Wydawnictwo: C.H. Beck<\/p>\n<p>Seria: Aplikacje prawnicze<\/p>\n<p>Rok wydania: 2026<\/p>\n<p>Wydanie: 17<\/p>\n<p>Oprawa: Mi\u0119kka<\/p>\n<p>Liczba stron: 632<\/p>\n<p>Wymiary: 165&#215;238 mm<\/p>\n<p>Waga:\u00a01010 g<\/p>\n<p>Aplikacja od og\u00f3\u0142u do szczeg\u00f3\u0142u to\u00a0<strong>streszczenie<\/strong>\u00a0podstawowych, a zarazem\u00a0<strong>najwa\u017cniejszych akt\u00f3w prawnych, wymaganych na egzamin wst\u0119pny<\/strong>\u00a0na aplikacje radcowsk\u0105 i adwokack\u0105.<\/p>\n<p>Opracowanie zawiera\u00a0<strong>om\u00f3wienie 47 akt\u00f3w normatywnych<\/strong>, w tym Konstytucji, kodeks\u00f3w, ustaw i uchwa\u0142, czyli zawiera om\u00f3wienie najistotniejszych dziedzin prawa w przyst\u0119pnej i zrozumia\u0142ej formie.\u00a0<strong>Liczne wypunktowania, wyr\u00f3\u017cnienia,<\/strong>\u00a0a tak\u017ce<strong>\u00a0tabele i grafy<\/strong>\u00a0u\u0142atwiaj\u0105 zapami\u0119tywanie i uporz\u0105dkowanie wiedzy.<\/p>\n<p>W publikacji znajduj\u0105 si\u0119<strong>\u00a0statystyki pyta\u0144 egzaminacyjnych z lat 2010-2025<\/strong>, dzi\u0119ki kt\u00f3rym Czytelnik mo\u017ce sprawdzi\u0107, z kt\u00f3rych ustaw pada najwi\u0119cej pyta\u0144.<\/p>\n<p>W tre\u015bci ksi\u0105\u017cki\u00a0<strong>wyr\u00f3\u017cniono na szaro oraz opatrzono znakami \u201e!&#8221; fragmenty, kt\u00f3re stanowi\u0142y podstaw\u0119 opracowania pyta\u0144 egzaminacyjnych<\/strong>\u00a0z lat ubieg\u0142ych. Umo\u017cliwi to skupienie si\u0119 na tych fragmentach ustaw, z kt\u00f3rych omawiane zagadnienia pojawiaj\u0105 si\u0119 najcz\u0119\u015bciej na egzaminach.<\/p>\n<p>Na ko\u0144cu ka\u017cdego streszczenia aktu prawnego znajduje si\u0119 &#8222;<strong>pigu\u0142ka w pigu\u0142ce<\/strong>&#8222;, czyli jednostronicowe\u00a0<strong>podsumowanie, idealne do powt\u00f3rki<\/strong>.<\/p>\n<p><strong>W opracowaniu uwzgl\u0119dniono stan prawny na stycze\u0144 2026 r.<\/strong>\u00a0Zmiany w aktach prawnych b\u0119d\u0105 zamieszczane do wrze\u015bnia 2026 r. na stronie\u00a0aktualizacje.beck.pl<\/p>\n<p>Pozycja adresowana jest przede wszystkim do os\u00f3b przygotowuj\u0105cych si\u0119 do<strong>\u00a0egzaminu wst\u0119pnego na aplikacj\u0119 adwokack\u0105 i radcowsk\u0105<\/strong>. Opracowanie podstawowych akt\u00f3w prawnych b\u0119dzie r\u00f3wniez pomocne dla os\u00f3b przygotowuj\u0105cych si\u0119 do e<strong>gzaminu wst\u0119pnego na aplikacj\u0119 notarialn\u0105, komornicz\u0105, s\u0119dziowsk\u0105 i prokuratorsk\u0105.<\/strong>\u00a0Mo\u017ce by\u0107 tak\u017ce pomocna dla dla os\u00f3b przyst\u0119puj\u0105cych do konkurs\u00f3w, np. na asystenta s\u0119dziego, referendarza s\u0105dowego oraz os\u00f3b przygotowuj\u0105cych si\u0119 do do konkursu na aplikacj\u0119 uzupe\u0142niaj\u0105c\u0105 sedziowsk\u0105 i prokuratorsk\u0105.<\/p>\n","protected":false},"excerpt":{"rendered":"<p>Autor:\u00a0Aneta Heliosz Wydawnictwo: C.H. Beck Seria: Aplikacje prawnicze Rok wydania: [&hellip;]<\/p>\n","protected":false},"featured_media":21650,"template":"","meta":[],"product_brand":[],"product_cat":[7530,7497,18],"product_tag":[8459,5120],"class_list":{"0":"post-21649","1":"product","2":"type-product","3":"status-publish","4":"has-post-thumbnail","6":"product_cat-nowosci","7":"product_cat-ogolne-zagadnienia-prawa","8":"product_cat-prawo","9":"product_tag-aplikacja-od-ogolu-do-szczegolu","10":"product_tag-seria-aplikacje-prawnicze","12":"first","13":"instock","14":"sale","15":"shipping-taxable","16":"purchasable","17":"product-type-simple"},"_links":{"self":[{"href":"https:\/\/ksiegarnia-akademicka.pl\/index.php\/wp-json\/wp\/v2\/product\/21649","targetHints":{"allow":["GET"]}}],"collection":[{"href":"https:\/\/ksiegarnia-akademicka.pl\/index.php\/wp-json\/wp\/v2\/product"}],"about":[{"href":"https:\/\/ksiegarnia-akademicka.pl\/index.php\/wp-json\/wp\/v2\/types\/product"}],"wp:featuredmedia":[{"embeddable":true,"href":"https:\/\/ksiegarnia-akademicka.pl\/index.php\/wp-json\/wp\/v2\/media\/21650"}],"wp:attachment":[{"href":"https:\/\/ksiegarnia-akademicka.pl\/index.php\/wp-json\/wp\/v2\/media?parent=21649"}],"wp:term":[{"taxonomy":"product_brand","embeddable":true,"href":"https:\/\/ksiegarnia-akademicka.pl\/index.php\/wp-json\/wp\/v2\/product_brand?post=21649"},{"taxonomy":"product_cat","embeddable":true,"href":"https:\/\/ksiegarnia-akademicka.pl\/index.php\/wp-json\/wp\/v2\/product_cat?post=21649"},{"taxonomy":"product_tag","embeddable":true,"href":"https:\/\/ksiegarnia-akademicka.pl\/index.php\/wp-json\/wp\/v2\/product_tag?post=21649"}],"curies":[{"name":"wp","href":"https:\/\/api.w.org\/{rel}","templated":true}]}}