{"id":21647,"date":"2026-01-12T16:05:05","date_gmt":"2026-01-12T15:05:05","guid":{"rendered":"http:\/\/ksiegarnia-akademicka.pl\/?post_type=product&#038;p=21647"},"modified":"2026-01-12T16:05:05","modified_gmt":"2026-01-12T15:05:05","slug":"aplikacja-radcowska-2026-pytania-odpowiedzi-tabele-testy-online","status":"publish","type":"product","link":"https:\/\/ksiegarnia-akademicka.pl\/index.php\/product\/aplikacja-radcowska-2026-pytania-odpowiedzi-tabele-testy-online\/","title":{"rendered":"Aplikacja radcowska 2026. Pytania, odpowiedzi, tabele + testy online"},"content":{"rendered":"<p>Autor: Mariusz Stepaniuk<\/p>\n<p>Wydawnictwo: C.H. Beck<\/p>\n<p>Seria: Aplikacje prawnicze<\/p>\n<p>Rok wydania: 2026<\/p>\n<p>Wydanie: 18<\/p>\n<p>Oprawa: Mi\u0119kka<\/p>\n<p>Liczba stron: 1168<\/p>\n<p>Wymiary: 205&#215;290 mm<\/p>\n<p>Waga:\u00a02300 g<\/p>\n<p>&nbsp;<\/p>\n<h3>Przygotuj si\u0119 do egzaminu wst\u0119pnego na aplikacj\u0119 radcowsk\u0105 w 2026!<\/h3>\n<p>Opracowanie w formie wygodnej tabeli zawiera<strong>\u00a0zbi\u00f3r test\u00f3w z odpowiedziami<\/strong>, kt\u00f3re przede wszystkim\u00a0<strong>u\u0142atwiaj\u0105 nauk\u0119 do egzaminu<\/strong>\u00a0wst\u0119pnego, a tak\u017ce\u00a0<strong>przypomn\u0105 i utrwal\u0105 zagadnienia<\/strong>\u00a0potrzebne do wykonywania praktyki zawodowej.<\/p>\n<p><strong>Dodatkowo ksi\u0105\u017cka zawiera miesi\u0119czny dost\u0119p do test\u00f3w online\u00a0<\/strong>opracowanych zgodnie z wykazem ustaw wymaganych na egzaminie radcowskim, og\u0142aszanym corocznie przez Ministra Sprawiedliwo\u015bci.<\/p>\n<p>Zgodnie z wymogami egzaminacyjnymi\u00a0<strong>pytania testowe s\u0105 jednokrotnego wyboru<\/strong>\u00a0i ka\u017cde z nich zawiera trzy odpowiedzi, w tym jedn\u0105, prawid\u0142ow\u0105 wraz z podaniem podstawy prawnej. Pytania oparte s\u0105 jedynie na brzmieniu tekst\u00f3w ustaw, nie dotycz\u0105 problem\u00f3w doktrynalnych czy zagadnie\u0144 wynikaj\u0105cych z orzecznictwa.<\/p>\n<p>Aplikacja radcowska zawiera<strong>\u00a0testy z wszystkich ustaw obj\u0119tych wykazem publikowanym przez Ministerstwo Sprawiedliwo\u015bci\u00a0<\/strong>(brakuj\u0105ce testy z ustaw wymaganych w 2026 r. s\u0105 publikowane w wersji online).<\/p>\n<p>Zbi\u00f3r uwzgl\u0119dnia stan prawny na stycze\u0144 2026 r. i zmiany, kt\u00f3re zosta\u0142y og\u0142oszone w Dz.U. do tego czasu, a wchodz\u0105ce w \u017cycie do ko\u0144ca wrze\u015bnia 2026 r. Zapewniamy kilkakrotn\u0105 aktualizacj\u0119 pyta\u0144 do dnia egzaminu w 2026 r. (w tym nowe testy po opublikowaniu wykazu akt\u00f3w prawnych, kt\u00f3re b\u0119d\u0105 obowi\u0105zywa\u0142y na egzaminie w 2026 r.). Sprawd\u017a na stronie\u00a0<a title=\"Sprawd\u017a aktualizacje publikacji\" href=\"https:\/\/aktualizacje.beck.pl\/\" target=\"_blank\" rel=\"noopener\">aktualizacje.beck.pl<\/a>.<\/p>\n<p>Pytania, kt\u00f3re pojawi\u0142y si\u0119 w ubieg\u0142ych latach na egzaminach s\u0105 zaznaczone na szaro.<\/p>\n<p>Do ksi\u0105\u017cki zosta\u0142a do\u0142\u0105czona\u00a0<strong>zak\u0142adka, kt\u00f3ra pomaga w nauce<\/strong>. Zak\u0142adka zakrywa odpowied\u017a i podstaw\u0119 prawn\u0105 &#8211; wystarczy j\u0105 przy\u0142o\u017cy\u0107 pod tre\u015bci\u0105 pytania.<\/p>\n<p><strong>Opracowanie:<\/strong><\/p>\n<ul>\n<li><strong>Pytania u\u0142o\u017cone w formie wygodnej tabeli<\/strong>, kt\u00f3ra u\u0142atwia nauk\u0119 i pozwala na bie\u017c\u0105co sprawdza\u0107 nabyt\u0105 wiedz\u0119,<\/li>\n<li>pomo\u017ce zda\u0107 egzamin na aplikacj\u0119 &#8211;\u00a0<strong>139 pyta\u0144 z ubieg\u0142orocznego egzaminu znajdowa\u0142o si\u0119 w ksi\u0105\u017cce,<\/strong><\/li>\n<li><strong>utrwali materia\u0142<\/strong>\u00a0zdobyty w toku aplikacji,<\/li>\n<li><strong>przypomni wiedz\u0119<\/strong>\u00a0potrzebn\u0105 do wykonywania praktyki zawodowej,<\/li>\n<li><strong>zawiera pytania, kt\u00f3re pada\u0142y na egzaminach wst\u0119pnych w latach 2011\u20132025<\/strong>,<\/li>\n<li>zawiera\u00a0<strong>statystyk\u0119 pyta\u0144<\/strong>\u00a0(pozwala sprawdzi\u0107, ile pyta\u0144 z poszczeg\u00f3lnych ustaw pada\u0142o na egzaminach wst\u0119pnych).<\/li>\n<\/ul>\n<p><strong>Aplikacja radcowska obejmuje testy m.in. z:<\/strong><\/p>\n<ul>\n<li>Prawa konstytucyjnego i organ\u00f3w ochrony prawa: Konstytucji RP, Prawa o ustroju s\u0105d\u00f3w powszechnych, Prawa o prokuraturze, Prawa o stowarzyszeniach, ustaw o: S\u0105dzie Najwy\u017cszym, Rzeczniku Praw Obywatelskich, KRS, organizacji i trybie post\u0119powania przed Trybuna\u0142em Konstytucyjnym, Prokuratorii Generalnej Rzeczypospolitej Polskiej;<\/li>\n<li>Prawa cywilnego, konkurencji i ochrony konsumenta: Kodeksu cywilnego, Kodeksu post\u0119powania cywilnego, Kodeksu rodzinnego i opieku\u0144czego, ustaw o: ksi\u0119gach wieczystych i hipotece, kosztach s\u0105dowych w sprawach cywilnych, ochronie konkurencji i konsument\u00f3w, prawach konsumenta, prawie autorskim i prawach pokrewnych, przeciwdzia\u0142aniu nadmiernym op\u00f3\u017anieniom w transakcjach handlowych, o ubezpieczeniach obowi\u0105zkowych, Ubezpieczeniowym Funduszu Gwarancyjnym i Polskim Biurze Ubezpieczycieli Komunikacyjnych;<\/li>\n<li>Prawa handlowego i gospodarczego: Kodeksu sp\u00f3\u0142ek handlowych, Prawa upad\u0142o\u015bciowego, Prawa restrukturyzacyjnego, Prawa wekslowego, Prawa przedsi\u0119biorc\u00f3w , ustaw o: zastawie rejestrowym i rejestrze zastaw\u00f3w, KRS, Centralnej Ewidencji i Informacji o Dzia\u0142alno\u015bci Gospodarczej i Punkcie Informacji dla Przedsi\u0119biorcy;<\/li>\n<li>Prawa karnego i prawa wykrocze\u0144: Kodeksu karnego, Kodeksu post\u0119powania karnego, Kodeksu wykrocze\u0144, Kodeksu post\u0119powania w sprawach o wykroczenia, Kodeksu karnego skarbowego;<\/li>\n<li>Prawa pracy i ubezpiecze\u0144 spo\u0142ecznych: Kodeksu pracy, ustaw o: systemie ubezpiecze\u0144 spo\u0142ecznych, \u015bwiadczeniach pieni\u0119\u017cnych z ubezpieczenia spo\u0142ecznego w razie choroby i macierzy\u0144stwa;<\/li>\n<li>Prawa administracyjnego: Kodeksu post\u0119powania administracyjnego, Prawa o ustroju s\u0105d\u00f3w administracyjnych, Prawa o post\u0119powaniu przed s\u0105dami administracyjnymi, ustaw o: o wojewodzie i administracji rz\u0105dowej w wojew\u00f3dztwie, samorz\u0105dzie gminnym, samorz\u0105dzie powiatowym, samorz\u0105dzie wojew\u00f3dztwa;<\/li>\n<li>Prawa budowlanego, mieszkaniowego, lokalowego, sp\u00f3\u0142dzielczego oraz nieruchomo\u015bci: Prawa sp\u00f3\u0142dzielczego, ustaw o: sp\u00f3\u0142dzielniach mieszkaniowych, gospodarce nieruchomo\u015bciami, w\u0142asno\u015bci lokali, ochronie praw lokator\u00f3w, mieszkaniowym zasobie gminy i o zmianie Kodeksu cywilnego;<\/li>\n<li>Prawa o Unii Europejskiej oraz<\/li>\n<li>Prawa korporacyjnego.<\/li>\n<\/ul>\n","protected":false},"excerpt":{"rendered":"<p>Autor: Mariusz Stepaniuk Wydawnictwo: C.H. Beck Seria: Aplikacje prawnicze Rok [&hellip;]<\/p>\n","protected":false},"featured_media":21648,"template":"","meta":[],"product_brand":[],"product_cat":[7492,7491,7495,7490,7496,7530,18],"product_tag":[7799,5120],"class_list":{"0":"post-21647","1":"product","2":"type-product","3":"status-publish","4":"has-post-thumbnail","6":"product_cat-administracyjne","7":"product_cat-cywilne","8":"product_cat-gospodarcze-i-handlowe","9":"product_cat-karne","10":"product_cat-konstytucyjne","11":"product_cat-nowosci","12":"product_cat-prawo","13":"product_tag-aplikacja-radcowska","14":"product_tag-seria-aplikacje-prawnicze","16":"first","17":"instock","18":"sale","19":"shipping-taxable","20":"purchasable","21":"product-type-simple"},"_links":{"self":[{"href":"https:\/\/ksiegarnia-akademicka.pl\/index.php\/wp-json\/wp\/v2\/product\/21647","targetHints":{"allow":["GET"]}}],"collection":[{"href":"https:\/\/ksiegarnia-akademicka.pl\/index.php\/wp-json\/wp\/v2\/product"}],"about":[{"href":"https:\/\/ksiegarnia-akademicka.pl\/index.php\/wp-json\/wp\/v2\/types\/product"}],"wp:featuredmedia":[{"embeddable":true,"href":"https:\/\/ksiegarnia-akademicka.pl\/index.php\/wp-json\/wp\/v2\/media\/21648"}],"wp:attachment":[{"href":"https:\/\/ksiegarnia-akademicka.pl\/index.php\/wp-json\/wp\/v2\/media?parent=21647"}],"wp:term":[{"taxonomy":"product_brand","embeddable":true,"href":"https:\/\/ksiegarnia-akademicka.pl\/index.php\/wp-json\/wp\/v2\/product_brand?post=21647"},{"taxonomy":"product_cat","embeddable":true,"href":"https:\/\/ksiegarnia-akademicka.pl\/index.php\/wp-json\/wp\/v2\/product_cat?post=21647"},{"taxonomy":"product_tag","embeddable":true,"href":"https:\/\/ksiegarnia-akademicka.pl\/index.php\/wp-json\/wp\/v2\/product_tag?post=21647"}],"curies":[{"name":"wp","href":"https:\/\/api.w.org\/{rel}","templated":true}]}}