{"id":21641,"date":"2026-01-12T15:44:19","date_gmt":"2026-01-12T14:44:19","guid":{"rendered":"http:\/\/ksiegarnia-akademicka.pl\/?post_type=product&#038;p=21641"},"modified":"2026-01-12T15:48:31","modified_gmt":"2026-01-12T14:48:31","slug":"zabiegi-laserowe-i-swietlne-dermatologia-kosmetyczna","status":"publish","type":"product","link":"https:\/\/ksiegarnia-akademicka.pl\/index.php\/product\/zabiegi-laserowe-i-swietlne-dermatologia-kosmetyczna\/","title":{"rendered":"Zabiegi laserowe i \u015bwietlne. Dermatologia kosmetyczna"},"content":{"rendered":"<div class=\"grupa osoby\"><span class=\"meta-head\">Autor: <\/span>J.S. Dover<\/div>\n<div class=\"grupa osoby\"><span class=\"meta-head-blue\">Redakcja:<\/span>\u00a0<span class=\"meta-value\">Kaszuba A.<\/span><\/div>\n<div class=\"grupa osoby\"><span class=\"meta-head-blue\">T\u0142umacze:<\/span>\u00a0<span class=\"meta-value\">EDRA<\/span><\/div>\n<div class=\"grupa osoby\"><span class=\"meta-head-blue\">Ilustracje:<\/span>\u00a0<span class=\"meta-value\">Urban &amp; Partner sp. z o.o.<\/span><\/div>\n<div class=\"grupa wydawca\"><span class=\"meta-head\">Wydawca:<\/span>\u00a0Edra Urban &amp; Partner<\/div>\n<div class=\"grupa dane\">\n<div>Oprawa:\u00a0<span class=\"meta-value-bold\">Twarda<\/span><\/div>\n<div>Format:\u00a0<span class=\"meta-value-bold\">21.0&#215;27.0cm<\/span><\/div>\n<div>Liczba stron:\u00a0<span class=\"meta-value-bold\">230<\/span><\/div>\n<div>Rok wydania:\u00a0<span class=\"meta-value-bold\">2026<\/span><\/div>\n<div>J\u0119zyk wydania:\u00a0<span class=\"meta-value-bold\">polski<\/span><\/div>\n<\/div>\n<div><\/div>\n<div>\n<div>Poznaj najnowocze\u015bniejsze zabiegi dermatologii estetycznej<\/div>\n<div>Zabiegi laserowe i \u015bwietlne z serii Dermatologia Kosmetyczna umo\u017cliwiaj\u0105 czytelnikom opanowanie nowoczesnych technik kosmetycznych, zapewniaj\u0105cych doskona\u0142e rezultaty terapeutyczne. Publikacja zawiera przegl\u0105d naukowych podstaw zastosowania laser\u00f3w i \u017ar\u00f3de\u0142 \u015bwiat\u0142a w dermatologii, a tak\u017ce najnowszych opcji leczenia.<\/div>\n<div>\n<div>W KSI\u0104\u017bCE:<\/div>\n<div>\u2022 Najnowsze wskaz\u00f3wki ekspert\u00f3w dotycz\u0105ce najcz\u0119\u015bciej stosowanych zabieg\u00f3w, takich jak depilacja laserowa, usuwanie tatua\u017cy, poprawa napi\u0119cia tkanek mi\u0119kkich i modelowanie sylwetki, leczenie zmian naczyniowych i barwnikowych, odm\u0142adzanie za pomoc\u0105 nieablacyjnego lasera frakcyjnego, ablacyjny resurfacing laserowy.<\/div>\n<div>\u2022 Pi\u0119\u0107 nowych rozdzia\u0142\u00f3w, po\u015bwi\u0119conych leczeniu z u\u017cyciem \u017ar\u00f3de\u0142 intensywnego \u015bwiat\u0142a pulsacyjnego, radiofrekwencji mikroig\u0142owej, terapii fotodynamicznej, tonizowania i konturowania mi\u0119\u015bni oraz leczenia tr\u0105dziku za pomoc\u0105 \u015bwiat\u0142a i urz\u0105dze\u0144 opartych na \u017ar\u00f3d\u0142ach energii.<\/div>\n<div>\u2022 Om\u00f3wienie takich szczeg\u00f3lnych zagadnie\u0144, jak leczenie sk\u00f3ry o wysokich fototypach oraz powik\u0142ania i zagadnienia prawne zwi\u0105zane ze stosowaniem laser\u00f3w czy innych urz\u0105dze\u0144 opartych na \u017ar\u00f3d\u0142ach \u015bwiat\u0142a i energii.<\/div>\n<div>\u2022 Praktyczne aspekty wykonywania zabieg\u00f3w, szczeg\u00f3\u0142owe instrukcje poprawnego stosowania poszczeg\u00f3lnych technik, opisy przypadk\u00f3w, wskaz\u00f3wki ekspert\u00f3w.<\/div>\n<div>\u2022 Bogaty materia\u0142 ilustracyjny, demonstruj\u0105cy zastosowania i aspekty techniczne omawianych metod.<\/div>\n<div><\/div>\n<\/div>\n<\/div>\n","protected":false},"excerpt":{"rendered":"<p>Autor: J.S. Dover Redakcja:\u00a0Kaszuba A. T\u0142umacze:\u00a0EDRA Ilustracje:\u00a0Urban &amp; Partner sp. [&hellip;]<\/p>\n","protected":false},"featured_media":21642,"template":"","meta":[],"product_brand":[],"product_cat":[8138,7493,7530],"product_tag":[8688,4934],"class_list":{"0":"post-21641","1":"product","2":"type-product","3":"status-publish","4":"has-post-thumbnail","6":"product_cat-dermatologia","7":"product_cat-medycyna","8":"product_cat-nowosci","9":"product_tag-dermatologia-kosmetyczna","10":"product_tag-kosmetologia","12":"first","13":"instock","14":"sale","15":"shipping-taxable","16":"purchasable","17":"product-type-simple"},"_links":{"self":[{"href":"https:\/\/ksiegarnia-akademicka.pl\/index.php\/wp-json\/wp\/v2\/product\/21641","targetHints":{"allow":["GET"]}}],"collection":[{"href":"https:\/\/ksiegarnia-akademicka.pl\/index.php\/wp-json\/wp\/v2\/product"}],"about":[{"href":"https:\/\/ksiegarnia-akademicka.pl\/index.php\/wp-json\/wp\/v2\/types\/product"}],"wp:featuredmedia":[{"embeddable":true,"href":"https:\/\/ksiegarnia-akademicka.pl\/index.php\/wp-json\/wp\/v2\/media\/21642"}],"wp:attachment":[{"href":"https:\/\/ksiegarnia-akademicka.pl\/index.php\/wp-json\/wp\/v2\/media?parent=21641"}],"wp:term":[{"taxonomy":"product_brand","embeddable":true,"href":"https:\/\/ksiegarnia-akademicka.pl\/index.php\/wp-json\/wp\/v2\/product_brand?post=21641"},{"taxonomy":"product_cat","embeddable":true,"href":"https:\/\/ksiegarnia-akademicka.pl\/index.php\/wp-json\/wp\/v2\/product_cat?post=21641"},{"taxonomy":"product_tag","embeddable":true,"href":"https:\/\/ksiegarnia-akademicka.pl\/index.php\/wp-json\/wp\/v2\/product_tag?post=21641"}],"curies":[{"name":"wp","href":"https:\/\/api.w.org\/{rel}","templated":true}]}}