{"id":21608,"date":"2025-12-10T12:43:36","date_gmt":"2025-12-10T11:43:36","guid":{"rendered":"http:\/\/ksiegarnia-akademicka.pl\/?post_type=product&#038;p=21608"},"modified":"2025-12-10T12:43:36","modified_gmt":"2025-12-10T11:43:36","slug":"podrecznik-samodzielnej-nauki-ksiegowania-zbior-zadan-do-podrecznika-zbior-rozwiazan-do-podrecznika-pakiet","status":"publish","type":"product","link":"https:\/\/ksiegarnia-akademicka.pl\/index.php\/product\/podrecznik-samodzielnej-nauki-ksiegowania-zbior-zadan-do-podrecznika-zbior-rozwiazan-do-podrecznika-pakiet\/","title":{"rendered":"Podr\u0119cznik samodzielnej nauki ksi\u0119gowania + Zbi\u00f3r zada\u0144 do podr\u0119cznika + zbi\u00f3r rozwi\u0105za\u0144 do podr\u0119cznika \/Pakiet\/"},"content":{"rendered":"<div class=\"grupa osoby\"><span class=\"meta-head\">Autor: <\/span>Barbara Gierusz<\/div>\n<div class=\"grupa wydawca\"><span class=\"meta-head\">Wydawca:<\/span>\u00a0ODDK<\/div>\n<div class=\"grupa dane\">\n<div>Oprawa:\u00a0<span class=\"meta-value-bold\">Mi\u0119kka<\/span><\/div>\n<div>Format:\u00a0<span class=\"meta-value-bold\">14.0&#215;20.0cm<\/span><\/div>\n<div>Liczba stron:\u00a0<span class=\"meta-value-bold\">548<\/span><\/div>\n<div>Rok wydania:\u00a0<span class=\"meta-value-bold\">2025<\/span><\/div>\n<div>J\u0119zyk wydania:\u00a0<span class=\"meta-value-bold\">polski<\/span><\/div>\n<div>\n<div class=\"grupa osoby\"><span class=\"meta-head\">Autor: <\/span>Barbara Gierusz<\/div>\n<div class=\"grupa wydawca\"><span class=\"meta-head\">Wydawca:<\/span>\u00a0ODDK<\/div>\n<div class=\"grupa dane\">\n<div>Oprawa:\u00a0<span class=\"meta-value-bold\">Mi\u0119kka<\/span><\/div>\n<div>Format:\u00a0<span class=\"meta-value-bold\">14.0&#215;20.0cm<\/span><\/div>\n<div>Liczba stron:\u00a0<span class=\"meta-value-bold\">202<\/span><\/div>\n<div>Rok wydania:\u00a0<span class=\"meta-value-bold\">2025<\/span><\/div>\n<div>J\u0119zyk wydania:\u00a0<span class=\"meta-value-bold\">polski<\/span><\/div>\n<div>\n<div class=\"grupa osoby\"><span class=\"meta-head\">Autor: <\/span>Barbara Gierusz<\/div>\n<div class=\"grupa wydawca\"><span class=\"meta-head\">Wydawca:<\/span>\u00a0ODDK<\/div>\n<div class=\"grupa dane\">\n<div>Oprawa:\u00a0<span class=\"meta-value-bold\">Mi\u0119kka<\/span><\/div>\n<div>Format:\u00a0<span class=\"meta-value-bold\">14.0&#215;20.0cm<\/span><\/div>\n<div>Liczba stron:\u00a0<span class=\"meta-value-bold\">96<\/span><\/div>\n<div>Rok wydania:\u00a0<span class=\"meta-value-bold\">2025<\/span><\/div>\n<div>J\u0119zyk wydania:\u00a0<span class=\"meta-value-bold\">polski<\/span><\/div>\n<\/div>\n<\/div>\n<div><\/div>\n<\/div>\n<\/div>\n<\/div>\n<div>Podr\u0119cznik samodzielnej nauki ksi\u0119gowania + Zbi\u00f3r zada\u0144 do podr\u0119cznika samodzielnej nauki ksi\u0119gowania + Zbi\u00f3r rozwi\u0105za\u0144 do podr\u0119cznika samodzielnej nauki ksi\u0119gowania<\/div>\n<div><\/div>\n<div>Najcz\u0119\u015bciej wybierany podr\u0119cznik do nauki ksi\u0119gowo\u015bci.<br \/>\nPodr\u0119cznik obejmuje podstawy rachunkowo\u015bci rozszerzone o wybrane zagadnienia szczeg\u00f3\u0142owe wchodz\u0105ce w zakres rachunkowo\u015bci finansowej.<br \/>\nCz\u0119\u015b\u0107 pierwsza przeznaczona jest dla os\u00f3b studiuj\u0105cych rachunkowo\u015b\u0107 po raz pierwszy \u2013 wprowadza w sam przedmiot (zakres) rachunkowo\u015bci, omawia fundamentalne zasady ksi\u0119gowo\u015bci, zapoznaje z podstawowymi zasadami ewidencji ksi\u0119gowej.<br \/>\nW cz\u0119\u015bci drugiej om\u00f3wiono wybrane problemy rachunkowo\u015bci jednostek gospodarczych.<\/div>\n<div><\/div>\n","protected":false},"excerpt":{"rendered":"<p>Autor: Barbara Gierusz Wydawca:\u00a0ODDK Oprawa:\u00a0Mi\u0119kka Format:\u00a014.0&#215;20.0cm Liczba stron:\u00a0548 Rok wydania:\u00a02025 [&hellip;]<\/p>\n","protected":false},"featured_media":21590,"template":"","meta":[],"product_brand":[],"product_cat":[7530,23],"product_tag":[1496],"class_list":{"0":"post-21608","1":"product","2":"type-product","3":"status-publish","4":"has-post-thumbnail","6":"product_cat-nowosci","7":"product_cat-rachunkowosc","8":"product_tag-rachunkowosc","10":"first","11":"instock","12":"sale","13":"shipping-taxable","14":"purchasable","15":"product-type-simple"},"_links":{"self":[{"href":"https:\/\/ksiegarnia-akademicka.pl\/index.php\/wp-json\/wp\/v2\/product\/21608","targetHints":{"allow":["GET"]}}],"collection":[{"href":"https:\/\/ksiegarnia-akademicka.pl\/index.php\/wp-json\/wp\/v2\/product"}],"about":[{"href":"https:\/\/ksiegarnia-akademicka.pl\/index.php\/wp-json\/wp\/v2\/types\/product"}],"wp:featuredmedia":[{"embeddable":true,"href":"https:\/\/ksiegarnia-akademicka.pl\/index.php\/wp-json\/wp\/v2\/media\/21590"}],"wp:attachment":[{"href":"https:\/\/ksiegarnia-akademicka.pl\/index.php\/wp-json\/wp\/v2\/media?parent=21608"}],"wp:term":[{"taxonomy":"product_brand","embeddable":true,"href":"https:\/\/ksiegarnia-akademicka.pl\/index.php\/wp-json\/wp\/v2\/product_brand?post=21608"},{"taxonomy":"product_cat","embeddable":true,"href":"https:\/\/ksiegarnia-akademicka.pl\/index.php\/wp-json\/wp\/v2\/product_cat?post=21608"},{"taxonomy":"product_tag","embeddable":true,"href":"https:\/\/ksiegarnia-akademicka.pl\/index.php\/wp-json\/wp\/v2\/product_tag?post=21608"}],"curies":[{"name":"wp","href":"https:\/\/api.w.org\/{rel}","templated":true}]}}