{"id":21585,"date":"2025-12-08T16:02:16","date_gmt":"2025-12-08T15:02:16","guid":{"rendered":"http:\/\/ksiegarnia-akademicka.pl\/?post_type=product&#038;p=21585"},"modified":"2025-12-08T16:02:17","modified_gmt":"2025-12-08T15:02:17","slug":"prawo-cywilne-czesc-ogolna-bez-tajemnic","status":"publish","type":"product","link":"https:\/\/ksiegarnia-akademicka.pl\/index.php\/product\/prawo-cywilne-czesc-ogolna-bez-tajemnic\/","title":{"rendered":"Prawo Cywilne Cz\u0119\u015b\u0107 og\u00f3lna Bez tajemnic"},"content":{"rendered":"<div class=\"grupa osoby\"><span class=\"meta-head\">Autor: <\/span>Dawid Rogozi\u0144ski<\/div>\n<div class=\"grupa wydawca\"><span class=\"meta-head\">Wydawca:<\/span>\u00a0Wolters Kluwer<\/div>\n<div class=\"grupa dane\">\n<div>Oprawa:\u00a0<span class=\"meta-value-bold\">Mi\u0119kka<\/span><\/div>\n<div>Liczba stron:\u00a0<span class=\"meta-value-bold\">330<\/span><\/div>\n<div>Wydanie:\u00a0<span class=\"meta-value-bold\">1<\/span><\/div>\n<div>Rok wydania:\u00a0<span class=\"meta-value-bold\">2025<\/span><\/div>\n<div>J\u0119zyk wydania:\u00a0<span class=\"meta-value-bold\">polski<\/span><\/div>\n<\/div>\n<div><\/div>\n<div>\u201eMoim celem by\u0142o stworzy\u0107 przewodnik \u2013 chc\u0119 Ci pokaza\u0107 fascynuj\u0105cy (serio, mam dystans do swojej pracy i ca\u0142kiem fajne \u017cycie osobiste, a u\u017cywam tego przymiotnika zupe\u0142nie szczerze i autentycznie) Kodeks cywilny tak, jakbym Ci\u0119 oprowadza\u0142 po ulubionym mie\u015bcie. Opowiem Ci o g\u0142\u00f3wnych budynkach (instytucjach prawa cywilnego), opatrz\u0119 je tabliczkami i znakami (przytocz\u0119 odpowiednie przepisy), poka\u017c\u0119 drogi, kt\u00f3rymi si\u0119 b\u0119dziemy porusza\u0107 (algorytmy prawnicze), dam gar\u015b\u0107 tip\u00f3w lub ostrze\u017ce\u0144 (na to uwa\u017caj!) i w ko\u0144cu&#8230; zostawi\u0119 tam samego. B\u0119d\u0119 liczy\u0107 na to, \u017ce z\u0142apiesz bakcyla, \u017ce dzi\u0119ki temu oprowadzaniu poczujesz si\u0119 ju\u017c wystarczaj\u0105co odwa\u017cny, \u017ceby ruszy\u0107 w ju\u017c tak niezupe\u0142nie nieznane samemu. \u017beby odkry\u0107 to, co najciekawsze, poczu\u0107 rytm, wej\u015b\u0107 w miasto, \u017cy\u0107 w nim. Z cywilem jest naprawd\u0119 bardzo, bardzo podobnie\u201d.<\/p>\n<p>Celem prezentowanego przewodnika po ksi\u0119dze pierwszej Kodeksu cywilnego jest przede wszystkim \u2013 obok om\u00f3wienia jego regu\u0142 \u2013 nauczenie studenta my\u015blenia zasadami, w oparciu o rozumienie jego instytucji.<\/p>\n<p>Ksi\u0105\u017cka wyr\u00f3\u017cnia si\u0119 sposobem prowadzenia narracji \u2013 nietypowym dla dotychczas ukazuj\u0105cych si\u0119 podr\u0119cznik\u00f3w z zakresu prawa cywilnego, uwzgl\u0119dniaj\u0105cym wsp\u00f3\u0142czesn\u0105 wiedz\u0105 o m\u00f3zgu i sposobach uczenia si\u0119, opart\u0105 na obserwacjach z bezpo\u015bredniej pracy ze studentami, o metodyk\u0119 pracy wprowadzan\u0105 od kilku lat z ich aktywnym udzia\u0142em w czasie zaj\u0119\u0107 i spotka\u0144 ko\u0142a naukowego. Tak\u017ce uk\u0142ad graficzny opracowania ma na celu stymulowanie czytelnika do aktywnego uczenia si\u0119 i poznawania omawianych temat\u00f3w w spos\u00f3b wsp\u00f3\u0142cze\u015bnie przyst\u0119pny.<\/p>\n<p>Tre\u015b\u0107 wzbogacaj\u0105 materia\u0142y wideo \u2013 kilkuminutowe om\u00f3wienia najtrudniejszych z perspektywy studenta zagadnie\u0144, kt\u00f3re s\u0105 jednak kluczowe dla zrozumienia najwa\u017cniejszych instytucji i regulacji z zakresu cz\u0119\u015bci og\u00f3lnej prawa cywilnego.<\/p>\n<p>Podr\u0119cznik jest przeznaczony przede wszystkim dla student\u00f3w i pracownik\u00f3w dydaktycznych wydzia\u0142\u00f3w prawa oraz kierunk\u00f3w: administracja, podatki, ekonomia, zarz\u0105dzanie. B\u0119dzie ponadto u\u017cytecznym narz\u0119dziem do nauki dla aplikant\u00f3w radcowskich, adwokackich i notarialnych.<\/p><\/div>\n","protected":false},"excerpt":{"rendered":"<p>Autor: Dawid Rogozi\u0144ski Wydawca:\u00a0Wolters Kluwer Oprawa:\u00a0Mi\u0119kka Liczba stron:\u00a0330 Wydanie:\u00a01 Rok [&hellip;]<\/p>\n","protected":false},"featured_media":21586,"template":"","meta":[],"product_brand":[],"product_cat":[7491,7530,18],"product_tag":[615,8683],"class_list":{"0":"post-21585","1":"product","2":"type-product","3":"status-publish","4":"has-post-thumbnail","6":"product_cat-cywilne","7":"product_cat-nowosci","8":"product_cat-prawo","9":"product_tag-prawo-cywilne","10":"product_tag-seria-bez-tajemnic","12":"first","13":"instock","14":"sale","15":"shipping-taxable","16":"purchasable","17":"product-type-simple"},"_links":{"self":[{"href":"https:\/\/ksiegarnia-akademicka.pl\/index.php\/wp-json\/wp\/v2\/product\/21585","targetHints":{"allow":["GET"]}}],"collection":[{"href":"https:\/\/ksiegarnia-akademicka.pl\/index.php\/wp-json\/wp\/v2\/product"}],"about":[{"href":"https:\/\/ksiegarnia-akademicka.pl\/index.php\/wp-json\/wp\/v2\/types\/product"}],"wp:featuredmedia":[{"embeddable":true,"href":"https:\/\/ksiegarnia-akademicka.pl\/index.php\/wp-json\/wp\/v2\/media\/21586"}],"wp:attachment":[{"href":"https:\/\/ksiegarnia-akademicka.pl\/index.php\/wp-json\/wp\/v2\/media?parent=21585"}],"wp:term":[{"taxonomy":"product_brand","embeddable":true,"href":"https:\/\/ksiegarnia-akademicka.pl\/index.php\/wp-json\/wp\/v2\/product_brand?post=21585"},{"taxonomy":"product_cat","embeddable":true,"href":"https:\/\/ksiegarnia-akademicka.pl\/index.php\/wp-json\/wp\/v2\/product_cat?post=21585"},{"taxonomy":"product_tag","embeddable":true,"href":"https:\/\/ksiegarnia-akademicka.pl\/index.php\/wp-json\/wp\/v2\/product_tag?post=21585"}],"curies":[{"name":"wp","href":"https:\/\/api.w.org\/{rel}","templated":true}]}}