{"id":21581,"date":"2025-12-08T09:03:36","date_gmt":"2025-12-08T08:03:36","guid":{"rendered":"http:\/\/ksiegarnia-akademicka.pl\/?post_type=product&#038;p=21581"},"modified":"2025-12-08T09:03:36","modified_gmt":"2025-12-08T08:03:36","slug":"system-podatkowy-ujecie-praktyczne","status":"publish","type":"product","link":"https:\/\/ksiegarnia-akademicka.pl\/index.php\/product\/system-podatkowy-ujecie-praktyczne\/","title":{"rendered":"System podatkowy &#8211; uj\u0119cie praktyczne"},"content":{"rendered":"<div class=\"grupa osoby\"><span class=\"meta-head\">Autor:<\/span><\/p>\n<ul>\n<li class=\"meta-value\">Robert Wola\u0144ski<\/li>\n<li class=\"meta-value\">Grzegorz Keler<\/li>\n<\/ul>\n<\/div>\n<div class=\"grupa osoby\"><span class=\"meta-head-blue\">Redakcja:<\/span>\u00a0<span class=\"meta-value\">Wola\u0144ski Robert<\/span><\/div>\n<div class=\"grupa wydawca\"><span class=\"meta-head\">Wydawca:<\/span>\u00a0Wydawnictwa Uniwersytetu Warszawskiego<\/div>\n<div class=\"grupa dane\">\n<div>Oprawa:\u00a0<span class=\"meta-value-bold\">Kartonowa Foliowana<\/span><\/div>\n<div>Format:\u00a0<span class=\"meta-value-bold\">17.0&#215;24.0cm<\/span><\/div>\n<div>Liczba stron:\u00a0<span class=\"meta-value-bold\">440<\/span><\/div>\n<div>Wydanie:\u00a0<span class=\"meta-value-bold\">1<\/span><\/div>\n<div>Rok wydania:\u00a0<span class=\"meta-value-bold\">2025<\/span><\/div>\n<div>J\u0119zyk wydania:\u00a0<span class=\"meta-value-bold\">polski<\/span><\/div>\n<\/div>\n<div><\/div>\n<div>Ksi\u0105\u017cka stanowi unikalne na polskim rynku wydawniczym zwarte i kompleksowe opracowanie kwestii dotycz\u0105cych stosowania podatk\u00f3w w praktyce. Porusza szerok\u0105 problematyk\u0119 od opodatkowania dochod\u00f3w os\u00f3b fizycznych i dochodu os\u00f3b prowadz\u0105cych dzia\u0142alno\u015b\u0107 gospodarcz\u0105, poprzez opodatkowanie obrotu podatkiem od towar\u00f3w i us\u0142ug,podatkiem akcyzowym, opodatkowanie maj\u0105tku, podatek od nieruchomo\u015bci, rolny, le\u015bny czy od czynno\u015bci cywilno-prawnych, po zagadnienia dotycz\u0105ce zobowi\u0105za\u0144 podatkowych.<br \/>\nMonografia pozwala czytelnikowi na samodzielne i pe\u0142ne zrozumienie konstrukcji podatkowych poprzez ukazanie zastosowania praktycznego, dzi\u0119ki umiej\u0119tnemu prze\u0142o\u017ceniu konstrukcji podatku na jego zastosowanie w praktyce, zaprezentowane w formie kazus\u00f3w oraz praktycznych przyk\u0142ad\u00f3w. Publikacja jest przeznaczona dla student\u00f3w wydzia\u0142\u00f3w prawa i administracji, finans\u00f3w i zarz\u0105dzania oraz praktyk\u00f3w prowadz\u0105cych w\u0142asn\u0105 dzia\u0142alno\u015b\u0107 gospodarcz\u0105.<br \/>\nStan prawny na 1 pa\u017adziernika 2025 roku.<\/p>\n<p>******<\/p>\n<p>Tax System: A Practical Approach<br \/>\nThe book is a unique, concise and comprehensive study of issues related to the practical application of taxes on the Polish publishing market. It covers a wide range of topics, from the taxation of personal income and the income of persons conducting business activity, through the taxation of turnover with goods and services tax, excise duty, property tax, real estate tax, agricultural tax, forest tax and civil law transaction tax, to issues related to tax liabilities.<br \/>\nThe monograph enables the reader to independently and fully understand tax structures by showing their practical application, thanks to the skilful translation of taxstructures into their practical application, presented in the form of case studies and practical examples. The publication is geared toward students of law and administration, finance and management faculties, as well as practitioners running their own businesses.<br \/>\nLegal status as of 1 October 2025.<\/p>\n<p>Podkre\u015bli\u0107 nale\u017cy, \u017ce aktualnie na polskim rynku wydawniczym brakuje publikacji, kt\u00f3ra stanowi\u0142aby zwarte, a zarazem kompleksowe opracowanie kwestii dotycz\u0105cych stosowania podatk\u00f3w w praktyce, dost\u0119pnej dla student\u00f3w i praktyk\u00f3w. [\u2026] Recenzowana ksi\u0105\u017cka powinna wi\u0119c pom\u00f3c Czytelnikom poszerzy\u0107 wiedz\u0119 na temat podatk\u00f3w oraz u\u0142atwi\u0107 samodzielne i pe\u0142ne zrozumienie konstrukcji podatkowych poprzez ukazanie w kazusach (\u0107wiczeniach) praktycznego wykorzystania posiadanej wiedzy.<br \/>\nProf. dr hab. Jadwiga Glumi\u0144ska-Pawlic<\/p>\n<p>Analiza praktyczna polskiego systemu podatkowego dotychczas nie by\u0142a podejmowana w literaturze przedmiotu w takim uj\u0119ciu. \u015awiadczy o tym zar\u00f3wno kompletno\u015b\u0107 prezentowanych podatk\u00f3w, jak i spos\u00f3b ich prezentowania. [\u2026] O uj\u0119ciu praktycznym \u015bwiadcz\u0105 r\u00f3wnie\u017c ciekawie skomponowane kazusy, kt\u00f3re pozwalaj\u0105 Czytelnikom zrozumie\u0107 istot\u0119 poszczeg\u00f3lnych podatk\u00f3w. W pracy zosta\u0142y r\u00f3wnie\u017c zamieszczone odpowiedzi do kazus\u00f3w, by rozwi\u0105zuj\u0105c samodzielnie \u0107wiczenie mo\u017cna by\u0142o sprawdzi\u0107 ich prawid\u0142owo\u015b\u0107.<br \/>\nProf. dr hab. Dominik Jan Gajewski<\/p>\n<p>Prof. dr hab. Robert Wola\u0144ski \u2013 profesor Uniwersytetu Warszawskiego, doktor habilitowany nauk ekonomicznych, kierownik Pracowni Finansowo Prawnych Problem\u00f3w Zarz\u0105dzania na Wydziale Zarz\u0105dzania UW.<br \/>\nDr Andrzej Pa\u0142ys \u2013 doktor prawa, doradca podatkowy, dyrektor w mi\u0119dzynarodowej firmie doradczej.<br \/>\nDr Grzegorz Keler \u2013 doktor nauk prawnych, adwokat, adiunkt na Wydziale Zarz\u0105dzania UW.<\/p><\/div>\n","protected":false},"excerpt":{"rendered":"<p>Autor: Robert Wola\u0144ski Grzegorz Keler Redakcja:\u00a0Wola\u0144ski Robert Wydawca:\u00a0Wydawnictwa Uniwersytetu Warszawskiego [&hellip;]<\/p>\n","protected":false},"featured_media":21582,"template":"","meta":[],"product_brand":[],"product_cat":[7530,22],"product_tag":[1055,1158],"class_list":{"0":"post-21581","1":"product","2":"type-product","3":"status-publish","4":"has-post-thumbnail","6":"product_cat-nowosci","7":"product_cat-podatki-i-prawo-podatkowe","8":"product_tag-prawo-podatkowe","9":"product_tag-system-podatkowy","11":"first","12":"instock","13":"sale","14":"shipping-taxable","15":"purchasable","16":"product-type-simple"},"_links":{"self":[{"href":"https:\/\/ksiegarnia-akademicka.pl\/index.php\/wp-json\/wp\/v2\/product\/21581","targetHints":{"allow":["GET"]}}],"collection":[{"href":"https:\/\/ksiegarnia-akademicka.pl\/index.php\/wp-json\/wp\/v2\/product"}],"about":[{"href":"https:\/\/ksiegarnia-akademicka.pl\/index.php\/wp-json\/wp\/v2\/types\/product"}],"wp:featuredmedia":[{"embeddable":true,"href":"https:\/\/ksiegarnia-akademicka.pl\/index.php\/wp-json\/wp\/v2\/media\/21582"}],"wp:attachment":[{"href":"https:\/\/ksiegarnia-akademicka.pl\/index.php\/wp-json\/wp\/v2\/media?parent=21581"}],"wp:term":[{"taxonomy":"product_brand","embeddable":true,"href":"https:\/\/ksiegarnia-akademicka.pl\/index.php\/wp-json\/wp\/v2\/product_brand?post=21581"},{"taxonomy":"product_cat","embeddable":true,"href":"https:\/\/ksiegarnia-akademicka.pl\/index.php\/wp-json\/wp\/v2\/product_cat?post=21581"},{"taxonomy":"product_tag","embeddable":true,"href":"https:\/\/ksiegarnia-akademicka.pl\/index.php\/wp-json\/wp\/v2\/product_tag?post=21581"}],"curies":[{"name":"wp","href":"https:\/\/api.w.org\/{rel}","templated":true}]}}