{"id":21553,"date":"2025-12-03T12:36:09","date_gmt":"2025-12-03T11:36:09","guid":{"rendered":"http:\/\/ksiegarnia-akademicka.pl\/?post_type=product&#038;p=21553"},"modified":"2025-12-03T12:36:10","modified_gmt":"2025-12-03T11:36:10","slug":"podatkowe-i-bilansowe-zamkniecie-roku-2025-wzory-do-pobrania","status":"publish","type":"product","link":"https:\/\/ksiegarnia-akademicka.pl\/index.php\/product\/podatkowe-i-bilansowe-zamkniecie-roku-2025-wzory-do-pobrania\/","title":{"rendered":"Podatkowe i bilansowe zamkni\u0119cie roku 2025 + wzory do pobrania"},"content":{"rendered":"<p>Redakcja:\u00a0prof. dr hab. Artur Ho\u0142da<\/p>\n<p>Wydawnictwo C.H. Beck<\/p>\n<p>Seria: Prawo w praktyce<\/p>\n<p>Rok wydania: 2025<\/p>\n<p>Wydanie: 9<\/p>\n<p>Oprawa: Mi\u0119kka<\/p>\n<p>Liczba stron: 1084<\/p>\n<p>Wymiary: 210&#215;295 mm<\/p>\n<p>Waga:\u00a02550 g<\/p>\n<p>&nbsp;<\/p>\n<p><strong>Niezb\u0119dne informacje w zakresie zamkni\u0119cia rocznego 2025 w kontek\u015bcie bilansowym oraz podatkowym wraz z wzorami dokument\u00f3w.<\/strong><\/p>\n<p>Celem publikacji jest dostarczenie\u00a0<strong>kompleksowej i aktualnej wiedzy<\/strong>\u00a0<strong>dotycz\u0105cej sporz\u0105dzania sprawozda\u0144 finansowych\u00a0<\/strong>oraz\u00a0<strong>rozlicze\u0144 podatkowych<\/strong>. Takie dualne podej\u015bcie do zamkni\u0119cia rocznego niew\u0105tpliwe stanowi warto\u015b\u0107 dodan\u0105 dla praktyk\u00f3w \u017cycia gospodarczego.<\/p>\n<p>Obecne wydanie uwzgl\u0119dnia zmiany podatkowe (w tym wyja\u015bnienia MF w zakresie podatku u \u017ar\u00f3d\u0142a oraz wyja\u015bnienia w zakresie przerzucanych dochod\u00f3w), dwie ostatnie nowelizacje ustawy o rachunkowo\u015bci, zapisy nowych stanowisk oraz standard\u00f3w rachunkowo\u015bci (w tym\u00a0<strong>KSR 16 \u201eUproszczenia dopuszczone ustaw\u0105 o rachunkowo\u015bci<\/strong>\u201d), odwo\u0142uje si\u0119 do projekt\u00f3w nowych KSR, jak r\u00f3wnie\u017c przedstawia (opr\u00f3cz omawiania najbardziej powszechnych wzor\u00f3w i zasad) unikatowe przyk\u0142ady sporz\u0105dzania sprawozda\u0144 finansowych fundacji rodzinnych, czy te\u017c jednostek w reorganizacji, restrukturyzacji, czy likwidacji i upad\u0142o\u015bci. Ponadto w ksi\u0105\u017cce omawiamy<strong>\u00a0jak przygotowa\u0107 si\u0119 po raz pierwszy do sporz\u0105dzenia JPK_KR_PD i do\u0142\u0105czy\u0107 go do sprawozdania finansowego za 2025 r.<\/strong>, jak r\u00f3wnie\u017c wyja\u015bniamy jak zapewni\u0107 zgodno\u015b\u0107 tego pliku ze sprawozdaniem finansowym i deklaracj\u0105 CIT-8. W tym wydaniu nie mog\u0142o r\u00f3wnie\u017c zabrakn\u0105\u0107 wyja\u015bnie\u0144 w zakresie omawiania zagadnie\u0144\u00a0<strong>ESG w sprawozdaniu z dzia\u0142alno\u015bci<\/strong>.<\/p>\n<p><strong>Omawiaj\u0105c kolejne zagadnienia autorzy odwo\u0142uj\u0105 si\u0119 do:<\/strong><\/p>\n<ul>\n<li>zmian wprowadzanych do regulacji podatkowych w 2025 r. (obja\u015bnienia podatkowe do podatku u \u017ar\u00f3d\u0142a, obja\u015bnienia podatkowe do przerzucanych dochod\u00f3w, zmiany w cenach transferowych, nowa ulga podatkowa na \u017co\u0142nierzy itd.),<\/li>\n<li>ustawy z dnia 9 lipca 2025 r. zmieniaj\u0105cej ustaw\u0119 o zmianie ustawy o rachunkowo\u015bci, ustawy o bieg\u0142ych rewidentach, firmach audytorskich oraz nadzorze publicznym oraz niekt\u00f3rych innych ustaw (Dz.U. z 2025 r. poz. 1020),<\/li>\n<li>ustawy z dnia 6 grudnia 2024 r. zmieniaj\u0105cej ustaw\u0119 o zmianie ustawy o rachunkowo\u015bci, ustawy o bieg\u0142ych rewidentach, firmach audytorskich oraz nadzorze publicznym oraz niekt\u00f3rych innych ustaw (Dz.U. z 2024 r. poz. 1863) \u2013 wprowadzi\u0142a ona m.in.<strong>\u00a0zmiany w zakresie uproszcze\u0144 i wzoru rachunku zysk\u00f3w i strat, sprawozdania z dzia\u0142alno\u015bci (uwzgl\u0119dnienie zagadnie\u0144 ESG)<\/strong>,<\/li>\n<li><strong>nowego krajowego standardu rachunkowo\u015bci Nr 16 \u201eUproszczenia dopuszczone ustaw\u0105 o rachunkowo\u015bci\u201d<\/strong>\u00a0zatwierdzonego we wrze\u015bniu 2025 r. \u2013 autorzy szczeg\u00f3\u0142owo omawiaj\u0105 uproszczenia w obszarze stosowanych wzor\u00f3w sprawozda\u0144, jak i stosowanych zasad wyceny,<\/li>\n<li><strong>nowe stanowisko Komitetu Standard\u00f3w Rachunkowo\u015bci z 7 maja 2025 r. w sprawie klasyfikacji obci\u0105\u017ce\u0144 publicznoprawnych<\/strong>\u00a0oraz identyfikacji tych, kt\u00f3re s\u0105 zwi\u0105zane z obrotem (podatki obrotowe), a tak\u017ce zasad uj\u0119cia podatk\u00f3w obrotowych na potrzeby sporz\u0105dzenia sprawozdania finansowego (Dz.Urz.MF z 2025 r. poz. 46) \u2013 przedstawia m.in.\u00a0<strong>szczeg\u00f3\u0142owe zasady klasyfikowania podatk\u00f3w na potrzeby rachunkowo\u015bci<\/strong>,<\/li>\n<li>projekt\u00f3w nowych krajowych standard\u00f3w rachunkowo\u015bci: \u201eFaktoring w ksi\u0119gach rachunkowych i sprawozdaniu finansowym faktoranta\u201d, \u201e<strong>Warto\u015bci niematerialne i prawne<\/strong>&#8221; oraz \u201eInwestycje w nieruchomo\u015bci i warto\u015bci niematerialne i prawne;\u00a0<strong>przedstawiamy rozbudowany rozdzia\u0142 w uwzgl\u0119dnieniem zagadnieniem problemowych dotycz\u0105cy warto\u015bci niematerialnych i prawnych<\/strong>,<\/li>\n<li>projektu stanowiska komitetu standard\u00f3w rachunkowo\u015bci, kt\u00f3ry b\u0119dzie dotyczy\u0107 sprawozda\u0144 finansowych sporz\u0105dzanych na dzie\u0144 inny ni\u017c dzie\u0144 ko\u0144cz\u0105cy rok obrotowy; z odwo\u0142aniem do tego stanowiska powsta\u0142\u00a0<strong>obszerny artyku\u0142 omawiaj\u0105cy tematyk\u0119 sporz\u0105dzania sprawozda\u0144 jednostek w reorganizacji<\/strong>\u00a0(np. jednostka cywilna przekszta\u0142ca si\u0119 w sp\u00f3\u0142k\u0119 z o.o.; sp\u00f3\u0142ka jawna zmienia si\u0119 w sp\u00f3\u0142k\u0119 komandytow\u0105; sp\u00f3\u0142ka przechodzi na esto\u0144ski CIT itd.),<\/li>\n<li>stanowiska Komitetu Standard\u00f3w Rachunkowo\u015bci z marca 2024 r. w sprawie ustalania warto\u015bci godziwej dla potrzeb rozliczania po\u0142\u0105cze\u0144 jednostek metod\u0105 nabycia; Dz.Urz. Ministra Finans\u00f3w poz. 23) \u2013<strong>\u00a0przedstawiamy obszerne opracowanie dotycz\u0105ce warto\u015bci godziwej z uwzgl\u0119dnieniem KSR 16 \u201eUproszczenia\u201d<\/strong>,<\/li>\n<li>zaktualizowanego w 2024 r. KSR 2 \u201ePodatek odroczony\u201d (uchwa\u0142a aktualizuj\u0105ca ten KST zosta\u0142a opublikowana 23.8.2024 r.; Dz.Urz. Ministra Finans\u00f3w poz. 81). Aktualizacja by\u0142a konieczna ze wzgl\u0119du na zmiany w przepisach podatkowych, a nowe tre\u015bci Standardu odnosz\u0105 si\u0119 m.in. do tematyki CIT esto\u0144skiego. W aktualizacji r\u00f3wnie\u017c dokonano uproszczenia niekt\u00f3rych definicji, przez co sta\u0142y si\u0119 one bardziej zrozumia\u0142e,<\/li>\n<li>krajowego standardu rachunkowo\u015bci Nr 14 \u201eKontynuacja dzia\u0142alno\u015bci oraz rachunkowo\u015b\u0107 jednostek przy braku kontynuowania dzia\u0142alno\u015bci\u201d oraz Stanowisko Komitetu Standard\u00f3w Rachunkowo\u015bci z 2023 r. w sprawie wykazywania dzia\u0142alno\u015bci przewidzianej do zaprzestania lub zaprzestanej oraz ujawniania informacji na ten temat; z odwo\u0142aniem do tych regulacji powsta\u0142y\u00a0<strong>obszerne artyku\u0142y dotycz\u0105ce sporz\u0105dzania sprawozda\u0144 finansowych jednostek w upad\u0142o\u015bci lub likwidacji,<\/strong>\u00a0<strong>jak r\u00f3wnie\u017c jednostek b\u0119d\u0105cych w restrukturyzacji<\/strong>,<\/li>\n<li>zmian wprowadzonych przez rozporz\u0105dzenie Ministra Finans\u00f3w z 16.8.2024 r., w sprawie dodatkowych danych, o kt\u00f3re nale\u017cy uzupe\u0142ni\u0107 prowadzone ksi\u0119gi podlegaj\u0105ce przekazaniu na podstawie ustawy o podatku dochodowym od os\u00f3b prawnych (Dz.U. z 2024 r. poz. 1314). Obowi\u0105zek sporz\u0105dzenia tego pliku za 2025 r. do 31.3.2026 r., dotyczy du\u017cych jednostek &#8211;<strong>\u00a0jednak ju\u017c w 2026 r. plik ten musz\u0105 zacz\u0105\u0107 przygotowa\u0107 ju\u017c \u015bredniej wielko\u015bci jednostki<\/strong>,<\/li>\n<li>najnowszych wyrok\u00f3w s\u0105dowych i interpretacji podatkowych.<\/li>\n<\/ul>\n<p><strong>Publikacja zawiera m.in.:<\/strong><\/p>\n<ul>\n<li><strong>Harmonogram prac zwi\u0105zanych z zamkni\u0119ciem 2025 r.<\/strong><\/li>\n<li><strong>Listy procedur<\/strong>,\u00a0<strong>listy kontrolne\u00a0<\/strong>oraz\u00a0<strong>schematy post\u0119powania<\/strong>\u00a0podczas zamykania roku i tworzenia sprawozdania finansowego.<\/li>\n<li><strong>Ponad 150 schemat\u00f3w ksi\u0119gowych<\/strong>\u00a0dotycz\u0105cych m.in. \u015brodk\u00f3w trwa\u0142ych, podatku odroczonego, tworzenia rezerw, prac badawczo-rozwojowych, walut wirtualnych, instrument\u00f3w finansowych, faktoringu, leasingu.<\/li>\n<li>Kompleksowe\u00a0<strong>om\u00f3wienie element\u00f3w sprawozdania finansowego wraz z licznymi przyk\u0142adami (w tym w zakresie Uproszcze\u0144)\u00a0<\/strong>oraz nawi\u0105zaniem do ryzyk dotycz\u0105cych sytuacji kryzysowych.<\/li>\n<li><strong>49 zagadnie\u0144 bilansowych<\/strong>, kt\u00f3re kompleksowo omawiaj\u0105 tematyk\u0119 sporz\u0105dzania sprawozda\u0144 finansowych, ich publikacji, sk\u0142adania do KRS, ich badania, odpowiedzialno\u015bci. Kompleksowo (uj\u0119cie bilansowe i podatkowe) om\u00f3wiono te\u017c ka\u017cdy z element\u00f3w bilansu, czyli \u015brodki trwa\u0142e, WNiP, zapasy, nale\u017cno\u015bci, zobowi\u0105zania, rezerwy, inwestycje itd.<\/li>\n<li><strong>32 wybranych zagadnie\u0144 podatkowych<\/strong>, kt\u00f3re kompleksowo omawiaj\u0105 kwestie koszt\u00f3w i przychod\u00f3w podatkowych uwzgl\u0119dniaj\u0105c aspekt zamkni\u0119cia roku oraz przypadki r\u00f3\u017cnic w podej\u015bciu ksi\u0119gowym i podatkowym. Om\u00f3wiono najcz\u0119\u015bciej wyst\u0119puj\u0105ce w jednostce zdarzenia jak np.: u\u017cytkowanie i leasing samochod\u00f3w, darowizny, ulgi, odsetki, bonifikaty i upusty, r\u00f3\u017cnice kursowe, rozliczanie strat, aporty, \u015bwiadczenia nieodp\u0142atne i cz\u0119\u015bciowo odp\u0142atne, koszty finansowania d\u0142u\u017cnego.<\/li>\n<li>Przej\u015bcie z wyniku bilansowego na podatkowy oraz ustalenie podatku odroczonego (z uwzgl\u0119dnieniem zmian podatkowych, np. w zakresie esto\u0144skiego CIT).<\/li>\n<li><strong>Rozliczenie przychod\u00f3w i koszt\u00f3w na prze\u0142omie roku w uj\u0119ciu bilansowym i podatkowym<\/strong>.<\/li>\n<li>Pozosta\u0142e wybrane\u00a0<strong>aktywa i zobowi\u0105zania z uwzgl\u0119dnieniem skutk\u00f3w podatkowych<\/strong>, kt\u00f3re nie s\u0105 bezpo\u015brednio zwi\u0105zane z konkretn\u0105 pozycj\u0105 sprawozdania (np. inwentaryzacja, zagadnienie leasingu, kontrakty d\u0142ugoterminowe itd.).<\/li>\n<li><strong>Nowe interpretacje podatkowe<\/strong>\u00a0w zakresie zagadnie\u0144, kt\u00f3re uleg\u0142y zmianie w ostatnich latach dotycz\u0105ce m.in. \u015brodk\u00f3w trwa\u0142ych, podzia\u0142u przychod\u00f3w i koszt\u00f3w podatkowych na zwi\u0105zane z dzia\u0142alno\u015bci\u0105 podatkow\u0105 oraz wynikaj\u0105ce z zysk\u00f3w kapita\u0142owych, r\u00f3\u017cnic kursowych.<\/li>\n<\/ul>\n<p><strong>Dzi\u0119ki ksi\u0105\u017cce dowiedz\u0105 si\u0119 Pa\u0144stwo m.in.:<\/strong><\/p>\n<ul>\n<li>jakie s\u0105 planowane zmiany w schemach do elektronicznych sprawozda\u0144 finansowych;<\/li>\n<li>jakich zmian w polityce rachunkowo\u015bci nale\u017cy dokona\u0107 w zwi\u0105zku z obowi\u0105zkiem stosowania znacznik\u00f3w kont wprowadzonym przez JPK_KR_PD;<\/li>\n<li>jak przygotowa\u0107 si\u0119 do sporz\u0105dzenia po raz pierwszy JPK_KR_PD, zachowa\u0107 jego sp\u00f3jno\u015b\u0107 z deklaracj\u0105 CIT-8 i ze sprawozdaniem finansowym za 2025 r.;<\/li>\n<li>jakie s\u0105 mo\u017cliwe do stosowania uproszczenia w zakresie wzoru sprawozdania i zasad wyceny;<\/li>\n<li>jakie s\u0105 szczeg\u00f3\u0142owe wymogi sprawozdawcze jednostek w reorganizacji (na moment podzia\u0142u, po\u0142\u0105cze\u0144 lub przekszta\u0142cenia formy prawnej);<\/li>\n<li>jak otworzy\u0107 ksi\u0119gi rachunkowe, je\u017celi sp\u00f3\u0142ka przy przekszta\u0142ceniu korzysta ze zwolnie\u0144 z KSH i nie musieli sporz\u0105dza\u0107 dokumentacji w tym zakresie dla cel\u00f3w przekszta\u0142cenia;<\/li>\n<li>jak przygotowa\u0107 sprawozdanie finansowe w upad\u0142o\u015bci lub likwidacji;<\/li>\n<li>jaka jest specyfika sprawozdania finansowego fundacji rodzinnej;<\/li>\n<li>jakie s\u0105 obowi\u0105zki roczne podatnik\u00f3w opodatkowanych esto\u0144skim CIT;<\/li>\n<li>jak przygotowa\u0107 si\u0119 do kontroli w zakresie cen transferowych, w tym jak weryfikowa\u0107 zgodno\u015b\u0107 polityki grupowej z lokaln\u0105 dokumentacj\u0105 TP, analiz\u0105 por\u00f3wnawcz\u0105 oraz obowi\u0105zkami w zakresie formularza TPR;<\/li>\n<li>jak, w obszarze podatku u \u017ar\u00f3d\u0142a (WHT), prawid\u0142owo stosowa\u0107 zwolnienia i preferencyjne stawki oraz ograniczy\u0107 ryzyko doszacowa\u0144 i sankcji podczas kontroli podatkowej;<\/li>\n<li>jakie zmiany w zakresie leasingu samochod\u00f3w zaczn\u0105 obowi\u0105zywa\u0107 od 1.1.2026 r.;<\/li>\n<li>jak przedstawia\u0107 dane por\u00f3wnawcze, gdy okresy sprawozdawcze s\u0105 r\u00f3\u017cnej d\u0142ugo\u015bci i w jakich sytuacjach nast\u0105pi zak\u0142\u00f3cenie w por\u00f3wnywalno\u015bci danych;<\/li>\n<li>jak oceni\u0107, czy b\u0142\u0105d w ksi\u0119gach rachunkowych ma istotny wp\u0142yw na jako\u015b\u0107 sprawozdania finansowego i jak nale\u017cy dokona\u0107 korekty ksi\u0105g rachunkowych oraz sprawozdania za poprzedni rok;<\/li>\n<li>jak dokonywa\u0107 odpisu aktualizuj\u0105cego warto\u015b\u0107 nale\u017cno\u015bci w walucie obcej (np. na skutek uznania jej za w\u0105tpliw\u0105 lub nie\u015bci\u0105galn\u0105);<\/li>\n<li>jak rozumie\u0107 ustawowy termin na zapewnienie sporz\u0105dzenia sprawozdania finansowego;<\/li>\n<li>na czym polega i od czego zale\u017cy podzia\u0142 zysku lub pokrycie straty;<\/li>\n<li>od czego przepisy podatkowe uzale\u017cniaj\u0105 moment poniesienia wydatku za koszt uzyskania przychod\u00f3w;<\/li>\n<li>jak uprawdopodobni\u0107 nie\u015bci\u0105galno\u015bci wierzytelno\u015bci i zaliczy\u0107 j\u0105 do KUP;<\/li>\n<li>jakie skutki w sp\u00f3\u0142kach kapita\u0142owych wywo\u0142uj\u0105 operacje kapita\u0142owe takie jak wnoszenie wk\u0142ad\u00f3w oraz umorzenia udzia\u0142\u00f3w i akcji;<\/li>\n<li>jak stosowa\u0107 ulg\u0119 na z\u0142e d\u0142ugi.<\/li>\n<\/ul>\n","protected":false},"excerpt":{"rendered":"<p>Redakcja:\u00a0prof. dr hab. Artur Ho\u0142da Wydawnictwo C.H. Beck Seria: Prawo [&hellip;]<\/p>\n","protected":false},"featured_media":21554,"template":"","meta":[],"product_brand":[],"product_cat":[7530,22,23],"product_tag":[355,1496,5800],"class_list":{"0":"post-21553","1":"product","2":"type-product","3":"status-publish","4":"has-post-thumbnail","6":"product_cat-nowosci","7":"product_cat-podatki-i-prawo-podatkowe","8":"product_cat-rachunkowosc","9":"product_tag-podatki","10":"product_tag-rachunkowosc","11":"product_tag-seria-prawo-w-praktyce","13":"first","14":"instock","15":"sale","16":"shipping-taxable","17":"purchasable","18":"product-type-simple"},"_links":{"self":[{"href":"https:\/\/ksiegarnia-akademicka.pl\/index.php\/wp-json\/wp\/v2\/product\/21553","targetHints":{"allow":["GET"]}}],"collection":[{"href":"https:\/\/ksiegarnia-akademicka.pl\/index.php\/wp-json\/wp\/v2\/product"}],"about":[{"href":"https:\/\/ksiegarnia-akademicka.pl\/index.php\/wp-json\/wp\/v2\/types\/product"}],"wp:featuredmedia":[{"embeddable":true,"href":"https:\/\/ksiegarnia-akademicka.pl\/index.php\/wp-json\/wp\/v2\/media\/21554"}],"wp:attachment":[{"href":"https:\/\/ksiegarnia-akademicka.pl\/index.php\/wp-json\/wp\/v2\/media?parent=21553"}],"wp:term":[{"taxonomy":"product_brand","embeddable":true,"href":"https:\/\/ksiegarnia-akademicka.pl\/index.php\/wp-json\/wp\/v2\/product_brand?post=21553"},{"taxonomy":"product_cat","embeddable":true,"href":"https:\/\/ksiegarnia-akademicka.pl\/index.php\/wp-json\/wp\/v2\/product_cat?post=21553"},{"taxonomy":"product_tag","embeddable":true,"href":"https:\/\/ksiegarnia-akademicka.pl\/index.php\/wp-json\/wp\/v2\/product_tag?post=21553"}],"curies":[{"name":"wp","href":"https:\/\/api.w.org\/{rel}","templated":true}]}}