{"id":21532,"date":"2025-12-01T09:14:48","date_gmt":"2025-12-01T08:14:48","guid":{"rendered":"http:\/\/ksiegarnia-akademicka.pl\/?post_type=product&#038;p=21532"},"modified":"2025-12-01T09:14:49","modified_gmt":"2025-12-01T08:14:49","slug":"nagle-stany-zagrozenia-zycia-lub-zdrowia-w-praktyce-ratownika-medycznego-tom-2","status":"publish","type":"product","link":"https:\/\/ksiegarnia-akademicka.pl\/index.php\/product\/nagle-stany-zagrozenia-zycia-lub-zdrowia-w-praktyce-ratownika-medycznego-tom-2\/","title":{"rendered":"Nag\u0142e stany zagro\u017cenia \u017cycia lub zdrowia w praktyce ratownika medycznego. Tom 2"},"content":{"rendered":"<div class=\"grupa osoby\"><span class=\"meta-head\">Autor: <\/span>Roland Podlewski<\/div>\n<div class=\"grupa wydawca\"><span class=\"meta-head\">Wydawca:<\/span>\u00a0PZWL<\/div>\n<div class=\"grupa dane\">\n<div>Oprawa:\u00a0<span class=\"meta-value-bold\">Mi\u0119kka<\/span><\/div>\n<div>Format:\u00a0<span class=\"meta-value-bold\">15.0&#215;23.5cm<\/span><\/div>\n<div>Liczba stron:\u00a0<span class=\"meta-value-bold\">580<\/span><\/div>\n<div>Wydanie:\u00a0<span class=\"meta-value-bold\">1<\/span><\/div>\n<div>Rok wydania:\u00a0<span class=\"meta-value-bold\">2025<\/span><\/div>\n<div>J\u0119zyk wydania:\u00a0<span class=\"meta-value-bold\">polski<\/span><\/div>\n<\/div>\n<div><\/div>\n<div>Drugi tom bestsellerowej publikacji dla ratownik\u00f3w medycznych \u201eNag\u0142e stany zagro\u017cenia \u017cycia lub zdrowia\u201d jest r\u00f3wnie ekscytuj\u0105cy jak pierwszy: wspaniali specjali\u015bci i starannie dobrane tematy. Tym razem autorzy kierowali si\u0119 my\u015bl\u0105 \u201eUczmy si\u0119 od siebie nawzajem!\u201d. Interprofesjonalne podej\u015bcie zespo\u0142u autorskiego pozwala na wsp\u00f3\u0142czesne podej\u015bcie do post\u0119powania przedszpitalnego \u2013 bez hierarchii, w pe\u0142nym zrozumieniu i szacunku do ka\u017cdego cz\u0142onka zespo\u0142u. Wymiana do\u015bwiadcze\u0144, komunikacja, zdobyta wiedza, uj\u0119cie praktyczne przek\u0142adaj\u0105 si\u0119 na efektywno\u015b\u0107 dzia\u0142a\u0144 ratuj\u0105cych \u017cycie i zdrowie pacjenta. Autorzy w ponad 70 rozdzia\u0142ach omawiaj\u0105 codzienn\u0105 dy\u017curow\u0105 rzeczywisto\u015b\u0107 i r\u00f3\u017cne powody wezwania ZRM: omdlenia, duszno\u015bci, b\u00f3le g\u0142owy, brzucha, klatki piersiowej, zawroty g\u0142owy, problemy kardiologiczne czy z oddychaniem (astma oskrzelowa, POChP, zapalenie p\u0142uc), przyczyny z\u0142ego samopoczucia spowodowane przez ostre zapalenie trzustki, kamic\u0119 \u017c\u00f3\u0142ciow\u0105, niedro\u017cno\u015b\u0107 jelit, zapalenie wyrostka robaczkowego, krwawienie z przewodu pokarmowego, kolk\u0119 nerkow\u0105. To r\u00f3wnie\u017c zagro\u017cenia \u015brodowiskowe: oparzenia, odmro\u017cenia, pora\u017cenie pr\u0105dem, wypadek nurkowy, zatrucie tlenkiem w\u0119gla a\u017c po codzienne urazy, krwotoki udar m\u00f3zgu czy nag\u0142e zatrzymanie kr\u0105\u017cenia. Poruszono r\u00f3wnie\u017c tak wa\u017cne tematy jak: wsp\u00f3\u0142praca z SOR-em, pacjent umieraj\u0105cy, przemoc seksualna, stwierdzanie zgonu czy obecnie obowi\u0105zkowe ju\u017c elementy pola walki na podstawie wsp\u00f3\u0142czesnej sytuacji mi\u0119dzynarodowej. To skr\u00f3towy, ale istotny przekaz wiedzy przygotowany przez zgrany, do\u015bwiadczony zesp\u00f3\u0142 praktyk\u00f3w. Autorzy do\u0142o\u017cyli stara\u0144, by teksty by\u0142y zwi\u0119z\u0142e i ciekawe, a PZWL zadba\u0142 o wyj\u0105tkow\u0105 szat\u0119 graficzn\u0105 ksi\u0105\u017cki. Publikacja jest skierowana do ratownik\u00f3w medycznych, lekarzy i piel\u0119gniarek ZRM, student\u00f3w ratownictwa medycznego i zainteresowanych tematem specjalist\u00f3w.<\/div>\n","protected":false},"excerpt":{"rendered":"<p>Autor: Roland Podlewski Wydawca:\u00a0PZWL Oprawa:\u00a0Mi\u0119kka Format:\u00a015.0&#215;23.5cm Liczba stron:\u00a0580 Wydanie:\u00a01 Rok [&hellip;]<\/p>\n","protected":false},"featured_media":21533,"template":"","meta":[],"product_brand":[],"product_cat":[7493,8116,7530],"product_tag":[5254,6863],"class_list":{"0":"post-21532","1":"product","2":"type-product","3":"status-publish","4":"has-post-thumbnail","6":"product_cat-medycyna","7":"product_cat-medycyna-ratunkowa","8":"product_cat-nowosci","9":"product_tag-medycyna-ratunkowa","10":"product_tag-stany-nagle","12":"first","13":"instock","14":"sale","15":"shipping-taxable","16":"purchasable","17":"product-type-simple"},"_links":{"self":[{"href":"https:\/\/ksiegarnia-akademicka.pl\/index.php\/wp-json\/wp\/v2\/product\/21532","targetHints":{"allow":["GET"]}}],"collection":[{"href":"https:\/\/ksiegarnia-akademicka.pl\/index.php\/wp-json\/wp\/v2\/product"}],"about":[{"href":"https:\/\/ksiegarnia-akademicka.pl\/index.php\/wp-json\/wp\/v2\/types\/product"}],"wp:featuredmedia":[{"embeddable":true,"href":"https:\/\/ksiegarnia-akademicka.pl\/index.php\/wp-json\/wp\/v2\/media\/21533"}],"wp:attachment":[{"href":"https:\/\/ksiegarnia-akademicka.pl\/index.php\/wp-json\/wp\/v2\/media?parent=21532"}],"wp:term":[{"taxonomy":"product_brand","embeddable":true,"href":"https:\/\/ksiegarnia-akademicka.pl\/index.php\/wp-json\/wp\/v2\/product_brand?post=21532"},{"taxonomy":"product_cat","embeddable":true,"href":"https:\/\/ksiegarnia-akademicka.pl\/index.php\/wp-json\/wp\/v2\/product_cat?post=21532"},{"taxonomy":"product_tag","embeddable":true,"href":"https:\/\/ksiegarnia-akademicka.pl\/index.php\/wp-json\/wp\/v2\/product_tag?post=21532"}],"curies":[{"name":"wp","href":"https:\/\/api.w.org\/{rel}","templated":true}]}}