{"id":21524,"date":"2025-12-01T09:05:20","date_gmt":"2025-12-01T08:05:20","guid":{"rendered":"http:\/\/ksiegarnia-akademicka.pl\/?post_type=product&#038;p=21524"},"modified":"2025-12-01T09:05:20","modified_gmt":"2025-12-01T08:05:20","slug":"polityka-rachunkowosci-2026-w-instytucjach-kultury","status":"publish","type":"product","link":"https:\/\/ksiegarnia-akademicka.pl\/index.php\/product\/polityka-rachunkowosci-2026-w-instytucjach-kultury\/","title":{"rendered":"Polityka rachunkowo\u015bci 2026 w instytucjach kultury"},"content":{"rendered":"<div class=\"grupa osoby\"><span class=\"meta-head-blue\">Autor: <\/span>Praca zbiorowa<\/div>\n<div class=\"grupa wydawca\"><span class=\"meta-head\">Wydawca:<\/span>\u00a0Wiedza i Praktyka<\/div>\n<div class=\"grupa dane\">\n<div>Oprawa:\u00a0<span class=\"meta-value-bold\">Mi\u0119kka<\/span><\/div>\n<div>Liczba stron:\u00a0<span class=\"meta-value-bold\">200<\/span><\/div>\n<div>Rok wydania:\u00a0<span class=\"meta-value-bold\">2025<\/span><\/div>\n<div>J\u0119zyk wydania:\u00a0<span class=\"meta-value-bold\">polski<\/span><\/div>\n<\/div>\n<div><\/div>\n<div>Polityka rachunkowo\u015bci 2026 w instytucjach kultury to publikacja omawia zasady tworzenia i wdra\u017cania polityki rachunkowo\u015bci w instytucjach kultury w 2026 r. Zawiera gotowe wzory dokument\u00f3w, wskaz\u00f3wki praktyczne i interpretacje przepis\u00f3w, pomagaj\u0105c w uporz\u0105dkowaniu prowadzenia ksi\u0105g i zapewnieniu zgodno\u015bci z wymogami prawnymi.<br \/>\nTa ksi\u0105\u017cka:<br \/>\n&#8211; U\u0142atwia opracowanie polityki rachunkowo\u015bci,<br \/>\n&#8211; Usprawnia kontrol\u0119 finansow\u0105<br \/>\n&#8211; Zapewnia zgodno\u015b\u0107 dzia\u0142a\u0144 z aktualnymi regulacjami.<\/div>\n","protected":false},"excerpt":{"rendered":"<p>Autor: Praca zbiorowa Wydawca:\u00a0Wiedza i Praktyka Oprawa:\u00a0Mi\u0119kka Liczba stron:\u00a0200 Rok [&hellip;]<\/p>\n","protected":false},"featured_media":21525,"template":"","meta":[],"product_brand":[],"product_cat":[7530,23],"product_tag":[8678,1496],"class_list":{"0":"post-21524","1":"product","2":"type-product","3":"status-publish","4":"has-post-thumbnail","6":"product_cat-nowosci","7":"product_cat-rachunkowosc","8":"product_tag-polityka-rachunkowosci-2026","9":"product_tag-rachunkowosc","11":"first","12":"instock","13":"sale","14":"shipping-taxable","15":"purchasable","16":"product-type-simple"},"_links":{"self":[{"href":"https:\/\/ksiegarnia-akademicka.pl\/index.php\/wp-json\/wp\/v2\/product\/21524","targetHints":{"allow":["GET"]}}],"collection":[{"href":"https:\/\/ksiegarnia-akademicka.pl\/index.php\/wp-json\/wp\/v2\/product"}],"about":[{"href":"https:\/\/ksiegarnia-akademicka.pl\/index.php\/wp-json\/wp\/v2\/types\/product"}],"wp:featuredmedia":[{"embeddable":true,"href":"https:\/\/ksiegarnia-akademicka.pl\/index.php\/wp-json\/wp\/v2\/media\/21525"}],"wp:attachment":[{"href":"https:\/\/ksiegarnia-akademicka.pl\/index.php\/wp-json\/wp\/v2\/media?parent=21524"}],"wp:term":[{"taxonomy":"product_brand","embeddable":true,"href":"https:\/\/ksiegarnia-akademicka.pl\/index.php\/wp-json\/wp\/v2\/product_brand?post=21524"},{"taxonomy":"product_cat","embeddable":true,"href":"https:\/\/ksiegarnia-akademicka.pl\/index.php\/wp-json\/wp\/v2\/product_cat?post=21524"},{"taxonomy":"product_tag","embeddable":true,"href":"https:\/\/ksiegarnia-akademicka.pl\/index.php\/wp-json\/wp\/v2\/product_tag?post=21524"}],"curies":[{"name":"wp","href":"https:\/\/api.w.org\/{rel}","templated":true}]}}