{"id":21513,"date":"2025-11-25T09:08:37","date_gmt":"2025-11-25T08:08:37","guid":{"rendered":"http:\/\/ksiegarnia-akademicka.pl\/?post_type=product&#038;p=21513"},"modified":"2025-11-25T09:08:37","modified_gmt":"2025-11-25T08:08:37","slug":"zamkniecie-2025-roku-w-ksiegach-rachunkowych-instytucji-kultury","status":"publish","type":"product","link":"https:\/\/ksiegarnia-akademicka.pl\/index.php\/product\/zamkniecie-2025-roku-w-ksiegach-rachunkowych-instytucji-kultury\/","title":{"rendered":"Zamkni\u0119cie 2025 roku w ksi\u0119gach rachunkowych instytucji kultury"},"content":{"rendered":"<div class=\"grupa osoby\"><span class=\"meta-head-blue\">Autor: <\/span>Praca zbiorowa<\/div>\n<div class=\"grupa wydawca\"><span class=\"meta-head\">Wydawca:<\/span>\u00a0Wiedza i Praktyka<\/div>\n<div class=\"grupa dane\">\n<div>Oprawa:\u00a0<span class=\"meta-value-bold\">Mi\u0119kka<\/span><\/div>\n<div>Liczba stron:\u00a0<span class=\"meta-value-bold\">300<\/span><\/div>\n<div>Rok wydania:\u00a0<span class=\"meta-value-bold\">2025<\/span><\/div>\n<div>J\u0119zyk wydania:\u00a0<span class=\"meta-value-bold\">polski<\/span><\/div>\n<\/div>\n<div><\/div>\n<div>Ksi\u0105\u017cka &#8222;Zamkni\u0119cie 2025 roku w ksi\u0119gach rachunkowych instytucji kultury&#8221; przedstawia krok po kroku proces zamkni\u0119cia roku w instytucjach kultury. Zawiera om\u00f3wienie obowi\u0105zk\u00f3w ksi\u0119gowych, procedur sprawozdawczych oraz praktyczne przyk\u0142ady ksi\u0119gowa\u0144, u\u0142atwiaj\u0105c prawid\u0142owe i zgodne z przepisami zako\u0144czenie roku finansowego. Ta publikacja to praktyczny przewodnik po zamkni\u0119ciu roku w ksi\u0119gach instytucji kultury. Ta ksi\u0105\u017cka:<br \/>\n&#8211; U\u0142atwia przygotowanie sprawozda\u0144 rocznych,<br \/>\n&#8211; Minimalizuje ryzyko b\u0142\u0119d\u00f3w ksi\u0119gowych<br \/>\n&#8211; Pozwala sprawnie zamkn\u0105\u0107 ksi\u0119gi zgodnie z aktualnymi przepisami.<\/div>\n","protected":false},"excerpt":{"rendered":"<p>Autor: Praca zbiorowa Wydawca:\u00a0Wiedza i Praktyka Oprawa:\u00a0Mi\u0119kka Liczba stron:\u00a0300 Rok [&hellip;]<\/p>\n","protected":false},"featured_media":21514,"template":"","meta":[],"product_brand":[],"product_cat":[7530,23],"product_tag":[1496,5275],"class_list":{"0":"post-21513","1":"product","2":"type-product","3":"status-publish","4":"has-post-thumbnail","6":"product_cat-nowosci","7":"product_cat-rachunkowosc","8":"product_tag-rachunkowosc","9":"product_tag-zamkniecie-roku","11":"first","12":"instock","13":"sale","14":"shipping-taxable","15":"purchasable","16":"product-type-simple"},"_links":{"self":[{"href":"https:\/\/ksiegarnia-akademicka.pl\/index.php\/wp-json\/wp\/v2\/product\/21513","targetHints":{"allow":["GET"]}}],"collection":[{"href":"https:\/\/ksiegarnia-akademicka.pl\/index.php\/wp-json\/wp\/v2\/product"}],"about":[{"href":"https:\/\/ksiegarnia-akademicka.pl\/index.php\/wp-json\/wp\/v2\/types\/product"}],"wp:featuredmedia":[{"embeddable":true,"href":"https:\/\/ksiegarnia-akademicka.pl\/index.php\/wp-json\/wp\/v2\/media\/21514"}],"wp:attachment":[{"href":"https:\/\/ksiegarnia-akademicka.pl\/index.php\/wp-json\/wp\/v2\/media?parent=21513"}],"wp:term":[{"taxonomy":"product_brand","embeddable":true,"href":"https:\/\/ksiegarnia-akademicka.pl\/index.php\/wp-json\/wp\/v2\/product_brand?post=21513"},{"taxonomy":"product_cat","embeddable":true,"href":"https:\/\/ksiegarnia-akademicka.pl\/index.php\/wp-json\/wp\/v2\/product_cat?post=21513"},{"taxonomy":"product_tag","embeddable":true,"href":"https:\/\/ksiegarnia-akademicka.pl\/index.php\/wp-json\/wp\/v2\/product_tag?post=21513"}],"curies":[{"name":"wp","href":"https:\/\/api.w.org\/{rel}","templated":true}]}}