{"id":21507,"date":"2025-11-25T09:01:25","date_gmt":"2025-11-25T08:01:25","guid":{"rendered":"http:\/\/ksiegarnia-akademicka.pl\/?post_type=product&#038;p=21507"},"modified":"2025-11-25T09:01:26","modified_gmt":"2025-11-25T08:01:26","slug":"polityka-rachunkowosci-2026-w-samorzadowych-jednostkach-budzetowych-plan-kont-i-przyklady-ksiegowan-wzory-dokumentow","status":"publish","type":"product","link":"https:\/\/ksiegarnia-akademicka.pl\/index.php\/product\/polityka-rachunkowosci-2026-w-samorzadowych-jednostkach-budzetowych-plan-kont-i-przyklady-ksiegowan-wzory-dokumentow\/","title":{"rendered":"Polityka rachunkowo\u015bci 2026 w samorz\u0105dowych jednostkach bud\u017cetowych Plan kont i przyk\u0142ady ksi\u0119gowa\u0144, wzory dokument\u00f3w"},"content":{"rendered":"<div class=\"grupa osoby\"><span class=\"meta-head-blue\">Autor: <\/span>Praca zbiorowa<\/div>\n<div class=\"grupa wydawca\"><span class=\"meta-head\">Wydawca:<\/span>\u00a0Wiedza i Praktyka<\/div>\n<div class=\"grupa dane\">\n<div>Oprawa:\u00a0<span class=\"meta-value-bold\">Mi\u0119kka<\/span><\/div>\n<div>Liczba stron:\u00a0<span class=\"meta-value-bold\">288<\/span><\/div>\n<div>Rok wydania:\u00a0<span class=\"meta-value-bold\">2025<\/span><\/div>\n<div>J\u0119zyk wydania:\u00a0<span class=\"meta-value-bold\">polski<\/span><\/div>\n<\/div>\n<div><\/div>\n<div>\u201ePolityka rachunkowo\u015bci 2026 w samorz\u0105dowych jednostkach bud\u017cetowych\u201d pomo\u017ce kierownikom jednostek w przygotowaniu dokumentacji opisuj\u0105cej przyj\u0119te w jednostce zasady rachunkowo\u015bci, jak r\u00f3wnie\u017c pracownikom dzia\u0142\u00f3w finansowo-ksi\u0119gowych w poprawnym prowadzeniu ewidencji ksi\u0119gowej. Opracowanie zawiera komentarz do planu kont z przyk\u0142adowymi ksi\u0119gowaniami na kontach bilansowych i pozabilansowych, a tak\u017ce wzory zarz\u0105dze\u0144 i protoko\u0142\u00f3w dotycz\u0105cych zasad rachunkowo\u015bci oraz dokument\u00f3w niezb\u0119dnych podczas inwentaryzacji sk\u0142adnik\u00f3w maj\u0105tku jednostki.<\/div>\n","protected":false},"excerpt":{"rendered":"<p>Autor: Praca zbiorowa Wydawca:\u00a0Wiedza i Praktyka Oprawa:\u00a0Mi\u0119kka Liczba stron:\u00a0288 Rok [&hellip;]<\/p>\n","protected":false},"featured_media":21508,"template":"","meta":[],"product_brand":[],"product_cat":[7530,23],"product_tag":[5200,1496],"class_list":{"0":"post-21507","1":"product","2":"type-product","3":"status-publish","4":"has-post-thumbnail","6":"product_cat-nowosci","7":"product_cat-rachunkowosc","8":"product_tag-polityka-rachunkowosci","9":"product_tag-rachunkowosc","11":"first","12":"instock","13":"sale","14":"shipping-taxable","15":"purchasable","16":"product-type-simple"},"_links":{"self":[{"href":"https:\/\/ksiegarnia-akademicka.pl\/index.php\/wp-json\/wp\/v2\/product\/21507","targetHints":{"allow":["GET"]}}],"collection":[{"href":"https:\/\/ksiegarnia-akademicka.pl\/index.php\/wp-json\/wp\/v2\/product"}],"about":[{"href":"https:\/\/ksiegarnia-akademicka.pl\/index.php\/wp-json\/wp\/v2\/types\/product"}],"wp:featuredmedia":[{"embeddable":true,"href":"https:\/\/ksiegarnia-akademicka.pl\/index.php\/wp-json\/wp\/v2\/media\/21508"}],"wp:attachment":[{"href":"https:\/\/ksiegarnia-akademicka.pl\/index.php\/wp-json\/wp\/v2\/media?parent=21507"}],"wp:term":[{"taxonomy":"product_brand","embeddable":true,"href":"https:\/\/ksiegarnia-akademicka.pl\/index.php\/wp-json\/wp\/v2\/product_brand?post=21507"},{"taxonomy":"product_cat","embeddable":true,"href":"https:\/\/ksiegarnia-akademicka.pl\/index.php\/wp-json\/wp\/v2\/product_cat?post=21507"},{"taxonomy":"product_tag","embeddable":true,"href":"https:\/\/ksiegarnia-akademicka.pl\/index.php\/wp-json\/wp\/v2\/product_tag?post=21507"}],"curies":[{"name":"wp","href":"https:\/\/api.w.org\/{rel}","templated":true}]}}