{"id":21496,"date":"2025-11-21T11:31:41","date_gmt":"2025-11-21T10:31:41","guid":{"rendered":"http:\/\/ksiegarnia-akademicka.pl\/?post_type=product&#038;p=21496"},"modified":"2025-11-21T11:31:42","modified_gmt":"2025-11-21T10:31:42","slug":"kodeks-karny-komentarz-5","status":"publish","type":"product","link":"https:\/\/ksiegarnia-akademicka.pl\/index.php\/product\/kodeks-karny-komentarz-5\/","title":{"rendered":"Kodeks karny. Komentarz"},"content":{"rendered":"<p><strong>Redakcja:<\/strong>\u00a0dr hab. Alicja Grze\u015bkowiak, em. prof. KUL,\u00a0dr hab. Krzysztof Wiak, prof. KUL<\/p>\n<p><strong>Autor:<\/strong>\u00a0dr hab. Filip Ciep\u0142y, prof. KUL,\u00a0dr hab. Ma\u0142gorzata Ga\u0142\u0105zka,\u00a0dr Zuzanna G\u0105dzik,\u00a0dr Rados\u0142aw G. Ha\u0142as,\u00a0dr S\u0142awomir Hyp\u015b,\u00a0dr Damian Szeleszczuk<\/p>\n<p>Seria: Du\u017ce Komentarze Becka<\/p>\n<p>Rok wydania: 2025<\/p>\n<p>Wydanie: 9<\/p>\n<p>Oprawa: Twarda<\/p>\n<p>Liczba stron: 2056<\/p>\n<p>Wymiary: 160&#215;240 mm<\/p>\n<p>Waga: 2240 g<\/p>\n<p>ISBN:\u00a0978-83-8411-006-5<\/p>\n<p>&nbsp;<\/p>\n<p><strong>Komentarz obejmuje wyja\u015bnienia do ca\u0142o\u015bci przepis\u00f3w zawartych zar\u00f3wno w cz\u0119\u015bci og\u00f3lnej, szczeg\u00f3lnej, jak i wojskowej, a tak\u017ce w Przepisach wprowadzaj\u0105cych Kodeks karny<\/strong>.<\/p>\n<p>Stanowi zatem\u00a0<strong>pe\u0142ne przedstawienie wszystkich kwestii zwi\u0105zanych z<\/strong>:<\/p>\n<ul>\n<li>zasadami odpowiedzialno\u015bci karnej,<\/li>\n<li>poj\u0119ciem przest\u0119pstwa,<\/li>\n<li>systemem stosowanych \u015brodk\u00f3w penalnych,<\/li>\n<li>obowi\u0105zywaniem Kodeksu karnego w przestrzeni terytorium Polski i Unii Europejskiej,<\/li>\n<li>katalogiem czyn\u00f3w zabronionych stypizowanych w cz\u0119\u015bci szczeg\u00f3lnej.<\/li>\n<\/ul>\n<p>Analiz\u0105 obj\u0119to tak\u017ce\u00a0<strong>przepisy cz\u0119\u015bci wojskowej<\/strong>, przedstawiaj\u0105c rozwa\u017cania dotycz\u0105ce zar\u00f3wno zasad odpowiedzialno\u015bci karnej \u017co\u0142nierzy, jak i przewidzianego dla nich specyficznego katalogu przest\u0119pstw.<\/p>\n<p>Wydanie 9. Komentarza\u00a0<strong>uwzgl\u0119dnia najnowszy stan prawny<\/strong>, poddaj\u0105c wnikliwej analizie wszystkie nowelizacje wprowadzone do Kodeksu karnego od momentu ukazania si\u0119 poprzedniego wydania, m.in.:<\/p>\n<ul>\n<li>ustaw\u0119 z 5.12.2024 r., kt\u00f3ra wprowadza prepisy do KK penalizuj\u0105ce uchylanie si\u0119 od s\u0142u\u017cby w obronie cywilnej;<\/li>\n<li>ustaw\u0119 z 28.6.2024 r., kt\u00f3ra zmienia definicj\u0119 przest\u0119pstwa zgwa\u0142cenia i opiera j\u0105 na braku dobrowolnej i \u015bwiadomej zgody oraz zmienia kategori\u0119 prawn\u0105 tego czynu z wyst\u0119pku na zbrodni\u0119.<\/li>\n<\/ul>\n<p>W Komentarzu przywo\u0142ano\u00a0<strong>najnowsze orzeczenia<\/strong>\u00a0S\u0105du Najwy\u017cszego, S\u0105d\u00f3w Apelacyjnych, Trybuna\u0142u oraz Europejskiego Trybuna\u0142u Praw Cz\u0142owieka, co umo\u017cliwia zapoznanie si\u0119 nie tylko z najnowszym stanem prawnym i wyk\u0142adni\u0105 prezentowan\u0105 w literaturze przedmiotu, ale tak\u017ce z aktualnym orzecznictwem.<\/p>\n<p>Komentarz ten stanowi\u00a0<strong>nieodzown\u0105 pomoc dla praktyk\u00f3w prawa karnego<\/strong>, w tym organ\u00f3w wymiaru sprawiedliwo\u015bci: s\u0119dzi\u00f3w, prokurator\u00f3w, referendarzy s\u0105dowych, obro\u0144c\u00f3w oraz stron i innych uczestnik\u00f3w post\u0119powania karnego. Jednotomowe wydanie w atrakcyjnej cenie jest tak\u017ce\u00a0<strong>doskona\u0142ym narz\u0119dziem pracy<\/strong>\u00a0i \u017ar\u00f3d\u0142em wiedzy dla aplikant\u00f3w i student\u00f3w prawa.<\/p>\n","protected":false},"excerpt":{"rendered":"<p>Redakcja:\u00a0dr hab. Alicja Grze\u015bkowiak, em. prof. KUL,\u00a0dr hab. Krzysztof Wiak, [&hellip;]<\/p>\n","protected":false},"featured_media":21497,"template":"","meta":[],"product_brand":[],"product_cat":[7490,7530,18],"product_tag":[2148,296,781],"class_list":{"0":"post-21496","1":"product","2":"type-product","3":"status-publish","4":"has-post-thumbnail","6":"product_cat-karne","7":"product_cat-nowosci","8":"product_cat-prawo","9":"product_tag-kodeks-karny","10":"product_tag-prawo-karne","11":"product_tag-seria-duze-komentarze-becka","13":"first","14":"instock","15":"sale","16":"shipping-taxable","17":"purchasable","18":"product-type-simple"},"_links":{"self":[{"href":"https:\/\/ksiegarnia-akademicka.pl\/index.php\/wp-json\/wp\/v2\/product\/21496","targetHints":{"allow":["GET"]}}],"collection":[{"href":"https:\/\/ksiegarnia-akademicka.pl\/index.php\/wp-json\/wp\/v2\/product"}],"about":[{"href":"https:\/\/ksiegarnia-akademicka.pl\/index.php\/wp-json\/wp\/v2\/types\/product"}],"wp:featuredmedia":[{"embeddable":true,"href":"https:\/\/ksiegarnia-akademicka.pl\/index.php\/wp-json\/wp\/v2\/media\/21497"}],"wp:attachment":[{"href":"https:\/\/ksiegarnia-akademicka.pl\/index.php\/wp-json\/wp\/v2\/media?parent=21496"}],"wp:term":[{"taxonomy":"product_brand","embeddable":true,"href":"https:\/\/ksiegarnia-akademicka.pl\/index.php\/wp-json\/wp\/v2\/product_brand?post=21496"},{"taxonomy":"product_cat","embeddable":true,"href":"https:\/\/ksiegarnia-akademicka.pl\/index.php\/wp-json\/wp\/v2\/product_cat?post=21496"},{"taxonomy":"product_tag","embeddable":true,"href":"https:\/\/ksiegarnia-akademicka.pl\/index.php\/wp-json\/wp\/v2\/product_tag?post=21496"}],"curies":[{"name":"wp","href":"https:\/\/api.w.org\/{rel}","templated":true}]}}