{"id":21469,"date":"2025-11-18T08:39:23","date_gmt":"2025-11-18T07:39:23","guid":{"rendered":"http:\/\/ksiegarnia-akademicka.pl\/?post_type=product&#038;p=21469"},"modified":"2025-11-18T08:39:23","modified_gmt":"2025-11-18T07:39:23","slug":"sztuka-ilustrowany-przewodnik","status":"publish","type":"product","link":"https:\/\/ksiegarnia-akademicka.pl\/index.php\/product\/sztuka-ilustrowany-przewodnik\/","title":{"rendered":"Sztuka. Ilustrowany przewodnik"},"content":{"rendered":"<div class=\"grupa osoby\"><span class=\"meta-head\">Autor: <\/span>Andrew Graham-Dixon<\/div>\n<div class=\"grupa osoby\"><span class=\"meta-head-blue\">T\u0142umacze:<\/span>\u00a0<span class=\"meta-value\">Cichowicz Anna<\/span><\/div>\n<div class=\"grupa wydawca\"><span class=\"meta-head\">Wydawca:<\/span>\u00a0Arkady<\/div>\n<div class=\"grupa dane\">\n<div>Oprawa:\u00a0<span class=\"meta-value-bold\">Twarda<\/span><\/div>\n<div>Format:\u00a0<span class=\"meta-value-bold\">25.2&#215;30.1cm<\/span><\/div>\n<div>Liczba stron:\u00a0<span class=\"meta-value-bold\">612<\/span><\/div>\n<div>Wydanie:\u00a0<span class=\"meta-value-bold\">1<\/span><\/div>\n<div>Rok wydania:\u00a0<span class=\"meta-value-bold\">2025<\/span><\/div>\n<\/div>\n<div><\/div>\n<div>Sztuka. Ilustrowany przewodnik to jedyne dost\u0119pne na polskim rynku pe\u0142ne kompendium wiedzy o sztuce. Na ponad 600 stronach zaprezentowano 2500 najs\u0142ynniejszych obraz\u00f3w i rze\u017ab, od malarstwa naskalnego po najwa\u017cniejsze dzie\u0142a wsp\u00f3\u0142czesne, a tak\u017ce sylwetki ponad 700 artyst\u00f3w ze wszystkich kr\u0119g\u00f3w kulturowych i okres\u00f3w w dziejach sztuki. Dzi\u0119ki tej publikacji czytelnik dowie si\u0119, jak patrze\u0107 na dzie\u0142o sztuki oraz odkryje jej najwa\u017cniejsze style, tematy, kierunki i szko\u0142y. Ksi\u0105\u017ck\u0119 otwiera kr\u00f3tki rozdzia\u0142 omawiaj\u0105cy pos\u0142ugiwanie si\u0119 przez artyst\u00f3w kolorem, kompozycj\u0105, \u015bwiat\u0142ocieniem, perspektyw\u0105 oraz innymi \u015brodkami s\u0142u\u017c\u0105cymi urzeczywistnieniu ich idei. Graficzne oznaczenia wskazuj\u0105 na kolejne etapy analizy, dzi\u0119ki kt\u00f3rej mo\u017cna lepiej zrozumie\u0107 dzie\u0142o. Ka\u017cdy styl czy kierunek artystyczny \u2013 od w\u0142oskiego renesansu, przez impresjonizm, po sztuk\u0119 graffiti \u2013 jest dok\u0142adnie wyja\u015bniony. Om\u00f3wione s\u0105 jego \u017ar\u00f3d\u0142a i wp\u0142ywy, cechy charakterystyczne, najpopularniejsze techniki oraz typowe tematy. Wykres chronologiczny z zaznaczonymi na nim najwa\u017cniejszymi dzie\u0142ami obrazuje zasi\u0119g ka\u017cdego z g\u0142\u00f3wnych kierunk\u00f3w. 22 wa\u017cne dzie\u0142a \u2013 od Ostatniej Wieczerzy Leonarda da Vinci do Studium do portretu papie\u017ca Innocentego X wed\u0142ug Vel\u00e1zqueza Francisa Bacona \u2013 zaprezentowane s\u0105 w powi\u0119kszeniu i zanalizowane pod wzgl\u0119dem kompozycji, tre\u015bci i techniki. Tajniki warsztatu artysty odkrywaj\u0105 wskaz\u00f3wki graficzne i zbli\u017cenia fragment\u00f3w dzie\u0142.<\/div>\n","protected":false},"excerpt":{"rendered":"<p>Autor: Andrew Graham-Dixon T\u0142umacze:\u00a0Cichowicz Anna Wydawca:\u00a0Arkady Oprawa:\u00a0Twarda Format:\u00a025.2&#215;30.1cm Liczba stron:\u00a0612 [&hellip;]<\/p>\n","protected":false},"featured_media":21470,"template":"","meta":[],"product_brand":[],"product_cat":[7824,7530],"product_tag":[5108,5033,8453,4292],"class_list":{"0":"post-21469","1":"product","2":"type-product","3":"status-publish","4":"has-post-thumbnail","6":"product_cat-malarstwo","7":"product_cat-nowosci","8":"product_tag-historia-sztuki","9":"product_tag-malarstwo","10":"product_tag-rzezba","11":"product_tag-sztuka","13":"first","14":"instock","15":"sale","16":"shipping-taxable","17":"purchasable","18":"product-type-simple"},"_links":{"self":[{"href":"https:\/\/ksiegarnia-akademicka.pl\/index.php\/wp-json\/wp\/v2\/product\/21469","targetHints":{"allow":["GET"]}}],"collection":[{"href":"https:\/\/ksiegarnia-akademicka.pl\/index.php\/wp-json\/wp\/v2\/product"}],"about":[{"href":"https:\/\/ksiegarnia-akademicka.pl\/index.php\/wp-json\/wp\/v2\/types\/product"}],"wp:featuredmedia":[{"embeddable":true,"href":"https:\/\/ksiegarnia-akademicka.pl\/index.php\/wp-json\/wp\/v2\/media\/21470"}],"wp:attachment":[{"href":"https:\/\/ksiegarnia-akademicka.pl\/index.php\/wp-json\/wp\/v2\/media?parent=21469"}],"wp:term":[{"taxonomy":"product_brand","embeddable":true,"href":"https:\/\/ksiegarnia-akademicka.pl\/index.php\/wp-json\/wp\/v2\/product_brand?post=21469"},{"taxonomy":"product_cat","embeddable":true,"href":"https:\/\/ksiegarnia-akademicka.pl\/index.php\/wp-json\/wp\/v2\/product_cat?post=21469"},{"taxonomy":"product_tag","embeddable":true,"href":"https:\/\/ksiegarnia-akademicka.pl\/index.php\/wp-json\/wp\/v2\/product_tag?post=21469"}],"curies":[{"name":"wp","href":"https:\/\/api.w.org\/{rel}","templated":true}]}}