{"id":21467,"date":"2025-11-18T08:33:09","date_gmt":"2025-11-18T07:33:09","guid":{"rendered":"http:\/\/ksiegarnia-akademicka.pl\/?post_type=product&#038;p=21467"},"modified":"2025-11-18T08:33:09","modified_gmt":"2025-11-18T07:33:09","slug":"narodziny-i-upadek-mocarstw-500-lat-burzliwej-historii-najwiekszych-poteg-swiata-2","status":"publish","type":"product","link":"https:\/\/ksiegarnia-akademicka.pl\/index.php\/product\/narodziny-i-upadek-mocarstw-500-lat-burzliwej-historii-najwiekszych-poteg-swiata-2\/","title":{"rendered":"Narodziny i upadek mocarstw 500 lat burzliwej historii najwi\u0119kszych pot\u0119g \u015bwiata"},"content":{"rendered":"<div class=\"grupa osoby\"><span class=\"meta-head\">Autor: <\/span>Paul Kennedy<\/div>\n<div class=\"grupa osoby\"><span class=\"meta-head-blue\">T\u0142umacze:<\/span>\u00a0<span class=\"meta-value\">Ku\u015bnierz Grzegorz<\/span><\/div>\n<div class=\"grupa wydawca\"><span class=\"meta-head\">Wydawca:<\/span>\u00a0MT Biznes<\/div>\n<div class=\"grupa dane\">\n<div>Oprawa:\u00a0<span class=\"meta-value-bold\">Twarda<\/span><\/div>\n<div>Format:\u00a0<span class=\"meta-value-bold\">15.8&#215;23.3cm<\/span><\/div>\n<div>Liczba stron:\u00a0<span class=\"meta-value-bold\">880<\/span><\/div>\n<div>Wydanie:\u00a0<span class=\"meta-value-bold\">1<\/span><\/div>\n<div>Rok wydania:\u00a0<span class=\"meta-value-bold\">2025<\/span><\/div>\n<div>J\u0119zyk wydania:\u00a0<span class=\"meta-value-bold\">polski<\/span><\/div>\n<\/div>\n<div><\/div>\n<div>FASCYNUJ\u0104CA ANALIZA WSP\u00d3\u0141CZESNYCH DYLEMAT\u00d3W GOSPODARCZYCH I POLITYCZNYCH Z PERSPEKTYWY HISTORII \u015aWIATA Pierwsze wydanie tej b\u0142yskotliwie napisanej i oryginalnej ksi\u0105\u017cki ukaza\u0142o si\u0119 w 1988 r. i nadal stanowi lektur\u0119 obowi\u0105zkow\u0105 dla ka\u017cdego, kto interesuje si\u0119 geopolityk\u0105 i polityk\u0105 \u015bwiatow\u0105. Mi\u0119dzynarodowy bestseller Paula Kennedy\u2019ego jest fascynuj\u0105cym opisem pi\u0119ciuset lat zmiany uk\u0142adu si\u0142 zar\u00f3wno gospodarczych, jak i militarnych w relacjach pomi\u0119dzy wielkimi mocarstwami. Autor zaczyna sw\u0105 opowie\u015b\u0107 od dominacji Europy na \u015bwiecie kosztem Chin i kraj\u00f3w muzu\u0142ma\u0144skich i doprowadza czytelnika do czas\u00f3w wsp\u00f3\u0142czesnych. Po drodze Kennedy opisuje wojny \u015bwiatowe i konflikty wewn\u0119trzne, destrukcyjne ideologie, paranoj\u0119 supermocarstw i problemy zjednoczonej Europy. Przekonuj\u0105co przedstawia wsp\u00f3\u0142zale\u017cno\u015b\u0107 pot\u0119gi gospodarczej i militarnej, pokazuj\u0105c, jak brak r\u00f3wnowagi mi\u0119dzy nimi prowadzi\u0142 do spektakularnych katastrof politycznych. Kennedy, profesor historii na Uniwersytecie Yale, bada interakcje mi\u0119dzy gospodark\u0105 a strategi\u0105 na przestrzeni ostatnich pi\u0119ciu wiek\u00f3w. Ksi\u0105\u017cka jest mocnym przyczynkiem do debaty nad zakresem, w jakim bogactwo narodowe powinno by\u0107 wykorzystywane do cel\u00f3w wojskowych. &#8211; \u201ePublishers Weekly\u201d Dzi\u0119ki tej wa\u017cnej, m\u0105drej i przejrzystej ksi\u0105\u017cce Paula Kennedy\u2019ego mo\u017cemy dostrzec nasze obecne problemy mi\u0119dzynarodowe na tle historii imperi\u00f3w, kt\u00f3re ju\u017c upad\u0142y, poniewa\u017c nie by\u0142y w stanie ud\u017awign\u0105\u0107 koszt\u00f3w swojej wielko\u015bci. Autor stosuje uniwersaln\u0105 perspektyw\u0119 historyczn\u0105, kt\u00f3rej z pewno\u015bci\u0105 nie powstydzi\u0142by si\u0119 sam Leopold von Ranke. &#8211; James Joll, \u201eThe New York Review of Books\u201d Strategiczno-ekonomiczne podej\u015bcie tworzy nie tylko ramy narracji, lecz tak\u017ce umo\u017cliwia profesorowi Kennedy\u2019emu g\u0142\u0119bsz\u0105 analiz\u0119 kontekst\u00f3w historycznych, w kt\u00f3rych funkcjonowa\u0142y poszczeg\u00f3lne \u201eo\u015brodki w\u0142adzy\u201d [\u2026]. Jednak najwa\u017cniejsza jest [\u2026] nauka, kt\u00f3r\u0105 wyci\u0105ga z pi\u0119ciu wiek\u00f3w pa\u0144stwowo\u015bci i jej prze\u0142o\u017cenie na nasz\u0105 obecn\u0105 sytuacj\u0119. Ostatnia cz\u0119\u015b\u0107 ksi\u0105\u017cki przeznaczona jest dla wszystkich zainteresowanych wsp\u00f3\u0142czesn\u0105 scen\u0105 polityczn\u0105. &#8211; Christopher Lehmann-Haupt, \u201eThe New York Times\u201d Dzie\u0142o w rozmachu podobne do Studium historii Arnolda J. Toynbee\u2019ego. Kiedy tak skrupulatny i wykszta\u0142cony badacz jak Kennedy czuje, \u017ce wsp\u00f3\u0142czesne problemy zmuszaj\u0105 go do ponownego zbadania wielkich proces\u00f3w z przesz\u0142o\u015bci, rezultatem mo\u017ce by\u0107 jedynie pog\u0142\u0119bienie naszego rozumienia historii i \u015bwie\u017ce spojrzenie na problemy czas\u00f3w wsp\u00f3\u0142czesnych. Ta fascynuj\u0105ca ksi\u0105\u017cka mo\u017ce przynie\u015b\u0107 naprawd\u0119 wiele po\u017cytku. &#8211; Michael Howard, \u201eThe New York Times Book Review\u201d Paul Kennedy &#8211; wybitny historyk, autor lub redaktor trzynastu ksi\u0105\u017cek, w tym Preparing for the Twenty-first Century,The Rise of the Anglo-German Antagonism, The Realities Behind Diplomacy, Strategy and Diplomacy i Architekt\u00f3w zwyci\u0119stwa. Jak in\u017cynierowie wygrali drug\u0105 wojn\u0119 \u015bwiatow\u0105. Od 1983 r. profesor historii na Uniwersytecie Yale. Cz\u0142onek Royal Historical Society. Zasiada w radzie redakcyjnej wielu czasopism naukowych i pisze m.in. dla \u201eThe New York Times\u201d, \u201eLos Angeles Times\u201d, \u201eThe Atlantic Monthly\u201d. Odebra\u0142 wykszta\u0142cenie na Uniwersytecie Newcastle i Uniwersytecie Oksfordzkim, by\u0142 te\u017c stypendyst\u0105 Uniwersytetu Princeton oraz Fundacji Alexandra von Humboldta w Bonn.<\/div>\n","protected":false},"excerpt":{"rendered":"<p>Autor: Paul Kennedy T\u0142umacze:\u00a0Ku\u015bnierz Grzegorz Wydawca:\u00a0MT Biznes Oprawa:\u00a0Twarda Format:\u00a015.8&#215;23.3cm Liczba [&hellip;]<\/p>\n","protected":false},"featured_media":21468,"template":"","meta":[],"product_brand":[],"product_cat":[38,7530],"product_tag":[71,495],"class_list":{"0":"post-21467","1":"product","2":"type-product","3":"status-publish","4":"has-post-thumbnail","6":"product_cat-historia","7":"product_cat-nowosci","8":"product_tag-historia","9":"product_tag-polityka","11":"first","12":"instock","13":"sale","14":"shipping-taxable","15":"purchasable","16":"product-type-simple"},"_links":{"self":[{"href":"https:\/\/ksiegarnia-akademicka.pl\/index.php\/wp-json\/wp\/v2\/product\/21467","targetHints":{"allow":["GET"]}}],"collection":[{"href":"https:\/\/ksiegarnia-akademicka.pl\/index.php\/wp-json\/wp\/v2\/product"}],"about":[{"href":"https:\/\/ksiegarnia-akademicka.pl\/index.php\/wp-json\/wp\/v2\/types\/product"}],"wp:featuredmedia":[{"embeddable":true,"href":"https:\/\/ksiegarnia-akademicka.pl\/index.php\/wp-json\/wp\/v2\/media\/21468"}],"wp:attachment":[{"href":"https:\/\/ksiegarnia-akademicka.pl\/index.php\/wp-json\/wp\/v2\/media?parent=21467"}],"wp:term":[{"taxonomy":"product_brand","embeddable":true,"href":"https:\/\/ksiegarnia-akademicka.pl\/index.php\/wp-json\/wp\/v2\/product_brand?post=21467"},{"taxonomy":"product_cat","embeddable":true,"href":"https:\/\/ksiegarnia-akademicka.pl\/index.php\/wp-json\/wp\/v2\/product_cat?post=21467"},{"taxonomy":"product_tag","embeddable":true,"href":"https:\/\/ksiegarnia-akademicka.pl\/index.php\/wp-json\/wp\/v2\/product_tag?post=21467"}],"curies":[{"name":"wp","href":"https:\/\/api.w.org\/{rel}","templated":true}]}}