{"id":21461,"date":"2025-11-17T11:10:43","date_gmt":"2025-11-17T10:10:43","guid":{"rendered":"http:\/\/ksiegarnia-akademicka.pl\/?post_type=product&#038;p=21461"},"modified":"2025-11-17T11:10:43","modified_gmt":"2025-11-17T10:10:43","slug":"swiadczenia-rodzinne-komentarz-3","status":"publish","type":"product","link":"https:\/\/ksiegarnia-akademicka.pl\/index.php\/product\/swiadczenia-rodzinne-komentarz-3\/","title":{"rendered":"\u015awiadczenia rodzinne Komentarz"},"content":{"rendered":"<div class=\"grupa osoby\"><span class=\"meta-head-blue\">Redakcja:<\/span>\u00a0<span class=\"meta-value\">R\u0105czka Piotr<\/span><\/div>\n<div class=\"grupa wydawca\"><span class=\"meta-head\">Wydawca:<\/span>\u00a0Wolters Kluwer<\/div>\n<div class=\"grupa dane\">\n<div>Oprawa:\u00a0<span class=\"meta-value-bold\">Twarda<\/span><\/div>\n<div>Format:\u00a0<span class=\"meta-value-bold\">15.0&#215;21.0cm<\/span><\/div>\n<div>Liczba stron:\u00a0<span class=\"meta-value-bold\">916<\/span><\/div>\n<div>Wydanie:\u00a0<span class=\"meta-value-bold\">2<\/span><\/div>\n<div>Rok wydania:\u00a0<span class=\"meta-value-bold\">2025<\/span><\/div>\n<div>J\u0119zyk wydania:\u00a0<span class=\"meta-value-bold\">polski<\/span><\/div>\n<\/div>\n<div><\/div>\n<div>Komentarz praktyczny do ustawy o \u015bwiadczeniach rodzinnych zawiera kompleksowe informacje na temat tego, jakie \u015bwiadczenia przys\u0142uguj\u0105, kto i kiedy ma do nich prawo, jaka jest ich wysoko\u015b\u0107, na jaki okres s\u0105 przyznawane, kto je wyp\u0142aca, jak ich nie straci\u0107 i kiedy wygasaj\u0105.<\/p>\n<p>Autorzy przeanalizowali zar\u00f3wno przepisy o charakterze materialnoprawnym, jak i procesowym, opieraj\u0105c si\u0119 na orzecznictwie s\u0105d\u00f3w administracyjnych dotycz\u0105cym tytu\u0142owych \u015bwiadcze\u0144.<\/p>\n<p>Ksi\u0105\u017cka uwzgl\u0119dnia najnowsze zmiany dotycz\u0105ce m.in.:<br \/>\n\u2013 utraty i uzyskania dochodu dope\u0142niaj\u0105cego,<br \/>\n\u2013 wysoko\u015bci \u015bwiadczenia piel\u0119gnacyjnego w 2025 r.,<br \/>\n\u2013 wyd\u0142u\u017cenia okresu przys\u0142ugiwania \u015bwiadcze\u0144 rodzicielskich,<br \/>\n\u2013 \u015bwiadcze\u0144 rodzinnych dla cudzoziemc\u00f3w,<br \/>\n\u2013 \u015bwiadcze\u0144 rodzicielskich w razie urodzenia dziecka przez kobiet\u0119 pobieraj\u0105c\u0105 zasi\u0142ek dla bezrobotnych.<\/p>\n<p>Komentarz jest przeznaczony dla praktyk\u00f3w, w szczeg\u00f3lno\u015bci dla pracownik\u00f3w organ\u00f3w administracji publicznej przyznaj\u0105cych i weryfikuj\u0105cych nale\u017cne \u015bwiadczenia rodzinne (w\u00f3jt, burmistrz, prezydent miasta) oraz s\u0119dzi\u00f3w s\u0105d\u00f3w administracyjnych orzekaj\u0105cych w sprawach z zakresu \u015bwiadcze\u0144 rodzinnych, a tak\u017ce radc\u00f3w prawnych i adwokat\u00f3w. Mo\u017ce by\u0107 r\u00f3wnie\u017c u\u017cyteczny dla wszystkich os\u00f3b zainteresowanych problematyk\u0105 szeroko rozumianego prawa pomocy spo\u0142ecznej.<\/p><\/div>\n","protected":false},"excerpt":{"rendered":"<p>Redakcja:\u00a0R\u0105czka Piotr Wydawca:\u00a0Wolters Kluwer Oprawa:\u00a0Twarda Format:\u00a015.0&#215;21.0cm Liczba stron:\u00a0916 Wydanie:\u00a02 Rok [&hellip;]<\/p>\n","protected":false},"featured_media":21462,"template":"","meta":[],"product_brand":[],"product_cat":[7491,7530,18],"product_tag":[4584,4625,7365],"class_list":{"0":"post-21461","1":"product","2":"type-product","3":"status-publish","4":"has-post-thumbnail","6":"product_cat-cywilne","7":"product_cat-nowosci","8":"product_cat-prawo","9":"product_tag-prawo-rodzinne-i-opiekuncze","10":"product_tag-seria-komentarze","11":"product_tag-swiadczenia-rodzinne","13":"first","14":"instock","15":"sale","16":"shipping-taxable","17":"purchasable","18":"product-type-simple"},"_links":{"self":[{"href":"https:\/\/ksiegarnia-akademicka.pl\/index.php\/wp-json\/wp\/v2\/product\/21461","targetHints":{"allow":["GET"]}}],"collection":[{"href":"https:\/\/ksiegarnia-akademicka.pl\/index.php\/wp-json\/wp\/v2\/product"}],"about":[{"href":"https:\/\/ksiegarnia-akademicka.pl\/index.php\/wp-json\/wp\/v2\/types\/product"}],"wp:featuredmedia":[{"embeddable":true,"href":"https:\/\/ksiegarnia-akademicka.pl\/index.php\/wp-json\/wp\/v2\/media\/21462"}],"wp:attachment":[{"href":"https:\/\/ksiegarnia-akademicka.pl\/index.php\/wp-json\/wp\/v2\/media?parent=21461"}],"wp:term":[{"taxonomy":"product_brand","embeddable":true,"href":"https:\/\/ksiegarnia-akademicka.pl\/index.php\/wp-json\/wp\/v2\/product_brand?post=21461"},{"taxonomy":"product_cat","embeddable":true,"href":"https:\/\/ksiegarnia-akademicka.pl\/index.php\/wp-json\/wp\/v2\/product_cat?post=21461"},{"taxonomy":"product_tag","embeddable":true,"href":"https:\/\/ksiegarnia-akademicka.pl\/index.php\/wp-json\/wp\/v2\/product_tag?post=21461"}],"curies":[{"name":"wp","href":"https:\/\/api.w.org\/{rel}","templated":true}]}}