{"id":21452,"date":"2025-11-17T08:38:19","date_gmt":"2025-11-17T07:38:19","guid":{"rendered":"http:\/\/ksiegarnia-akademicka.pl\/?post_type=product&#038;p=21452"},"modified":"2025-11-17T08:38:19","modified_gmt":"2025-11-17T07:38:19","slug":"na-granicy-zycia","status":"publish","type":"product","link":"https:\/\/ksiegarnia-akademicka.pl\/index.php\/product\/na-granicy-zycia\/","title":{"rendered":"Na granicy \u017cycia"},"content":{"rendered":"<div class=\"grupa osoby\"><span class=\"meta-head\">Autor: <\/span>Micha\u0142 Dobro\u0142owicz<\/div>\n<div class=\"grupa wydawca\"><span class=\"meta-head\">Wydawca:<\/span>\u00a0PZWL<\/div>\n<div class=\"grupa dane\">\n<div>Oprawa:\u00a0<span class=\"meta-value-bold\">Mi\u0119kka<\/span><\/div>\n<div>Format:\u00a0<span class=\"meta-value-bold\">14.8&#215;21.0cm<\/span><\/div>\n<div>Liczba stron:\u00a0<span class=\"meta-value-bold\">232<\/span><\/div>\n<div>Wydanie:\u00a0<span class=\"meta-value-bold\">1<\/span><\/div>\n<div>Rok wydania:\u00a0<span class=\"meta-value-bold\">2025<\/span><\/div>\n<div>J\u0119zyk wydania:\u00a0<span class=\"meta-value-bold\">polski<\/span><\/div>\n<\/div>\n<div><\/div>\n<div>Na granicy \u017cycia to zapis wyj\u0105tkowych rozm\u00f3w Micha\u0142a Dobro\u0142owicza z medykami, kt\u00f3rzy na co dzie\u0144 znajduj\u0105 si\u0119 w sytuacjach na granicy pomi\u0119dzy \u017cyciem a \u015bmierci\u0105. Autor oddaje g\u0142os tym, kt\u00f3rzy w szpitalnych salach, gabinetach i w czasie interwencji medycznych obserwuj\u0105 chwile \u201etu\u017c przed\u201d i \u201etu\u017c po\u201d \u2013 momenty, kt\u00f3re dla pacjent\u00f3w i ich bliskich staj\u0105 si\u0119 prze\u0142omowe. To ksi\u0105\u017cka o \u015bmierci, ale przede wszystkim o \u017cyciu \u2013 o tym, jak mo\u017cna je dobrze prze\u017cy\u0107, maj\u0105c \u015bwiadomo\u015b\u0107 jego nieuchronnego ko\u0144ca. Nie znajdziemy tu recept na \u201edobre odej\u015bcie\u201d ani metafizycznych spekulacji o tym, co jest \u201epo drugiej stronie\u201d. Zamiast tego \u2013 konkretne do\u015bwiadczenia lekarzy: onkologa, kardiologa, geriarty, specjalisty medycyny paliatywnej, patomorfologa, piel\u0119gniarza czy m\u0142odych rezydent\u00f3w. To ich refleksje, obserwacje i pytania staj\u0105 si\u0119 punktem wyj\u015bcia do rozmowy o tym, co naprawd\u0119 wa\u017cne. \u201eNa granicy \u017cycia\u201d nie odbiera rado\u015bci, ale uczy, by jej nie traktowa\u0107 jako czego\u015b oczywistego. Pokazuje, \u017ce do \u015bmierci mo\u017cna si\u0119 przygotowa\u0107 \u2013 nie wiedz\u0105c, kiedy nadejdzie \u2013 i \u017ce mo\u017cna j\u0105 oswoi\u0107, traktuj\u0105c \u017cycie jako pe\u0142ny proces: z pocz\u0105tkiem i zako\u0144czeniem. To ksi\u0105\u017cka, kt\u00f3ra nie tyle m\u00f3wi o \u015bmierci, ile zach\u0119ca do uwa\u017cniejszego \u017cycia.<\/div>\n","protected":false},"excerpt":{"rendered":"<p>Autor: Micha\u0142 Dobro\u0142owicz Wydawca:\u00a0PZWL Oprawa:\u00a0Mi\u0119kka Format:\u00a014.8&#215;21.0cm Liczba stron:\u00a0232 Wydanie:\u00a01 Rok [&hellip;]<\/p>\n","protected":false},"featured_media":21453,"template":"","meta":[],"product_brand":[],"product_cat":[8302,7493,7530],"product_tag":[3994,8670,8545],"class_list":{"0":"post-21452","1":"product","2":"type-product","3":"status-publish","4":"has-post-thumbnail","6":"product_cat-inne-medycyna","7":"product_cat-medycyna","8":"product_cat-nowosci","9":"product_tag-medycyna","10":"product_tag-smierc","11":"product_tag-zaloba","13":"first","14":"instock","15":"sale","16":"shipping-taxable","17":"purchasable","18":"product-type-simple"},"_links":{"self":[{"href":"https:\/\/ksiegarnia-akademicka.pl\/index.php\/wp-json\/wp\/v2\/product\/21452","targetHints":{"allow":["GET"]}}],"collection":[{"href":"https:\/\/ksiegarnia-akademicka.pl\/index.php\/wp-json\/wp\/v2\/product"}],"about":[{"href":"https:\/\/ksiegarnia-akademicka.pl\/index.php\/wp-json\/wp\/v2\/types\/product"}],"wp:featuredmedia":[{"embeddable":true,"href":"https:\/\/ksiegarnia-akademicka.pl\/index.php\/wp-json\/wp\/v2\/media\/21453"}],"wp:attachment":[{"href":"https:\/\/ksiegarnia-akademicka.pl\/index.php\/wp-json\/wp\/v2\/media?parent=21452"}],"wp:term":[{"taxonomy":"product_brand","embeddable":true,"href":"https:\/\/ksiegarnia-akademicka.pl\/index.php\/wp-json\/wp\/v2\/product_brand?post=21452"},{"taxonomy":"product_cat","embeddable":true,"href":"https:\/\/ksiegarnia-akademicka.pl\/index.php\/wp-json\/wp\/v2\/product_cat?post=21452"},{"taxonomy":"product_tag","embeddable":true,"href":"https:\/\/ksiegarnia-akademicka.pl\/index.php\/wp-json\/wp\/v2\/product_tag?post=21452"}],"curies":[{"name":"wp","href":"https:\/\/api.w.org\/{rel}","templated":true}]}}