{"id":21416,"date":"2025-11-15T09:42:31","date_gmt":"2025-11-15T08:42:31","guid":{"rendered":"http:\/\/ksiegarnia-akademicka.pl\/?post_type=product&#038;p=21416"},"modified":"2026-03-03T13:42:03","modified_gmt":"2026-03-03T12:42:03","slug":"fundacja-rodzinna-ujecie-prawne-i-podatkowe-komentarz","status":"publish","type":"product","link":"https:\/\/ksiegarnia-akademicka.pl\/index.php\/product\/fundacja-rodzinna-ujecie-prawne-i-podatkowe-komentarz\/","title":{"rendered":"Fundacja rodzinna Uj\u0119cie prawne i podatkowe Komentarz"},"content":{"rendered":"<div class=\"grupa osoby\"><span class=\"meta-head\">Autor: <\/span>Jacek Paw\u0142owski, Katarzyna Karpiuk<\/div>\n<div class=\"grupa wydawca\"><span class=\"meta-head\">Wydawca:<\/span>\u00a0Wolters Kluwer<\/div>\n<div class=\"grupa dane\">\n<div>Oprawa:\u00a0<span class=\"meta-value-bold\">Mi\u0119kka<\/span><\/div>\n<div>Liczba stron:\u00a0<span class=\"meta-value-bold\">384<\/span><\/div>\n<div>Wydanie:\u00a0<span class=\"meta-value-bold\">1<\/span><\/div>\n<div>Rok wydania:\u00a0<span class=\"meta-value-bold\">2025<\/span><\/div>\n<div>J\u0119zyk wydania:\u00a0<span class=\"meta-value-bold\">polski<\/span><\/div>\n<\/div>\n<div><\/div>\n<div>Publikacja stanowi praktyczny komentarz do ustawy o fundacji rodzinnej, kt\u00f3ry jako jedyny na rynku zawiera syntetyczny opis nie tylko prawnych, lecz tak\u017ce podatkowych przepis\u00f3w dotycz\u0105cych funkcjonowania tych fundacji. Zosta\u0142 przygotowany przez lider\u00f3w rynku w zakresie doradztwa sukcesyjnego, w tym przez wsp\u00f3\u0142autork\u0119 pierwszego projektu tej ustawy. Uwzgl\u0119dnia bie\u017c\u0105ce orzecznictwo s\u0105d\u00f3w oraz praktyk\u0119 orzecznicz\u0105 organ\u00f3w skarbowych wp\u0142ywaj\u0105cych w istotny spos\u00f3b na funkcjonowanie fundacji rodzinnych.<\/p>\n<p>Autorzy komentarza maj\u0105 do\u015bwiadczenie w wypracowywaniu i wdra\u017caniu rozwi\u0105za\u0144 sukcesyjnych dla polskich firm rodzinnych, prywatnych inwestor\u00f3w oraz topowych mened\u017cer\u00f3w. W opracowaniu kompleksowo omawiaj\u0105 regulacje prawno-podatkowe przydatne zar\u00f3wno na etapie ustanowienia fundacji, zasilenia ich w aktywa, jak i bie\u017c\u0105cego funkcjonowania, obejmuj\u0105cego spe\u0142nianie \u015bwiadcze\u0144 na rzecz beneficjent\u00f3w, budowanie portfela inwestycyjnego czy zbywanie aktyw\u00f3w fundacji. Na przestrzeni ostatnich dw\u00f3ch lat byli zaanga\u017cowani w kilkadziesi\u0105t projekt\u00f3w sukcesyjnych opartych o polskie fundacje rodzinne, za\u015b przed wej\u015bciem w \u017cycie ustawy wspierali polskich przedsi\u0119biorc\u00f3w w tworzeniu i prowadzeniu zagranicznych fundacji rodzinnych.<\/p>\n<p>Ksi\u0105\u017cka jest przeznaczona dla prawnik\u00f3w praktyk\u00f3w, w tym notariuszy, doradc\u00f3w podatkowych, pracownik\u00f3w administracji rz\u0105dowej i samorz\u0105dowej, ksi\u0119gowych, a tak\u017ce fundator\u00f3w, beneficjent\u00f3w oraz cz\u0142onk\u00f3w zarz\u0105d\u00f3w i rad nadzorczych fundacji rodzinnych.<\/p><\/div>\n","protected":false},"excerpt":{"rendered":"<p>Autor: Jacek Paw\u0142owski, Katarzyna Karpiuk Wydawca:\u00a0Wolters Kluwer Oprawa:\u00a0Mi\u0119kka Liczba stron:\u00a0384 [&hellip;]<\/p>\n","protected":false},"featured_media":21417,"template":"","meta":[],"product_brand":[],"product_cat":[7491,22,18],"product_tag":[8456,615,1055,4603],"class_list":{"0":"post-21416","1":"product","2":"type-product","3":"status-publish","4":"has-post-thumbnail","6":"product_cat-cywilne","7":"product_cat-podatki-i-prawo-podatkowe","8":"product_cat-prawo","9":"product_tag-fundacja-rodzinna","10":"product_tag-prawo-cywilne","11":"product_tag-prawo-podatkowe","12":"product_tag-seria-komentarze-praktyczne","14":"first","15":"instock","16":"sale","17":"shipping-taxable","18":"purchasable","19":"product-type-simple"},"_links":{"self":[{"href":"https:\/\/ksiegarnia-akademicka.pl\/index.php\/wp-json\/wp\/v2\/product\/21416","targetHints":{"allow":["GET"]}}],"collection":[{"href":"https:\/\/ksiegarnia-akademicka.pl\/index.php\/wp-json\/wp\/v2\/product"}],"about":[{"href":"https:\/\/ksiegarnia-akademicka.pl\/index.php\/wp-json\/wp\/v2\/types\/product"}],"wp:featuredmedia":[{"embeddable":true,"href":"https:\/\/ksiegarnia-akademicka.pl\/index.php\/wp-json\/wp\/v2\/media\/21417"}],"wp:attachment":[{"href":"https:\/\/ksiegarnia-akademicka.pl\/index.php\/wp-json\/wp\/v2\/media?parent=21416"}],"wp:term":[{"taxonomy":"product_brand","embeddable":true,"href":"https:\/\/ksiegarnia-akademicka.pl\/index.php\/wp-json\/wp\/v2\/product_brand?post=21416"},{"taxonomy":"product_cat","embeddable":true,"href":"https:\/\/ksiegarnia-akademicka.pl\/index.php\/wp-json\/wp\/v2\/product_cat?post=21416"},{"taxonomy":"product_tag","embeddable":true,"href":"https:\/\/ksiegarnia-akademicka.pl\/index.php\/wp-json\/wp\/v2\/product_tag?post=21416"}],"curies":[{"name":"wp","href":"https:\/\/api.w.org\/{rel}","templated":true}]}}